{"id":2577,"date":"2022-05-10T10:09:28","date_gmt":"2022-05-10T02:09:28","guid":{"rendered":"https:\/\/fayshing.com\/?post_type=product&#038;p=2577"},"modified":"2025-08-08T09:33:34","modified_gmt":"2025-08-08T01:33:34","slug":"fayshing-large-size-surface-mounted-chest-ring-pull-handle-fs-2060","status":"publish","type":"product","link":"https:\/\/fayshing.com\/fr-fr\/product\/fayshing-large-size-surface-mounted-chest-ring-pull-handle-fs-2060\/","title":{"rendered":"Fayshing \u2013 poign\u00e9e de traction pour anneau de poitrine, grande taille, mont\u00e9e en Surface, FS-2060"},"content":{"rendered":"<p><strong>Fayshing \u2013 poign\u00e9e de traction pour anneau de poitrine, grande taille, mont\u00e9e en Surface, FS-2060<\/strong><\/p>\n<p>Large application : Largement utilis\u00e9 pour les meubles de maison, tels que les armoires, les portes de placard, les commodes, les tiroirs, les coffres, les bo\u00eetes, etc.<\/p>\n<hr \/>\n<p><strong>Description :<\/strong><\/p>\n<ul>\n<li>Fabriqu\u00e9 en acier inoxydable de bonne qualit\u00e9 avec une finition par pulv\u00e9risation de peinture, lisse sans bavures, durable pour une utilisation \u00e0 long terme.<\/li>\n<li>Les poign\u00e9es de tirage de style moderne conviennent parfaitement \u00e0 l'installation sur le c\u00f4t\u00e9 ou le dessus de la bo\u00eete pour en faciliter le d\u00e9placement ou l'utilisation.<\/li>\n<\/ul>\n<hr \/>\n<p><strong>Note :<\/strong><\/p>\n<ul>\n<li>En raison de la mesure manuelle, autorisez un \u00e9cart de 1 \u00e0 3 mm. La couleur peut \u00eatre diff\u00e9rente en raison de la diff\u00e9rence d&#039;affichage, veuillez comprendre.<\/li>\n<li>Si le produit que vous recevez pr\u00e9sente un probl\u00e8me, ne vous inqui\u00e9tez pas. Contactez-nous et nous vous proposerons une solution satisfaisante. N&#039;h\u00e9sitez pas \u00e0 nous contacter si vous avez des questions. Nous serons l\u00e0 pour vous tout le temps.<\/li>\n<\/ul>","protected":false},"excerpt":{"rendered":"<p>Parfait pour soutenir les armoires, les bo\u00eetes, les coffres, etc.<\/p>","protected":false},"featured_media":2913,"comment_status":"open","ping_status":"closed","template":"","meta":{"_acf_changed":false},"product_brand":[],"product_cat":[108,122],"product_tag":[],"class_list":{"0":"post-2577","1":"product","2":"type-product","3":"status-publish","4":"has-post-thumbnail","6":"product_cat-handles","7":"product_cat-chest-handles","8":"pa_application-cabinet-closet-door-dresser-drawer","9":"pa_delivery-time-please-contact-sales-staff","10":"pa_material-cold-plate-iron-wire","11":"pa_surface-treatment-chrome","12":"description-off","14":"first","15":"instock","16":"shipping-taxable","17":"product-type-simple"},"acf":[],"_links":{"self":[{"href":"https:\/\/fayshing.com\/fr-fr\/wp-json\/wp\/v2\/product\/2577","targetHints":{"allow":["GET"]}}],"collection":[{"href":"https:\/\/fayshing.com\/fr-fr\/wp-json\/wp\/v2\/product"}],"about":[{"href":"https:\/\/fayshing.com\/fr-fr\/wp-json\/wp\/v2\/types\/product"}],"replies":[{"embeddable":true,"href":"https:\/\/fayshing.com\/fr-fr\/wp-json\/wp\/v2\/comments?post=2577"}],"wp:featuredmedia":[{"embeddable":true,"href":"https:\/\/fayshing.com\/fr-fr\/wp-json\/wp\/v2\/media\/2913"}],"wp:attachment":[{"href":"https:\/\/fayshing.com\/fr-fr\/wp-json\/wp\/v2\/media?parent=2577"}],"wp:term":[{"taxonomy":"product_brand","embeddable":true,"href":"https:\/\/fayshing.com\/fr-fr\/wp-json\/wp\/v2\/product_brand?post=2577"},{"taxonomy":"product_cat","embeddable":true,"href":"https:\/\/fayshing.com\/fr-fr\/wp-json\/wp\/v2\/product_cat?post=2577"},{"taxonomy":"product_tag","embeddable":true,"href":"https:\/\/fayshing.com\/fr-fr\/wp-json\/wp\/v2\/product_tag?post=2577"}],"curies":[{"name":"wp","href":"https:\/\/api.w.org\/{rel}","templated":true}]}}