{"id":2575,"date":"2022-05-09T17:32:59","date_gmt":"2022-05-09T09:32:59","guid":{"rendered":"https:\/\/fayshing.com\/?post_type=product&#038;p=2575"},"modified":"2025-08-08T14:21:29","modified_gmt":"2025-08-08T06:21:29","slug":"fayshing-stretchable-length-travel-luggage-telescopic-handle-replacement-spare-part-suitcase-pull-drag-rod-fs-th-006","status":"publish","type":"product","link":"https:\/\/fayshing.com\/fr-fr\/product\/fayshing-stretchable-length-travel-luggage-telescopic-handle-replacement-spare-part-suitcase-pull-drag-rod-fs-th-006\/","title":{"rendered":"Fayshing longueur extensible bagages de voyage poign\u00e9e t\u00e9lescopique pi\u00e8ce de rechange de rechange valise tirer tige de tra\u00een\u00e9e FS-D007"},"content":{"rendered":"<p><strong>Fayshing longueur extensible bagages de voyage poign\u00e9e t\u00e9lescopique pi\u00e8ce de rechange de rechange valise tirer tige de tra\u00een\u00e9e FS-D007<\/strong><\/p>\n<p>Large application : largement utilis\u00e9 dans les bagages, valises, caisses en bois, etc.<\/p>\n<hr \/>\n<p><strong>Description :<\/strong><\/p>\n<ul>\n<li>R\u00e9sistant \u00e0 l&#039;usure, adapt\u00e9 \u00e0 l&#039;utilisation d&#039;un coffre \u00e0 bagages ordinaire et n\u00e9cessite une forte capacit\u00e9 en bricolage.<\/li>\n<li>Construction durable et robuste, conception robuste et l\u00e9g\u00e8re.<\/li>\n<\/ul>\n<hr \/>\n<p><strong>Note :<\/strong><\/p>\n<ul>\n<li>En raison de la mesure manuelle, autorisez un \u00e9cart de 1 \u00e0 3 mm. La couleur peut \u00eatre diff\u00e9rente en raison de la diff\u00e9rence d&#039;affichage, veuillez comprendre.<\/li>\n<li>Si le produit que vous recevez pr\u00e9sente un probl\u00e8me, ne vous inqui\u00e9tez pas. Contactez-nous et nous vous proposerons une solution satisfaisante. N&#039;h\u00e9sitez pas \u00e0 nous contacter si vous avez des questions. Nous serons l\u00e0 pour vous tout le temps.<\/li>\n<\/ul>","protected":false},"excerpt":{"rendered":"<p>Fonctionne parfaitement pour une tige de poign\u00e9e extractible de remplacement pour vos bagages.<\/p>","protected":false},"featured_media":3629,"comment_status":"closed","ping_status":"closed","template":"","meta":{"_acf_changed":false},"product_brand":[],"product_cat":[108,125],"product_tag":[],"class_list":{"0":"post-2575","1":"product","2":"type-product","3":"status-publish","4":"has-post-thumbnail","6":"product_cat-handles","7":"product_cat-pull-out-handles","8":"pa_application-luggage-suitcase-wooden-case","9":"pa_delivery-time-please-contact-sales-staff","10":"pa_material-cold-plate-iron-wire","11":"pa_surface-treatment-golden","12":"description-off","14":"first","15":"instock","16":"shipping-taxable","17":"product-type-simple"},"acf":[],"_links":{"self":[{"href":"https:\/\/fayshing.com\/fr-fr\/wp-json\/wp\/v2\/product\/2575","targetHints":{"allow":["GET"]}}],"collection":[{"href":"https:\/\/fayshing.com\/fr-fr\/wp-json\/wp\/v2\/product"}],"about":[{"href":"https:\/\/fayshing.com\/fr-fr\/wp-json\/wp\/v2\/types\/product"}],"replies":[{"embeddable":true,"href":"https:\/\/fayshing.com\/fr-fr\/wp-json\/wp\/v2\/comments?post=2575"}],"wp:featuredmedia":[{"embeddable":true,"href":"https:\/\/fayshing.com\/fr-fr\/wp-json\/wp\/v2\/media\/3629"}],"wp:attachment":[{"href":"https:\/\/fayshing.com\/fr-fr\/wp-json\/wp\/v2\/media?parent=2575"}],"wp:term":[{"taxonomy":"product_brand","embeddable":true,"href":"https:\/\/fayshing.com\/fr-fr\/wp-json\/wp\/v2\/product_brand?post=2575"},{"taxonomy":"product_cat","embeddable":true,"href":"https:\/\/fayshing.com\/fr-fr\/wp-json\/wp\/v2\/product_cat?post=2575"},{"taxonomy":"product_tag","embeddable":true,"href":"https:\/\/fayshing.com\/fr-fr\/wp-json\/wp\/v2\/product_tag?post=2575"}],"curies":[{"name":"wp","href":"https:\/\/api.w.org\/{rel}","templated":true}]}}