{"id":2574,"date":"2022-05-09T17:24:57","date_gmt":"2022-05-09T09:24:57","guid":{"rendered":"https:\/\/fayshing.com\/?post_type=product&#038;p=2574"},"modified":"2025-08-08T14:26:17","modified_gmt":"2025-08-08T06:26:17","slug":"fayshing-travel-suitcase-telescopic-handle-spare-parts-suitcase-pull-drag-rod-fs-th-002","status":"publish","type":"product","link":"https:\/\/fayshing.com\/fr-fr\/product\/fayshing-travel-suitcase-telescopic-handle-spare-parts-suitcase-pull-drag-rod-fs-th-002\/","title":{"rendered":"Fayshing valise de voyage poign\u00e9e t\u00e9lescopique pi\u00e8ces de rechange valise tirer tige de tra\u00een\u00e9e FS-D003"},"content":{"rendered":"<p><strong>Fayshing Travel Suitcase Telescopic Handle Spare Parts Suitcase Pull Drag Rod FS-FS-D003<\/strong><\/p>\n<p>Large application : largement utilis\u00e9 dans les bagages, valises, caisses en bois, etc.<\/p>\n<hr \/>\n<p><strong>Description :<\/strong><\/p>\n<ul>\n<li>Vous pouvez facilement remplacer la poign\u00e9e t\u00e9lescopique de la glaci\u00e8re. La grande compatibilit\u00e9 de ces pi\u00e8ces vous permet de les utiliser et de les installer rapidement, sans achats fastidieux, et vous pouvez les conserver comme pi\u00e8ces de rechange.<\/li>\n<li>Il est assez facile de l'enclencher en place. Correspondance parfaite et bon choix pour le remplacement direct des pi\u00e8ces d'origine et la r\u00e9paration des sympt\u00f4mes suivants : poign\u00e9e coinc\u00e9e, poign\u00e9e t\u00e9lescopique cass\u00e9e. La qualit\u00e9 d\u00e9passe les exigences de l'OEM.<\/li>\n<\/ul>\n<hr \/>\n<p><strong>Note :<\/strong><\/p>\n<ul>\n<li>En raison de la mesure manuelle, autorisez un \u00e9cart de 1 \u00e0 3 mm. La couleur peut \u00eatre diff\u00e9rente en raison de la diff\u00e9rence d&#039;affichage, veuillez comprendre.<\/li>\n<li>Si le produit que vous recevez pr\u00e9sente un probl\u00e8me, ne vous inqui\u00e9tez pas. Contactez-nous et nous vous proposerons une solution satisfaisante. N&#039;h\u00e9sitez pas \u00e0 nous contacter si vous avez des questions. Nous serons l\u00e0 pour vous tout le temps.<\/li>\n<\/ul>","protected":false},"excerpt":{"rendered":"<p>Fonctionne parfaitement pour une tige de poign\u00e9e extractible de remplacement pour vos bagages.<\/p>","protected":false},"featured_media":3632,"comment_status":"closed","ping_status":"closed","template":"","meta":{"_acf_changed":false},"product_brand":[],"product_cat":[108,125],"product_tag":[],"class_list":{"0":"post-2574","1":"product","2":"type-product","3":"status-publish","4":"has-post-thumbnail","6":"product_cat-handles","7":"product_cat-pull-out-handles","8":"pa_application-luggage-suitcase-wooden-case","9":"pa_delivery-time-please-contact-sales-staff","10":"pa_material-cold-plate-iron-wire","11":"pa_surface-treatment-golden","12":"description-off","14":"first","15":"instock","16":"shipping-taxable","17":"product-type-simple"},"acf":[],"_links":{"self":[{"href":"https:\/\/fayshing.com\/fr-fr\/wp-json\/wp\/v2\/product\/2574","targetHints":{"allow":["GET"]}}],"collection":[{"href":"https:\/\/fayshing.com\/fr-fr\/wp-json\/wp\/v2\/product"}],"about":[{"href":"https:\/\/fayshing.com\/fr-fr\/wp-json\/wp\/v2\/types\/product"}],"replies":[{"embeddable":true,"href":"https:\/\/fayshing.com\/fr-fr\/wp-json\/wp\/v2\/comments?post=2574"}],"wp:featuredmedia":[{"embeddable":true,"href":"https:\/\/fayshing.com\/fr-fr\/wp-json\/wp\/v2\/media\/3632"}],"wp:attachment":[{"href":"https:\/\/fayshing.com\/fr-fr\/wp-json\/wp\/v2\/media?parent=2574"}],"wp:term":[{"taxonomy":"product_brand","embeddable":true,"href":"https:\/\/fayshing.com\/fr-fr\/wp-json\/wp\/v2\/product_brand?post=2574"},{"taxonomy":"product_cat","embeddable":true,"href":"https:\/\/fayshing.com\/fr-fr\/wp-json\/wp\/v2\/product_cat?post=2574"},{"taxonomy":"product_tag","embeddable":true,"href":"https:\/\/fayshing.com\/fr-fr\/wp-json\/wp\/v2\/product_tag?post=2574"}],"curies":[{"name":"wp","href":"https:\/\/api.w.org\/{rel}","templated":true}]}}