{"id":2572,"date":"2022-05-09T16:42:30","date_gmt":"2022-05-09T08:42:30","guid":{"rendered":"https:\/\/fayshing.com\/?post_type=product&#038;p=2572"},"modified":"2025-08-07T17:10:09","modified_gmt":"2025-08-07T09:10:09","slug":"72x68mm-new-design-lock-head-surface-mount-butterfly-twist-latch-and-keeper-fs-1131","status":"publish","type":"product","link":"https:\/\/fayshing.com\/fr-fr\/product\/72x68mm-new-design-lock-head-surface-mount-butterfly-twist-latch-and-keeper-fs-1131\/","title":{"rendered":"Loquet papillon moyen sans plat sans gardien FS-1131"},"content":{"rendered":"<p data-start=\"123\" data-end=\"444\">Le <strong data-start=\"127\" data-end=\"154\">FS-1131 Loquet papillon<\/strong> offre une solution propre et efficace pour s\u00e9curiser les panneaux, les couvercles ou les points d'acc\u00e8s dans les coffrets et les armoires. En tant que <strong data-start=\"267\" data-end=\"314\">loquet papillon de taille moyenne<\/strong> Il est id\u00e9al pour les applications qui ne requi\u00e8rent pas de plat affleurant ou de gardien, ce qui permet de conserver un design minimal et fonctionnel.<\/p>\n<p data-start=\"446\" data-end=\"757\">Fabriqu\u00e9 \u00e0 partir de <strong data-start=\"463\" data-end=\"489\">acier et fer durables<\/strong>et a termin\u00e9 en <strong data-start=\"507\" data-end=\"517\">chrome<\/strong>Ce loquet offre \u00e0 la fois une r\u00e9sistance \u00e0 la corrosion et un aspect professionnel. Les <strong data-start=\"598\" data-end=\"614\">non verrouillable<\/strong> assure un acc\u00e8s rapide et facile, ce qui le rend id\u00e9al pour les bo\u00eetiers d'\u00e9quipement portables, les enceintes, les bo\u00eetes \u00e0 outils ou les conteneurs sur mesure.<\/p>\n<p data-start=\"759\" data-end=\"776\"><strong data-start=\"759\" data-end=\"776\">Caract\u00e9ristiques principales :<\/strong><\/p>\n<ul data-start=\"777\" data-end=\"1041\">\n<li data-start=\"777\" data-end=\"802\">\n<p data-start=\"779\" data-end=\"802\">Code produit : FS-1131<\/p>\n<\/li>\n<li data-start=\"803\" data-end=\"851\">\n<p data-start=\"805\" data-end=\"851\">Type de produit : Catches \/ Twist Latch Hardware<\/p>\n<\/li>\n<li data-start=\"852\" data-end=\"898\">\n<p data-start=\"854\" data-end=\"898\">Type : Loquet papillon (pas de plat, pas de gardien)<\/p>\n<\/li>\n<li data-start=\"899\" data-end=\"925\">\n<p data-start=\"901\" data-end=\"925\">Mat\u00e9riau : Acier et fer<\/p>\n<\/li>\n<li data-start=\"926\" data-end=\"959\">\n<p data-start=\"928\" data-end=\"959\">Finition de la surface : Chrom\u00e9<\/p>\n<\/li>\n<li data-start=\"960\" data-end=\"1004\">\n<p data-start=\"962\" data-end=\"1004\">Verrouillable : Non - acc\u00e8s rapide sans cl\u00e9<\/p>\n<\/li>\n<li data-start=\"1005\" data-end=\"1041\">\n<p data-start=\"1007\" data-end=\"1041\">Taille moyenne - compacte mais solide<\/p>\n<\/li>\n<\/ul>\n<p data-start=\"1043\" data-end=\"1220\">Que vous conceviez un flight case ou que vous construisiez une unit\u00e9 de stockage pr\u00eate \u00e0 l'emploi, la <strong data-start=\"1125\" data-end=\"1167\">FS-1131 - Quincaillerie pour loquet papillon \u00e0 torsion<\/strong> offre des performances fiables et une installation facile.<\/p>","protected":false},"excerpt":{"rendered":"<ul>\n<li><strong>Type de produit:\u00a0 <\/strong>Captures\u00a0;<\/li>\n<li><strong>Taper:<\/strong>Loquets papillon\u00a0;<\/li>\n<li><strong>Mat\u00e9riel:<\/strong>Acier, fer \uff1b<\/li>\n<li><strong>Surface:\u00a0 <\/strong>Chrome;<\/li>\n<li><strong>Verrouillable\u00a0: <\/strong>Non;<\/li>\n<\/ul>","protected":false},"featured_media":2916,"comment_status":"closed","ping_status":"closed","template":"","meta":{"_acf_changed":false},"product_brand":[],"product_cat":[117],"product_tag":[],"class_list":{"0":"post-2572","1":"product","2":"type-product","3":"status-publish","4":"has-post-thumbnail","6":"product_cat-surface-mount-twist-latches","7":"pa_material-steel","8":"pa_surface-treatment-black","9":"pa_surface-treatment-blue-zinc","10":"pa_surface-treatment-chrome","11":"description-off","13":"first","14":"instock","15":"shipping-taxable","16":"product-type-simple"},"acf":[],"_links":{"self":[{"href":"https:\/\/fayshing.com\/fr-fr\/wp-json\/wp\/v2\/product\/2572","targetHints":{"allow":["GET"]}}],"collection":[{"href":"https:\/\/fayshing.com\/fr-fr\/wp-json\/wp\/v2\/product"}],"about":[{"href":"https:\/\/fayshing.com\/fr-fr\/wp-json\/wp\/v2\/types\/product"}],"replies":[{"embeddable":true,"href":"https:\/\/fayshing.com\/fr-fr\/wp-json\/wp\/v2\/comments?post=2572"}],"wp:featuredmedia":[{"embeddable":true,"href":"https:\/\/fayshing.com\/fr-fr\/wp-json\/wp\/v2\/media\/2916"}],"wp:attachment":[{"href":"https:\/\/fayshing.com\/fr-fr\/wp-json\/wp\/v2\/media?parent=2572"}],"wp:term":[{"taxonomy":"product_brand","embeddable":true,"href":"https:\/\/fayshing.com\/fr-fr\/wp-json\/wp\/v2\/product_brand?post=2572"},{"taxonomy":"product_cat","embeddable":true,"href":"https:\/\/fayshing.com\/fr-fr\/wp-json\/wp\/v2\/product_cat?post=2572"},{"taxonomy":"product_tag","embeddable":true,"href":"https:\/\/fayshing.com\/fr-fr\/wp-json\/wp\/v2\/product_tag?post=2572"}],"curies":[{"name":"wp","href":"https:\/\/api.w.org\/{rel}","templated":true}]}}