{"id":2567,"date":"2022-05-09T16:20:09","date_gmt":"2022-05-09T08:20:09","guid":{"rendered":"https:\/\/fayshing.com\/?post_type=product&#038;p=2567"},"modified":"2025-04-28T09:00:57","modified_gmt":"2025-04-28T01:00:57","slug":"56x39mm-stainless-steel-padlockable-surface-mount-butterfly-twist-latch-and-keeper-fs-1130","status":"publish","type":"product","link":"https:\/\/fayshing.com\/fr-fr\/product\/56x39mm-stainless-steel-padlockable-surface-mount-butterfly-twist-latch-and-keeper-fs-1130\/","title":{"rendered":"Loquet et support cadenassables \u00e0 torsion papillon \u00e0 montage en surface en acier inoxydable FS1130"},"content":{"rendered":"<p>\u3010Dimension\u3011 : 56 \u00d7 39 \u00d7 17mm (L \u00d7 L \u00d7 H)<br \/>\n\u3010Haute qualit\u00e9\u3011 : Fabriqu\u00e9 en acier inoxydable 304, il est durable, stable et r\u00e9sistant \u00e0 la rouille.<br \/>\n\u3010Wide Application\u3011 : Il peut \u00eatre largement utilis\u00e9 dans les flight cases, les mallettes multifonctions, les bo\u00eetes en bois, etc.<br \/>\n\u3010Utilisation facile\u3011 : le loquet avec une action de torsion tr\u00e8s douce, il suffit de mettre les attaches verrouill\u00e9es \u00e0 plat sur le bo\u00eetier et de verrouiller l&#039;aile.<br \/>\n\u3010Caract\u00e9ristiques\u3011 : le loquet pr\u00e9sente les caract\u00e9ristiques d&#039;une grande force de traction, d&#039;une charge de travail lourde, d&#039;une utilisation facile, d&#039;une r\u00e9sistance aux chocs, etc., ce qui peut garantir une prise ferme sans glisser.<\/p>","protected":false},"excerpt":{"rendered":"<ul>\n<li><strong>Type de produit:\u00a0<\/strong>Captures\u00a0;<\/li>\n<li><strong>Taper:<\/strong>Loquets papillon\u00a0;<\/li>\n<li><strong>Mat\u00e9riel:<\/strong>Acier inoxydable<\/li>\n<li><strong>Surface:\u00a0<\/strong>Chrome;<\/li>\n<li><strong>Verrouillable\u00a0:<\/strong>Oui ;<\/li>\n<\/ul>","protected":false},"featured_media":2920,"comment_status":"closed","ping_status":"closed","template":"","meta":{"_acf_changed":false},"product_brand":[],"product_cat":[117],"product_tag":[],"class_list":{"0":"post-2567","1":"product","2":"type-product","3":"status-publish","4":"has-post-thumbnail","6":"product_cat-surface-mount-twist-latches","7":"pa_material-steel","8":"pa_surface-treatment-black","9":"pa_surface-treatment-blue-zinc","10":"pa_surface-treatment-chrome","11":"description-off","13":"first","14":"instock","15":"shipping-taxable","16":"product-type-simple"},"acf":[],"_links":{"self":[{"href":"https:\/\/fayshing.com\/fr-fr\/wp-json\/wp\/v2\/product\/2567","targetHints":{"allow":["GET"]}}],"collection":[{"href":"https:\/\/fayshing.com\/fr-fr\/wp-json\/wp\/v2\/product"}],"about":[{"href":"https:\/\/fayshing.com\/fr-fr\/wp-json\/wp\/v2\/types\/product"}],"replies":[{"embeddable":true,"href":"https:\/\/fayshing.com\/fr-fr\/wp-json\/wp\/v2\/comments?post=2567"}],"wp:featuredmedia":[{"embeddable":true,"href":"https:\/\/fayshing.com\/fr-fr\/wp-json\/wp\/v2\/media\/2920"}],"wp:attachment":[{"href":"https:\/\/fayshing.com\/fr-fr\/wp-json\/wp\/v2\/media?parent=2567"}],"wp:term":[{"taxonomy":"product_brand","embeddable":true,"href":"https:\/\/fayshing.com\/fr-fr\/wp-json\/wp\/v2\/product_brand?post=2567"},{"taxonomy":"product_cat","embeddable":true,"href":"https:\/\/fayshing.com\/fr-fr\/wp-json\/wp\/v2\/product_cat?post=2567"},{"taxonomy":"product_tag","embeddable":true,"href":"https:\/\/fayshing.com\/fr-fr\/wp-json\/wp\/v2\/product_tag?post=2567"}],"curies":[{"name":"wp","href":"https:\/\/api.w.org\/{rel}","templated":true}]}}