{"id":2564,"date":"2022-05-09T16:09:18","date_gmt":"2022-05-09T08:09:18","guid":{"rendered":"https:\/\/fayshing.com\/?post_type=product&#038;p=2564"},"modified":"2025-08-07T16:59:54","modified_gmt":"2025-08-07T08:59:54","slug":"110x83mm-spring-loaded-surface-mount-twist-latch-and-keeper-with-captive-body-fs-1128","status":"publish","type":"product","link":"https:\/\/fayshing.com\/fr-fr\/product\/110x83mm-spring-loaded-surface-mount-twist-latch-and-keeper-with-captive-body-fs-1128\/","title":{"rendered":"Loquet tournant et support \u00e0 ressort \u00e0 montage en surface avec corps captif FS1128"},"content":{"rendered":"<p>\u3010Dimension\u3011 : 110 \u00d7 83 \u00d7 20mm (L \u00d7 L \u00d7 H)<br \/>\n\u3010Haute qualit\u00e9\u3011 : fabriqu\u00e9 en fer, avec une duret\u00e9 \u00e9lev\u00e9e et une r\u00e9sistance \u00e0 l&#039;usure, ce qui le rend plus durable, anti-corrosion et anti-oxydation.<br \/>\nLarge application : il peut \u00eatre largement utilis\u00e9 dans les flight cases, les valises multifonctions, les caisses en bois, les bo\u00eetes d&#039;\u00e9quipement, etc.<br \/>\n\u3010Utilisation facile\u3011 : le loquet avec une action de torsion tr\u00e8s douce, il suffit de mettre les attaches verrouill\u00e9es \u00e0 plat sur le bo\u00eetier et de verrouiller l&#039;aile.<br \/>\n\u3010Caract\u00e9ristiques\u3011 : le loquet pr\u00e9sente les caract\u00e9ristiques d&#039;une grande force de traction, d&#039;une charge de travail lourde, d&#039;une utilisation facile, d&#039;une r\u00e9sistance aux chocs, etc., ce qui peut garantir une prise ferme sans glisser.<\/p>","protected":false},"excerpt":{"rendered":"<ul>\n<li><strong>Type de produit:\u00a0<\/strong>Captures\u00a0;<\/li>\n<li><strong>Taper:<\/strong>Loquets papillon\u00a0;<\/li>\n<li><strong>Mat\u00e9riel:<\/strong>Acier, fer \uff1b<\/li>\n<li><strong>Surface:\u00a0<\/strong>Chrome;<\/li>\n<li><strong>Verrouillable\u00a0:<\/strong>Non;<\/li>\n<\/ul>","protected":false},"featured_media":2924,"comment_status":"closed","ping_status":"closed","template":"","meta":{"_acf_changed":false},"product_brand":[],"product_cat":[23,117],"product_tag":[],"class_list":{"0":"post-2564","1":"product","2":"type-product","3":"status-publish","4":"has-post-thumbnail","6":"product_cat-latches","7":"product_cat-surface-mount-twist-latches","8":"pa_material-steel","9":"pa_surface-treatment-black","10":"pa_surface-treatment-blue-zinc","11":"pa_surface-treatment-chrome","12":"description-off","14":"first","15":"instock","16":"shipping-taxable","17":"product-type-simple"},"acf":[],"_links":{"self":[{"href":"https:\/\/fayshing.com\/fr-fr\/wp-json\/wp\/v2\/product\/2564","targetHints":{"allow":["GET"]}}],"collection":[{"href":"https:\/\/fayshing.com\/fr-fr\/wp-json\/wp\/v2\/product"}],"about":[{"href":"https:\/\/fayshing.com\/fr-fr\/wp-json\/wp\/v2\/types\/product"}],"replies":[{"embeddable":true,"href":"https:\/\/fayshing.com\/fr-fr\/wp-json\/wp\/v2\/comments?post=2564"}],"wp:featuredmedia":[{"embeddable":true,"href":"https:\/\/fayshing.com\/fr-fr\/wp-json\/wp\/v2\/media\/2924"}],"wp:attachment":[{"href":"https:\/\/fayshing.com\/fr-fr\/wp-json\/wp\/v2\/media?parent=2564"}],"wp:term":[{"taxonomy":"product_brand","embeddable":true,"href":"https:\/\/fayshing.com\/fr-fr\/wp-json\/wp\/v2\/product_brand?post=2564"},{"taxonomy":"product_cat","embeddable":true,"href":"https:\/\/fayshing.com\/fr-fr\/wp-json\/wp\/v2\/product_cat?post=2564"},{"taxonomy":"product_tag","embeddable":true,"href":"https:\/\/fayshing.com\/fr-fr\/wp-json\/wp\/v2\/product_tag?post=2564"}],"curies":[{"name":"wp","href":"https:\/\/api.w.org\/{rel}","templated":true}]}}