{"id":2563,"date":"2022-05-09T16:03:42","date_gmt":"2022-05-09T08:03:42","guid":{"rendered":"https:\/\/fayshing.com\/?post_type=product&#038;p=2563"},"modified":"2025-08-05T11:52:41","modified_gmt":"2025-08-05T03:52:41","slug":"118x83mm-large-spring-loaded-surface-mount-butterfly-twist-latch-and-keeper-fs-1127","status":"publish","type":"product","link":"https:\/\/fayshing.com\/fr-fr\/product\/118x83mm-large-spring-loaded-surface-mount-butterfly-twist-latch-and-keeper-fs-1127\/","title":{"rendered":"Grand loquet et support papillon \u00e0 montage en surface \u00e0 ressort FS1127"},"content":{"rendered":"<p data-start=\"159\" data-end=\"464\">Am\u00e9liorez votre bo\u00eetier ou votre enceinte avec le <strong data-start=\"199\" data-end=\"262\">FS1127 Grand loquet papillon \u00e0 ressort avec fermeture et blocage<\/strong>une solution fiable de haute qualit\u00e9 <strong data-start=\"300\" data-end=\"324\">quincaillerie pour loquet tournant<\/strong>. Con\u00e7u pour durer et \u00eatre facile \u00e0 utiliser, ce loquet \u00e0 montage en surface est id\u00e9al pour les flight cases, les road cases et les bo\u00eetiers industriels personnalis\u00e9s.<\/p>\n<p data-start=\"466\" data-end=\"829\">Fabriqu\u00e9 en <strong data-start=\"479\" data-end=\"504\">acier et fer robustes<\/strong>Le FS1127 allie robustesse et r\u00e9sistance \u00e0 la corrosion pour des performances \u00e0 long terme. Les <strong data-start=\"622\" data-end=\"649\">m\u00e9canisme \u00e0 ressort<\/strong> assure un fonctionnement souple et une fermeture s\u00fbre, tandis que le <strong data-start=\"705\" data-end=\"736\">loquet tournant de type papillon<\/strong> permet un acc\u00e8s rapide sans cl\u00e9 - id\u00e9al lorsque la fermeture \u00e0 cl\u00e9 n'est pas n\u00e9cessaire.<\/p>\n<p data-start=\"831\" data-end=\"848\"><strong data-start=\"831\" data-end=\"848\">Caract\u00e9ristiques principales :<\/strong><\/p>\n<ul data-start=\"849\" data-end=\"1077\">\n<li data-start=\"849\" data-end=\"897\">\n<p data-start=\"851\" data-end=\"897\">Type de produit : Catches \/ Twist Latch Hardware<\/p>\n<\/li>\n<li data-start=\"898\" data-end=\"923\">\n<p data-start=\"900\" data-end=\"923\">Type : Loquet papillon<\/p>\n<\/li>\n<li data-start=\"924\" data-end=\"949\">\n<p data-start=\"926\" data-end=\"949\">Mat\u00e9riau : Acier, fer<\/p>\n<\/li>\n<li data-start=\"950\" data-end=\"1008\">\n<p data-start=\"952\" data-end=\"1008\">Finition de la surface : Chrom\u00e9 pour r\u00e9sister \u00e0 la corrosion<\/p>\n<\/li>\n<li data-start=\"1009\" data-end=\"1060\">\n<p data-start=\"1011\" data-end=\"1060\">Style de montage : Montage en surface - facile \u00e0 installer<\/p>\n<\/li>\n<li data-start=\"1061\" data-end=\"1077\">\n<p data-start=\"1063\" data-end=\"1077\">Verrouillable : Non<\/p>\n<\/li>\n<\/ul>\n<p data-start=\"1079\" data-end=\"1258\">Qu'il s'agisse d'\u00e9quiper une mallette d'\u00e9quipement de tourisme ou de construire une solution de stockage personnalis\u00e9e, cette <strong data-start=\"1174\" data-end=\"1198\">quincaillerie pour loquet tournant<\/strong> offre \u00e0 la fois une fonctionnalit\u00e9 et une fiabilit\u00e9 de niveau industriel.<\/p>","protected":false},"excerpt":{"rendered":"<ul>\n<li><strong>Type de produit:\u00a0<\/strong>Captures\u00a0;<\/li>\n<li><strong>Taper:<\/strong>Loquets papillon\u00a0;<\/li>\n<li><strong>Mat\u00e9riel:<\/strong>Acier, fer \uff1b<\/li>\n<li><strong>Surface:\u00a0<\/strong>Chrome;<\/li>\n<li><strong>Verrouillable\u00a0:<\/strong>Non;<\/li>\n<\/ul>","protected":false},"featured_media":2926,"comment_status":"closed","ping_status":"closed","template":"","meta":{"_acf_changed":false},"product_brand":[],"product_cat":[23,117],"product_tag":[],"class_list":{"0":"post-2563","1":"product","2":"type-product","3":"status-publish","4":"has-post-thumbnail","6":"product_cat-latches","7":"product_cat-surface-mount-twist-latches","8":"pa_material-steel","9":"pa_surface-treatment-black","10":"pa_surface-treatment-blue-zinc","11":"pa_surface-treatment-chrome","12":"description-off","14":"first","15":"instock","16":"shipping-taxable","17":"product-type-simple"},"acf":[],"_links":{"self":[{"href":"https:\/\/fayshing.com\/fr-fr\/wp-json\/wp\/v2\/product\/2563","targetHints":{"allow":["GET"]}}],"collection":[{"href":"https:\/\/fayshing.com\/fr-fr\/wp-json\/wp\/v2\/product"}],"about":[{"href":"https:\/\/fayshing.com\/fr-fr\/wp-json\/wp\/v2\/types\/product"}],"replies":[{"embeddable":true,"href":"https:\/\/fayshing.com\/fr-fr\/wp-json\/wp\/v2\/comments?post=2563"}],"wp:featuredmedia":[{"embeddable":true,"href":"https:\/\/fayshing.com\/fr-fr\/wp-json\/wp\/v2\/media\/2926"}],"wp:attachment":[{"href":"https:\/\/fayshing.com\/fr-fr\/wp-json\/wp\/v2\/media?parent=2563"}],"wp:term":[{"taxonomy":"product_brand","embeddable":true,"href":"https:\/\/fayshing.com\/fr-fr\/wp-json\/wp\/v2\/product_brand?post=2563"},{"taxonomy":"product_cat","embeddable":true,"href":"https:\/\/fayshing.com\/fr-fr\/wp-json\/wp\/v2\/product_cat?post=2563"},{"taxonomy":"product_tag","embeddable":true,"href":"https:\/\/fayshing.com\/fr-fr\/wp-json\/wp\/v2\/product_tag?post=2563"}],"curies":[{"name":"wp","href":"https:\/\/api.w.org\/{rel}","templated":true}]}}