{"id":2562,"date":"2022-05-09T15:54:35","date_gmt":"2022-05-09T07:54:35","guid":{"rendered":"https:\/\/fayshing.com\/?post_type=product&#038;p=2562"},"modified":"2025-04-28T09:13:24","modified_gmt":"2025-04-28T01:13:24","slug":"72x68mm-padlockable-medium-spring-loaded-surface-mount-butterfly-twist-latch-and-keeper-fs-1126","status":"publish","type":"product","link":"https:\/\/fayshing.com\/fr-fr\/product\/72x68mm-padlockable-medium-spring-loaded-surface-mount-butterfly-twist-latch-and-keeper-fs-1126\/","title":{"rendered":"Loquet et support cadenassables \u00e0 ressort papillon \u00e0 montage en surface, taille moyenne, FS1126"},"content":{"rendered":"<p>\u3010Dimensions\u3011\u00a0: 72 \u00d7 68 \u00d7 20 mm (L \u00d7 L \u00d7 H)<br \/>\n\u3010Good Quality\u3011 : Fabriqu\u00e9 en fer de bonne qualit\u00e9, et la surface est chrom\u00e9e, avec d'excellentes propri\u00e9t\u00e9s anti-corrosion, robuste et durable pour une utilisation de longue dur\u00e9e.<br \/>\n\u3010Wide Usage\u3011 : Il peut \u00eatre largement utilis\u00e9 dans la valise de route, la valise \u00e0 outils en aluminium, la bo\u00eete \u00e0 mat\u00e9riel photographique, etc.<br \/>\n\u3010Easy Operation\u3011 : Actionn\u00e9 par une pression du bout des doigts sur l'aile - un tour de 180 degr\u00e9s verrouille et d\u00e9verrouille l'unit\u00e9.<br \/>\n\u3010Features\u3011 : Les attaches verrouill\u00e9es sont faciles \u00e0 utiliser, il suffit de les placer \u00e0 plat sur le bo\u00eetier et de verrouiller l'aile.<\/p>","protected":false},"excerpt":{"rendered":"<ul>\n<li><strong>Type de produit:\u00a0<\/strong>Captures\u00a0;<\/li>\n<li><strong>Taper:<\/strong>Loquets papillon\u00a0;<\/li>\n<li><strong>Mat\u00e9riel:<\/strong>Acier, fer \uff1b<\/li>\n<li><strong>Surface:\u00a0<\/strong>Chrome;<\/li>\n<li><strong>Verrouillable\u00a0:<\/strong>Oui ;<\/li>\n<\/ul>","protected":false},"featured_media":2928,"comment_status":"closed","ping_status":"closed","template":"","meta":{"_acf_changed":false},"product_brand":[],"product_cat":[117],"product_tag":[],"class_list":{"0":"post-2562","1":"product","2":"type-product","3":"status-publish","4":"has-post-thumbnail","6":"product_cat-surface-mount-twist-latches","7":"pa_material-steel","8":"pa_surface-treatment-black","9":"pa_surface-treatment-blue-zinc","10":"pa_surface-treatment-chrome","11":"description-off","13":"first","14":"instock","15":"shipping-taxable","16":"product-type-simple"},"acf":[],"_links":{"self":[{"href":"https:\/\/fayshing.com\/fr-fr\/wp-json\/wp\/v2\/product\/2562","targetHints":{"allow":["GET"]}}],"collection":[{"href":"https:\/\/fayshing.com\/fr-fr\/wp-json\/wp\/v2\/product"}],"about":[{"href":"https:\/\/fayshing.com\/fr-fr\/wp-json\/wp\/v2\/types\/product"}],"replies":[{"embeddable":true,"href":"https:\/\/fayshing.com\/fr-fr\/wp-json\/wp\/v2\/comments?post=2562"}],"wp:featuredmedia":[{"embeddable":true,"href":"https:\/\/fayshing.com\/fr-fr\/wp-json\/wp\/v2\/media\/2928"}],"wp:attachment":[{"href":"https:\/\/fayshing.com\/fr-fr\/wp-json\/wp\/v2\/media?parent=2562"}],"wp:term":[{"taxonomy":"product_brand","embeddable":true,"href":"https:\/\/fayshing.com\/fr-fr\/wp-json\/wp\/v2\/product_brand?post=2562"},{"taxonomy":"product_cat","embeddable":true,"href":"https:\/\/fayshing.com\/fr-fr\/wp-json\/wp\/v2\/product_cat?post=2562"},{"taxonomy":"product_tag","embeddable":true,"href":"https:\/\/fayshing.com\/fr-fr\/wp-json\/wp\/v2\/product_tag?post=2562"}],"curies":[{"name":"wp","href":"https:\/\/api.w.org\/{rel}","templated":true}]}}