{"id":2550,"date":"2022-05-09T15:20:07","date_gmt":"2022-05-09T07:20:07","guid":{"rendered":"https:\/\/fayshing.com\/?post_type=product&#038;p=2550"},"modified":"2025-08-08T09:33:51","modified_gmt":"2025-08-08T01:33:51","slug":"fayshing-pull-ring-handle-toolbox-lifting-door-case-chest-pull-handles-fs-2058","status":"publish","type":"product","link":"https:\/\/fayshing.com\/fr-fr\/product\/fayshing-pull-ring-handle-toolbox-lifting-door-case-chest-pull-handles-fs-2058\/","title":{"rendered":"Fayshing \u2013 poign\u00e9e \u00e0 anneau de traction, bo\u00eete \u00e0 outils, bo\u00eetier de porte de levage, poign\u00e9es de traction de poitrine FS-2058"},"content":{"rendered":"<p><strong>Fayshing \u2013 poign\u00e9e \u00e0 anneau de traction, bo\u00eete \u00e0 outils, bo\u00eetier de porte de levage, poign\u00e9es de traction de poitrine FS-2058<\/strong><\/p>\n<p>Large application : Utilis\u00e9 dans divers types de bo\u00eetes d'emballage, de bo\u00eetes en aluminium, de bo\u00eetes \u00e0 outils, etc.<\/p>\n<hr \/>\n<p><strong>Description :<\/strong><\/p>\n<ul>\n<li>La poign\u00e9e de coffre est fabriqu\u00e9e en acier de haute qualit\u00e9, finition chrom\u00e9e, construction robuste pour une durabilit\u00e9 et un style accrus, et une utilisation durable.<\/li>\n<li>Id\u00e9al pour les coffres, les caisses, les bo\u00eetes de rangement, les portes, les armoires, les tiroirs, les placards, etc. Toutes sortes de ferrures pour meubles.<\/li>\n<\/ul>\n<hr \/>\n<p><strong>Note :<\/strong><\/p>\n<ul>\n<li>En raison de la mesure manuelle, autorisez un \u00e9cart de 1 \u00e0 3 mm. La couleur peut \u00eatre diff\u00e9rente en raison de la diff\u00e9rence d&#039;affichage, veuillez comprendre.<\/li>\n<li>Si le produit que vous recevez pr\u00e9sente un probl\u00e8me, ne vous inqui\u00e9tez pas. Contactez-nous et nous vous proposerons une solution satisfaisante. N&#039;h\u00e9sitez pas \u00e0 nous contacter si vous avez des questions. Nous serons l\u00e0 pour vous tout le temps.<\/li>\n<\/ul>","protected":false},"excerpt":{"rendered":"<p>Parfait pour soutenir les armoires, les bo\u00eetes, les coffres, etc.<\/p>","protected":false},"featured_media":2938,"comment_status":"open","ping_status":"closed","template":"","meta":{"_acf_changed":false},"product_brand":[],"product_cat":[108,122],"product_tag":[],"class_list":{"0":"post-2550","1":"product","2":"type-product","3":"status-publish","4":"has-post-thumbnail","6":"product_cat-handles","7":"product_cat-chest-handles","8":"pa_application-packing-box-aluminum-box-toolbox","9":"pa_delivery-time-please-contact-sales-staff","10":"pa_material-cold-plate-iron-wire","11":"pa_surface-treatment-chrome","12":"description-off","14":"first","15":"instock","16":"shipping-taxable","17":"product-type-simple"},"acf":[],"_links":{"self":[{"href":"https:\/\/fayshing.com\/fr-fr\/wp-json\/wp\/v2\/product\/2550","targetHints":{"allow":["GET"]}}],"collection":[{"href":"https:\/\/fayshing.com\/fr-fr\/wp-json\/wp\/v2\/product"}],"about":[{"href":"https:\/\/fayshing.com\/fr-fr\/wp-json\/wp\/v2\/types\/product"}],"replies":[{"embeddable":true,"href":"https:\/\/fayshing.com\/fr-fr\/wp-json\/wp\/v2\/comments?post=2550"}],"wp:featuredmedia":[{"embeddable":true,"href":"https:\/\/fayshing.com\/fr-fr\/wp-json\/wp\/v2\/media\/2938"}],"wp:attachment":[{"href":"https:\/\/fayshing.com\/fr-fr\/wp-json\/wp\/v2\/media?parent=2550"}],"wp:term":[{"taxonomy":"product_brand","embeddable":true,"href":"https:\/\/fayshing.com\/fr-fr\/wp-json\/wp\/v2\/product_brand?post=2550"},{"taxonomy":"product_cat","embeddable":true,"href":"https:\/\/fayshing.com\/fr-fr\/wp-json\/wp\/v2\/product_cat?post=2550"},{"taxonomy":"product_tag","embeddable":true,"href":"https:\/\/fayshing.com\/fr-fr\/wp-json\/wp\/v2\/product_tag?post=2550"}],"curies":[{"name":"wp","href":"https:\/\/api.w.org\/{rel}","templated":true}]}}