{"id":2515,"date":"2022-05-09T11:38:53","date_gmt":"2022-05-09T03:38:53","guid":{"rendered":"https:\/\/fayshing.com\/?post_type=product&#038;p=2515"},"modified":"2025-02-12T11:04:53","modified_gmt":"2025-02-12T03:04:53","slug":"fayshing-100x54mm-rack-lid-latch-in-narrow-and-very-shallow-plain-dish-fs-1165","status":"publish","type":"product","link":"https:\/\/fayshing.com\/fr-fr\/product\/fayshing-100x54mm-rack-lid-latch-in-narrow-and-very-shallow-plain-dish-fs-1165\/","title":{"rendered":"Loquet de couvercle de rack 100x54mm dans un plateau \u00e9troit et tr\u00e8s peu profond FS-1213"},"content":{"rendered":"<p>[ SP\u00c9CIFICATION ] Taille : 100x54 mm ; 7 trous de montage\u00a0; Diam\u00e8tre du trou : 5,2 mm.<br \/>\n[MAT\u00c9RIEL] Fabriqu\u00e9 en m\u00e9tal, apr\u00e8s galvanoplastie, il devient solide, durable et durable.<br \/>\n[HAUTE FONCTION] Le loquet encastr\u00e9 \u00e0 ressort peut emp\u00eacher efficacement le loquet de tomber.<br \/>\n[APPLICATION] Convient pour flight case, bo\u00eete \u00e0 outils, bo\u00eetier en aluminium, ch\u00e2ssis, bagages, etc.<br \/>\n[ REMARQUE ] En raison de la mesure manuelle, il peut y avoir de petits \u00e9carts. La couleur peut \u00eatre diff\u00e9rente selon l&#039;affichage de la diff\u00e9rence, veuillez comprendre.<\/p>\n<p><iframe title=\"FAYSHING | Flight Case Fermeture papillon encastr\u00e9e\" width=\"1200\" height=\"675\" src=\"https:\/\/www.youtube.com\/embed\/aTp86AjsHpU?feature=oembed\" frameborder=\"0\" allow=\"accelerometer; autoplay; clipboard-write; encrypted-media; gyroscope; picture-in-picture; web-share\" referrerpolicy=\"strict-origin-when-cross-origin\" allowfullscreen><\/iframe><\/p>\n<p>&nbsp;<\/p>","protected":false},"excerpt":{"rendered":"<ul>\n<li>Loquet de couvercle de rack encastr\u00e9 2U dans un bac \u00e9troit et tr\u00e8s peu profond<\/li>\n<li>Mat\u00e9riau : Acier<\/li>\n<li>Finition : Chrome \/ Noir \/ Zinc<\/li>\n<\/ul>","protected":false},"featured_media":2941,"comment_status":"closed","ping_status":"closed","template":"","meta":{"_acf_changed":false},"product_brand":[],"product_cat":[116],"product_tag":[],"class_list":{"0":"post-2515","1":"product","2":"type-product","3":"status-publish","4":"has-post-thumbnail","6":"product_cat-recessed-twist-latches","7":"description-off","9":"first","10":"instock","11":"shipping-taxable","12":"product-type-simple"},"acf":[],"_links":{"self":[{"href":"https:\/\/fayshing.com\/fr-fr\/wp-json\/wp\/v2\/product\/2515","targetHints":{"allow":["GET"]}}],"collection":[{"href":"https:\/\/fayshing.com\/fr-fr\/wp-json\/wp\/v2\/product"}],"about":[{"href":"https:\/\/fayshing.com\/fr-fr\/wp-json\/wp\/v2\/types\/product"}],"replies":[{"embeddable":true,"href":"https:\/\/fayshing.com\/fr-fr\/wp-json\/wp\/v2\/comments?post=2515"}],"wp:featuredmedia":[{"embeddable":true,"href":"https:\/\/fayshing.com\/fr-fr\/wp-json\/wp\/v2\/media\/2941"}],"wp:attachment":[{"href":"https:\/\/fayshing.com\/fr-fr\/wp-json\/wp\/v2\/media?parent=2515"}],"wp:term":[{"taxonomy":"product_brand","embeddable":true,"href":"https:\/\/fayshing.com\/fr-fr\/wp-json\/wp\/v2\/product_brand?post=2515"},{"taxonomy":"product_cat","embeddable":true,"href":"https:\/\/fayshing.com\/fr-fr\/wp-json\/wp\/v2\/product_cat?post=2515"},{"taxonomy":"product_tag","embeddable":true,"href":"https:\/\/fayshing.com\/fr-fr\/wp-json\/wp\/v2\/product_tag?post=2515"}],"curies":[{"name":"wp","href":"https:\/\/api.w.org\/{rel}","templated":true}]}}