{"id":2513,"date":"2022-05-09T11:28:30","date_gmt":"2022-05-09T03:28:30","guid":{"rendered":"https:\/\/fayshing.com\/?post_type=product&#038;p=2513"},"modified":"2025-06-03T09:36:42","modified_gmt":"2025-06-03T01:36:42","slug":"43-5x20mm-new-type-recessed-spring-load-butterfly-twist-latch-offset-with-padlock-ring-autolock-fs-1164","status":"publish","type":"product","link":"https:\/\/fayshing.com\/fr-fr\/product\/43-5x20mm-new-type-recessed-spring-load-butterfly-twist-latch-offset-with-padlock-ring-autolock-fs-1164\/","title":{"rendered":"43.5x20mm Nouveau type de loquet encastr\u00e9 \u00e0 ressort avec anneau de cadenas - AutoLock FS1210"},"content":{"rendered":"<p>[Taille : 43.5x20mm ; 10 trous de montage ; diam\u00e8tre des trous : 5mm.<br \/>\n[MAT\u00c9RIEL] Fabriqu\u00e9 en m\u00e9tal, apr\u00e8s galvanoplastie, il devient solide, durable et durable.<br \/>\n[Le loquet papillon encastr\u00e9 \u00e0 ressort peut emp\u00eacher efficacement le loquet de tomber.<br \/>\n[APPLICATION] Convient pour flight case, bo\u00eete \u00e0 outils, bo\u00eetier en aluminium, ch\u00e2ssis, bagages, etc.<br \/>\n[ REMARQUE ] En raison de la mesure manuelle, il peut y avoir de petits \u00e9carts. La couleur peut \u00eatre diff\u00e9rente selon l&#039;affichage de la diff\u00e9rence, veuillez comprendre.<\/p>\n<p><iframe title=\"FAYSHING | Flight Case Fermeture papillon encastr\u00e9e\" width=\"1200\" height=\"675\" src=\"https:\/\/www.youtube.com\/embed\/aTp86AjsHpU?feature=oembed&#038;enablejsapi=1&#038;origin=https:\/\/fayshing.com\" frameborder=\"0\" allow=\"accelerometer; autoplay; clipboard-write; encrypted-media; gyroscope; picture-in-picture; web-share\" referrerpolicy=\"strict-origin-when-cross-origin\" allowfullscreen><\/iframe><\/p>\n<p>&nbsp;<\/p>","protected":false},"excerpt":{"rendered":"<ul>\n<li>Loquet encastr\u00e9 moyen avec option de cadenas et verrouillage automatique d\u00e9cal\u00e9<\/li>\n<li>Mat\u00e9riau : Acier<\/li>\n<li>Finition : Chrome \/ Noir \/ Zinc<\/li>\n<li>Cadenassable<\/li>\n<\/ul>","protected":false},"featured_media":2943,"comment_status":"closed","ping_status":"closed","template":"","meta":{"_acf_changed":false},"product_brand":[],"product_cat":[116],"product_tag":[],"class_list":{"0":"post-2513","1":"product","2":"type-product","3":"status-publish","4":"has-post-thumbnail","6":"product_cat-recessed-twist-latches","7":"pa_surface-treatment-black","8":"pa_surface-treatment-blue-zinc","9":"pa_surface-treatment-chrome","10":"description-off","12":"first","13":"instock","14":"shipping-taxable","15":"product-type-simple"},"acf":[],"_links":{"self":[{"href":"https:\/\/fayshing.com\/fr-fr\/wp-json\/wp\/v2\/product\/2513","targetHints":{"allow":["GET"]}}],"collection":[{"href":"https:\/\/fayshing.com\/fr-fr\/wp-json\/wp\/v2\/product"}],"about":[{"href":"https:\/\/fayshing.com\/fr-fr\/wp-json\/wp\/v2\/types\/product"}],"replies":[{"embeddable":true,"href":"https:\/\/fayshing.com\/fr-fr\/wp-json\/wp\/v2\/comments?post=2513"}],"wp:featuredmedia":[{"embeddable":true,"href":"https:\/\/fayshing.com\/fr-fr\/wp-json\/wp\/v2\/media\/2943"}],"wp:attachment":[{"href":"https:\/\/fayshing.com\/fr-fr\/wp-json\/wp\/v2\/media?parent=2513"}],"wp:term":[{"taxonomy":"product_brand","embeddable":true,"href":"https:\/\/fayshing.com\/fr-fr\/wp-json\/wp\/v2\/product_brand?post=2513"},{"taxonomy":"product_cat","embeddable":true,"href":"https:\/\/fayshing.com\/fr-fr\/wp-json\/wp\/v2\/product_cat?post=2513"},{"taxonomy":"product_tag","embeddable":true,"href":"https:\/\/fayshing.com\/fr-fr\/wp-json\/wp\/v2\/product_tag?post=2513"}],"curies":[{"name":"wp","href":"https:\/\/api.w.org\/{rel}","templated":true}]}}