{"id":2510,"date":"2022-05-09T11:03:28","date_gmt":"2022-05-09T03:03:28","guid":{"rendered":"https:\/\/fayshing.com\/?post_type=product&#038;p=2510"},"modified":"2025-01-07T14:27:32","modified_gmt":"2025-01-07T06:27:32","slug":"fayshing-172x127mm-large-lid-stay-in-dish-with-hinge-fs-1117","status":"publish","type":"product","link":"https:\/\/fayshing.com\/fr-fr\/product\/fayshing-172x127mm-large-lid-stay-in-dish-with-hinge-fs-1117\/","title":{"rendered":"Fayshing 172x127mm Grand support de couvercle avec charni\u00e8re FS-1117"},"content":{"rendered":"<p>&nbsp;<\/p>\n<p>\u3010Dimension\u3011 : Dimensions totales : 172x 127mm ; 14 trous de montage ; diam\u00e8tre des trous : 5mm.<br \/>\n\u3010Conception solide et utile\u3011 : La structure est robuste et durable, la surface est chrom\u00e9e, pas facile \u00e0 rouiller.<br \/>\n\u3010Easy to Use\u3011 : Apr\u00e8s l'installation, la charni\u00e8re soutiendra parfaitement votre couvercle et ne tombera jamais, assurant votre s\u00e9curit\u00e9.<br \/>\n\u3010Wide Application\u3011 : Convient aux flight cases, aux caisses \u00e0 outils, aux caisses en bois, aux caisses en aluminium, aux ch\u00e2ssis, aux valises, etc.<br \/>\n\u3010M\u00e9thode de stockage\u3011 : Stocker dans un endroit sec, ne pas empiler dans un endroit humide et frais, pour \u00e9viter la rouille ou l'oxydation du produit.<\/p>\n<p>&nbsp;<\/p>","protected":false},"excerpt":{"rendered":"<p>Que vous remplaciez un flight case complet ou que vous installiez un tout nouveau flight case, vous avez besoin de charni\u00e8res appropri\u00e9es pour vous assurer qu'elles s'ouvrent en douceur et efficacement \u00e0 chaque fois. C'est pourquoi Fayshing a cr\u00e9\u00e9 des charni\u00e8res de couvercle de haute qualit\u00e9 pour s'assurer qu'elles sont maintenues dans la bonne position pendant de nombreuses ann\u00e9es.<\/p>","protected":false},"featured_media":4694,"comment_status":"open","ping_status":"closed","template":"","meta":{"_acf_changed":false},"product_brand":[],"product_cat":[134],"product_tag":[],"class_list":{"0":"post-2510","1":"product","2":"type-product","3":"status-publish","4":"has-post-thumbnail","6":"product_cat-lid-stays","7":"description-off","9":"first","10":"instock","11":"shipping-taxable","12":"product-type-simple"},"acf":[],"_links":{"self":[{"href":"https:\/\/fayshing.com\/fr-fr\/wp-json\/wp\/v2\/product\/2510","targetHints":{"allow":["GET"]}}],"collection":[{"href":"https:\/\/fayshing.com\/fr-fr\/wp-json\/wp\/v2\/product"}],"about":[{"href":"https:\/\/fayshing.com\/fr-fr\/wp-json\/wp\/v2\/types\/product"}],"replies":[{"embeddable":true,"href":"https:\/\/fayshing.com\/fr-fr\/wp-json\/wp\/v2\/comments?post=2510"}],"wp:featuredmedia":[{"embeddable":true,"href":"https:\/\/fayshing.com\/fr-fr\/wp-json\/wp\/v2\/media\/4694"}],"wp:attachment":[{"href":"https:\/\/fayshing.com\/fr-fr\/wp-json\/wp\/v2\/media?parent=2510"}],"wp:term":[{"taxonomy":"product_brand","embeddable":true,"href":"https:\/\/fayshing.com\/fr-fr\/wp-json\/wp\/v2\/product_brand?post=2510"},{"taxonomy":"product_cat","embeddable":true,"href":"https:\/\/fayshing.com\/fr-fr\/wp-json\/wp\/v2\/product_cat?post=2510"},{"taxonomy":"product_tag","embeddable":true,"href":"https:\/\/fayshing.com\/fr-fr\/wp-json\/wp\/v2\/product_tag?post=2510"}],"curies":[{"name":"wp","href":"https:\/\/api.w.org\/{rel}","templated":true}]}}