{"id":2465,"date":"2022-05-06T09:26:12","date_gmt":"2022-05-06T01:26:12","guid":{"rendered":"https:\/\/fayshing.com\/?post_type=product&#038;p=2465"},"modified":"2025-01-07T14:31:50","modified_gmt":"2025-01-07T06:31:50","slug":"4-inch-built-in-tpr-caster-wheel-fs-7033-gray","status":"publish","type":"product","link":"https:\/\/fayshing.com\/fr-fr\/product\/4-inch-built-in-tpr-caster-wheel-fs-7033-gray\/","title":{"rendered":"Fayshing Roulette TPR int\u00e9gr\u00e9e de 3,9 pouces FS-7033, grise"},"content":{"rendered":"<p>Le caoutchouc thermoplastique est un mat\u00e9riau non marquant et non marquant.<\/p>\n<p>Avec un roulement \u00e0 billes de pr\u00e9cision, la bande de roulement en caoutchouc thermoplastique de Service Caster sur les roues \u00e0 noyau en polyol\u00e9fine offre une roue \u00e0 roulement silencieux et fluide qui convient \u00e0 une vari\u00e9t\u00e9 d&#039;environnements propres diff\u00e9rents.<\/p>\n<p>Enfin, nos roues sont tr\u00e8s r\u00e9sistantes \u00e0 l&#039;huile, \u00e0 la graisse, \u00e0 l&#039;eau et \u00e0 la plupart des solvants. Avec autant de fonctionnalit\u00e9s exceptionnelles, la bande de roulement en caoutchouc thermoplastique de Service Caster sur les roues \u00e0 noyau en polyol\u00e9fine vous permettra d&#039;avancer.<\/p>","protected":false},"excerpt":{"rendered":"<p>Pourquoi choisir les roulettes Fayshing :<\/p>\n<p>\u2714 Mat\u00e9riaux de haute qualit\u00e9 et durabilit\u00e9 totale<\/p>\n<p>\u2714 Installation simple et man\u0153uvres faciles.<\/p>\n<p>\u2714 Parfait pour d\u00e9placer des caisses, des chariots, des \u00e9tablis, des meubles, des \u00e9tag\u00e8res et d&#039;autres objets couramment trouv\u00e9s dans les ateliers.<\/p>\n<p>\u2714 Nous proposons des prix incroyablement abordables.<\/p>","protected":false},"featured_media":2467,"comment_status":"open","ping_status":"closed","template":"","meta":{"_acf_changed":false},"product_brand":[],"product_cat":[203],"product_tag":[],"class_list":{"0":"post-2465","1":"product","2":"type-product","3":"status-publish","4":"has-post-thumbnail","6":"product_cat-caseters-wheel","7":"description-off","9":"first","10":"instock","11":"shipping-taxable","12":"product-type-simple"},"acf":[],"_links":{"self":[{"href":"https:\/\/fayshing.com\/fr-fr\/wp-json\/wp\/v2\/product\/2465","targetHints":{"allow":["GET"]}}],"collection":[{"href":"https:\/\/fayshing.com\/fr-fr\/wp-json\/wp\/v2\/product"}],"about":[{"href":"https:\/\/fayshing.com\/fr-fr\/wp-json\/wp\/v2\/types\/product"}],"replies":[{"embeddable":true,"href":"https:\/\/fayshing.com\/fr-fr\/wp-json\/wp\/v2\/comments?post=2465"}],"wp:featuredmedia":[{"embeddable":true,"href":"https:\/\/fayshing.com\/fr-fr\/wp-json\/wp\/v2\/media\/2467"}],"wp:attachment":[{"href":"https:\/\/fayshing.com\/fr-fr\/wp-json\/wp\/v2\/media?parent=2465"}],"wp:term":[{"taxonomy":"product_brand","embeddable":true,"href":"https:\/\/fayshing.com\/fr-fr\/wp-json\/wp\/v2\/product_brand?post=2465"},{"taxonomy":"product_cat","embeddable":true,"href":"https:\/\/fayshing.com\/fr-fr\/wp-json\/wp\/v2\/product_cat?post=2465"},{"taxonomy":"product_tag","embeddable":true,"href":"https:\/\/fayshing.com\/fr-fr\/wp-json\/wp\/v2\/product_tag?post=2465"}],"curies":[{"name":"wp","href":"https:\/\/api.w.org\/{rel}","templated":true}]}}