{"id":2461,"date":"2022-05-06T08:56:19","date_gmt":"2022-05-06T00:56:19","guid":{"rendered":"https:\/\/fayshing.com\/?post_type=product&#038;p=2461"},"modified":"2025-01-08T10:11:44","modified_gmt":"2025-01-08T02:11:44","slug":"fayshing-4-inch-light-duty-industrial-mobile-casters-fs-7016","status":"publish","type":"product","link":"https:\/\/fayshing.com\/fr-fr\/product\/fayshing-4-inch-light-duty-industrial-mobile-casters-fs-7016\/","title":{"rendered":"Fayshing roulettes mobiles industrielles l\u00e9g\u00e8res de 4 pouces FS-7016"},"content":{"rendered":"<p>PETITES et robustes, super r\u00e9sistantes \u00e0 la charge : Les roues pivotantes des roulettes sont en caoutchouc polyur\u00e9thane non marquant, tr\u00e8s silencieux, absorbant les chocs et les vibrations. Gain de temps et de travail. Ces puissantes roues pivotantes peuvent \u00eatre utilis\u00e9es pour une multitude de projets, petits ou grands.<br \/>\nROUES PIVOTANTES PIVOTANTES A 360 DEGREES : Transformez l'\u00e9quipement dans toutes les directions de la mani\u00e8re la plus efficace et la plus \u00e9conomique, nos roues pivotantes sont les meilleurs accessoires pour les meubles lourds, les bureaux, les tables, les armoires ou les chariots.<br \/>\nROUES EN CAOUTCHOUC SILENCIEUSES : Roulement silencieux et sans bruit, ne vous inqui\u00e9tez pas de d\u00e9ranger les autres lorsque vous d\u00e9placez vos appareils.<br \/>\nLARGEMENT UTILIS\u00c9 : Peut \u00eatre utilis\u00e9 dans des applications industrielles et r\u00e9sidentielles, pour les tables basses, les supports de plantes, les \u00e9tag\u00e8res, les bacs \u00e0 chaussures, les bacs \u00e0 jouets, les chariots de supermarch\u00e9, les \u00e9tablis, les \u00e9tag\u00e8res d'entrep\u00f4t ou de supermarch\u00e9, ils peuvent \u00eatre install\u00e9s sur la plupart des appareils si vous le souhaitez.<\/p>","protected":false},"excerpt":{"rendered":"<p>Pourquoi choisir les roulettes Fayshing :<\/p>\n<p>\u2714 Mat\u00e9riaux de haute qualit\u00e9 et durabilit\u00e9 totale<\/p>\n<p>\u2714 Installation simple et man\u0153uvres faciles.<\/p>\n<p>\u2714 Parfait pour d\u00e9placer des caisses, des chariots, des \u00e9tablis, des meubles, des \u00e9tag\u00e8res et d&#039;autres objets couramment trouv\u00e9s dans les ateliers.<\/p>\n<p>\u2714 Nous proposons des prix incroyablement abordables.<\/p>","protected":false},"featured_media":2476,"comment_status":"open","ping_status":"closed","template":"","meta":{"_acf_changed":false},"product_brand":[],"product_cat":[203,112],"product_tag":[],"class_list":{"0":"post-2461","1":"product","2":"type-product","3":"status-publish","4":"has-post-thumbnail","6":"product_cat-caseters-wheel","7":"product_cat-castor-wheel","8":"description-off","10":"first","11":"instock","12":"shipping-taxable","13":"product-type-simple"},"acf":[],"_links":{"self":[{"href":"https:\/\/fayshing.com\/fr-fr\/wp-json\/wp\/v2\/product\/2461","targetHints":{"allow":["GET"]}}],"collection":[{"href":"https:\/\/fayshing.com\/fr-fr\/wp-json\/wp\/v2\/product"}],"about":[{"href":"https:\/\/fayshing.com\/fr-fr\/wp-json\/wp\/v2\/types\/product"}],"replies":[{"embeddable":true,"href":"https:\/\/fayshing.com\/fr-fr\/wp-json\/wp\/v2\/comments?post=2461"}],"wp:featuredmedia":[{"embeddable":true,"href":"https:\/\/fayshing.com\/fr-fr\/wp-json\/wp\/v2\/media\/2476"}],"wp:attachment":[{"href":"https:\/\/fayshing.com\/fr-fr\/wp-json\/wp\/v2\/media?parent=2461"}],"wp:term":[{"taxonomy":"product_brand","embeddable":true,"href":"https:\/\/fayshing.com\/fr-fr\/wp-json\/wp\/v2\/product_brand?post=2461"},{"taxonomy":"product_cat","embeddable":true,"href":"https:\/\/fayshing.com\/fr-fr\/wp-json\/wp\/v2\/product_cat?post=2461"},{"taxonomy":"product_tag","embeddable":true,"href":"https:\/\/fayshing.com\/fr-fr\/wp-json\/wp\/v2\/product_tag?post=2461"}],"curies":[{"name":"wp","href":"https:\/\/api.w.org\/{rel}","templated":true}]}}