{"id":2460,"date":"2022-05-06T08:53:18","date_gmt":"2022-05-06T00:53:18","guid":{"rendered":"https:\/\/fayshing.com\/?post_type=product&#038;p=2460"},"modified":"2025-01-08T10:01:16","modified_gmt":"2025-01-08T02:01:16","slug":"fayshing-4-inch-light-duty-industrial-brake-casters-fs-7015","status":"publish","type":"product","link":"https:\/\/fayshing.com\/fr-fr\/product\/fayshing-4-inch-light-duty-industrial-brake-casters-fs-7015\/","title":{"rendered":"Fayshing roulettes de frein industrielles l\u00e9g\u00e8res de 4 pouces FS-7015"},"content":{"rendered":"<p>Mat\u00e9riaux de haute qualit\u00e9 : La structure en acier est extr\u00eamement r\u00e9sistante.<br \/>\nConception du frein : Le frein bloque simultan\u00e9ment la roue et le roulement pivotant, ce qui est essentiel pour la s\u00e9curit\u00e9.<br \/>\nRotation \u00e0 360\u00b0 : Le plateau sup\u00e9rieur pivotant \u00e0 360 degr\u00e9s permet de tourner l'\u00e9quipement d'accouplement, ce qui est id\u00e9al pour transporter des meubles l\u00e9gers et des pr\u00e9sentoirs en toute s\u00e9curit\u00e9 et sans bruit.<br \/>\nApplication : Roulettes parfaites pour les \u00e9quipements et les meubles, y compris les ottomanes, les tables basses, les si\u00e8ges, les \u00e9tag\u00e8res, les supports de plantes, les \u00e9tag\u00e8res \u00e0 livres, les bacs \u00e0 chaussures, les bacs \u00e0 jouets, les chariots de supermarch\u00e9, les \u00e9tablis, les rangements sous les lits ou d'autres objets lourds.<\/p>","protected":false},"excerpt":{"rendered":"<p>Notre vision, notre mission et nos valeurs reposent sur la confiance des clients.<\/p>\n<p>Nous adoptons les derni\u00e8res technologies et innovations, am\u00e9liorons les installations et utilisons divers types d'instruments d'essai pour produire des roues et des roulettes de pointe.<\/p>\n<p>Jouissant d'une solide r\u00e9putation aupr\u00e8s des clients, nous sommes fiers de pouvoir offrir des produits de qualit\u00e9 d'une fiabilit\u00e9 in\u00e9gal\u00e9e.<\/p>","protected":false},"featured_media":2478,"comment_status":"open","ping_status":"closed","template":"","meta":{"_acf_changed":false},"product_brand":[],"product_cat":[203],"product_tag":[],"class_list":{"0":"post-2460","1":"product","2":"type-product","3":"status-publish","4":"has-post-thumbnail","6":"product_cat-caseters-wheel","7":"description-off","9":"first","10":"instock","11":"shipping-taxable","12":"product-type-simple"},"acf":[],"_links":{"self":[{"href":"https:\/\/fayshing.com\/fr-fr\/wp-json\/wp\/v2\/product\/2460","targetHints":{"allow":["GET"]}}],"collection":[{"href":"https:\/\/fayshing.com\/fr-fr\/wp-json\/wp\/v2\/product"}],"about":[{"href":"https:\/\/fayshing.com\/fr-fr\/wp-json\/wp\/v2\/types\/product"}],"replies":[{"embeddable":true,"href":"https:\/\/fayshing.com\/fr-fr\/wp-json\/wp\/v2\/comments?post=2460"}],"wp:featuredmedia":[{"embeddable":true,"href":"https:\/\/fayshing.com\/fr-fr\/wp-json\/wp\/v2\/media\/2478"}],"wp:attachment":[{"href":"https:\/\/fayshing.com\/fr-fr\/wp-json\/wp\/v2\/media?parent=2460"}],"wp:term":[{"taxonomy":"product_brand","embeddable":true,"href":"https:\/\/fayshing.com\/fr-fr\/wp-json\/wp\/v2\/product_brand?post=2460"},{"taxonomy":"product_cat","embeddable":true,"href":"https:\/\/fayshing.com\/fr-fr\/wp-json\/wp\/v2\/product_cat?post=2460"},{"taxonomy":"product_tag","embeddable":true,"href":"https:\/\/fayshing.com\/fr-fr\/wp-json\/wp\/v2\/product_tag?post=2460"}],"curies":[{"name":"wp","href":"https:\/\/api.w.org\/{rel}","templated":true}]}}