{"id":2441,"date":"2022-05-05T15:46:47","date_gmt":"2022-05-05T07:46:47","guid":{"rendered":"https:\/\/fayshing.com\/?post_type=product&#038;p=2441"},"modified":"2025-01-08T10:20:12","modified_gmt":"2025-01-08T02:20:12","slug":"fayshing-4-inch-right-angle-edge-covering-castor-wheel-fs-7008","status":"publish","type":"product","link":"https:\/\/fayshing.com\/fr-fr\/product\/fayshing-4-inch-right-angle-edge-covering-castor-wheel-fs-7008\/","title":{"rendered":"Fayshing 4 pouces bord \u00e0 angle droit couvrant la roulette FS-7008"},"content":{"rendered":"<p>Roulettes int\u00e9gr\u00e9es : Les roulettes inclinables int\u00e9gr\u00e9es sont en polyur\u00e9thane, de sorte qu'il n'y a pas de bruit en fonctionnement et qu'il n'y a pas lieu de s'inqui\u00e9ter des bruits de craquement.<br \/>\nDouble roulement : Sa conception \u00e0 double roulement le rend plus flexible lors des d\u00e9placements, et vous pouvez l'utiliser pendant longtemps.<br \/>\nCapacit\u00e9 de charge : Il convient de noter que la capacit\u00e9 de charge des 4 roues ne peut \u00eatre calcul\u00e9e que comme la somme des trois roues, car lorsque la route est in\u00e9gale, la force des 4 roues est in\u00e9gale.<br \/>\nApplication : Vous pouvez l'utiliser pour les trolleys, les flight cases, les bo\u00eetes de rangement, les penderies, les trolley cases, les valises, les valises et d'autres occasions.<br \/>\nService de qualit\u00e9 : Si vous avez des doutes pendant le processus d'achat, vous pouvez nous contacter et nous vous donnerons une r\u00e9ponse satisfaisante.<\/p>","protected":false},"excerpt":{"rendered":"<p>Pourquoi choisir les roulettes Fayshing :<\/p>\n<p>\u2714 Mat\u00e9riaux de haute qualit\u00e9 et durabilit\u00e9 totale<\/p>\n<p>\u2714 Installation simple et man\u0153uvres faciles.<\/p>\n<p>\u2714 Parfait pour d\u00e9placer des caisses, des chariots, des \u00e9tablis, des meubles, des \u00e9tag\u00e8res et d&#039;autres objets couramment trouv\u00e9s dans les ateliers.<\/p>\n<p>\u2714 Nous proposons des prix incroyablement abordables.<\/p>","protected":false},"featured_media":2909,"comment_status":"open","ping_status":"closed","template":"","meta":{"_acf_changed":false},"product_brand":[],"product_cat":[203],"product_tag":[],"class_list":{"0":"post-2441","1":"product","2":"type-product","3":"status-publish","4":"has-post-thumbnail","6":"product_cat-caseters-wheel","7":"description-off","9":"first","10":"instock","11":"shipping-taxable","12":"purchasable","13":"product-type-simple"},"acf":[],"_links":{"self":[{"href":"https:\/\/fayshing.com\/fr-fr\/wp-json\/wp\/v2\/product\/2441","targetHints":{"allow":["GET"]}}],"collection":[{"href":"https:\/\/fayshing.com\/fr-fr\/wp-json\/wp\/v2\/product"}],"about":[{"href":"https:\/\/fayshing.com\/fr-fr\/wp-json\/wp\/v2\/types\/product"}],"replies":[{"embeddable":true,"href":"https:\/\/fayshing.com\/fr-fr\/wp-json\/wp\/v2\/comments?post=2441"}],"wp:featuredmedia":[{"embeddable":true,"href":"https:\/\/fayshing.com\/fr-fr\/wp-json\/wp\/v2\/media\/2909"}],"wp:attachment":[{"href":"https:\/\/fayshing.com\/fr-fr\/wp-json\/wp\/v2\/media?parent=2441"}],"wp:term":[{"taxonomy":"product_brand","embeddable":true,"href":"https:\/\/fayshing.com\/fr-fr\/wp-json\/wp\/v2\/product_brand?post=2441"},{"taxonomy":"product_cat","embeddable":true,"href":"https:\/\/fayshing.com\/fr-fr\/wp-json\/wp\/v2\/product_cat?post=2441"},{"taxonomy":"product_tag","embeddable":true,"href":"https:\/\/fayshing.com\/fr-fr\/wp-json\/wp\/v2\/product_tag?post=2441"}],"curies":[{"name":"wp","href":"https:\/\/api.w.org\/{rel}","templated":true}]}}