{"id":2435,"date":"2022-05-05T15:04:21","date_gmt":"2022-05-05T07:04:21","guid":{"rendered":"https:\/\/fayshing.com\/?post_type=product&#038;p=2435"},"modified":"2025-08-08T13:45:15","modified_gmt":"2025-08-08T05:45:15","slug":"fayshing-small-concave-castor-wheel-dish-fs-7005","status":"publish","type":"product","link":"https:\/\/fayshing.com\/fr-fr\/product\/fayshing-small-concave-castor-wheel-dish-fs-7005\/","title":{"rendered":"Fayshing Petit plat \u00e0 roulettes concave FS-7005"},"content":{"rendered":"<p>\u3010Size\u3011Veuillez noter que le plat a une dimension ext\u00e9rieure de 115*112mm. V\u00e9rifiez vos besoins avant de passer commande.<\/p>\n<p>\u3010Mat\u00e9riau de qualit\u00e9 sup\u00e9rieure\u3011 Ces roulettes pour Flight Case sont fabriqu\u00e9es dans un mat\u00e9riau mental de haute qualit\u00e9, difficiles \u00e0 d\u00e9former et n&#039;endommagent pas votre sol, maintiennent votre \u00e9tui fermement en place.<\/p>\n<p>\u3010Fonctionne bien\u3011 Verrouille la roue en place tout en prot\u00e9geant les sols de l&#039;indentation et des dommages.<\/p>\n<p>\u3010Pratique\u3011 Plats \u00e0 roulettes con\u00e7us de mani\u00e8re attrayante et experte pour offrir le summum en termes de forme et de fonctionnalit\u00e9.<\/p>","protected":false},"excerpt":{"rendered":"<p>Le plat de roulette Fayshing fera en sorte de supporter les roues du Flight Case et d&#039;arr\u00eater le roulement des roues afin que les valises restent l\u00e0 o\u00f9 elles se trouvent.<\/p>","protected":false},"featured_media":2527,"comment_status":"open","ping_status":"closed","template":"","meta":{"_acf_changed":false},"product_brand":[],"product_cat":[146],"product_tag":[],"class_list":{"0":"post-2435","1":"product","2":"type-product","3":"status-publish","4":"has-post-thumbnail","6":"product_cat-dish","7":"description-off","9":"first","10":"instock","11":"shipping-taxable","12":"purchasable","13":"product-type-simple"},"acf":[],"_links":{"self":[{"href":"https:\/\/fayshing.com\/fr-fr\/wp-json\/wp\/v2\/product\/2435","targetHints":{"allow":["GET"]}}],"collection":[{"href":"https:\/\/fayshing.com\/fr-fr\/wp-json\/wp\/v2\/product"}],"about":[{"href":"https:\/\/fayshing.com\/fr-fr\/wp-json\/wp\/v2\/types\/product"}],"replies":[{"embeddable":true,"href":"https:\/\/fayshing.com\/fr-fr\/wp-json\/wp\/v2\/comments?post=2435"}],"wp:featuredmedia":[{"embeddable":true,"href":"https:\/\/fayshing.com\/fr-fr\/wp-json\/wp\/v2\/media\/2527"}],"wp:attachment":[{"href":"https:\/\/fayshing.com\/fr-fr\/wp-json\/wp\/v2\/media?parent=2435"}],"wp:term":[{"taxonomy":"product_brand","embeddable":true,"href":"https:\/\/fayshing.com\/fr-fr\/wp-json\/wp\/v2\/product_brand?post=2435"},{"taxonomy":"product_cat","embeddable":true,"href":"https:\/\/fayshing.com\/fr-fr\/wp-json\/wp\/v2\/product_cat?post=2435"},{"taxonomy":"product_tag","embeddable":true,"href":"https:\/\/fayshing.com\/fr-fr\/wp-json\/wp\/v2\/product_tag?post=2435"}],"curies":[{"name":"wp","href":"https:\/\/api.w.org\/{rel}","templated":true}]}}