{"id":2434,"date":"2022-05-05T14:46:29","date_gmt":"2022-05-05T06:46:29","guid":{"rendered":"https:\/\/fayshing.com\/?post_type=product&#038;p=2434"},"modified":"2025-08-08T14:18:14","modified_gmt":"2025-08-08T06:18:14","slug":"fayshing-mental-flat-caster-dish-fs-7004","status":"publish","type":"product","link":"https:\/\/fayshing.com\/fr-fr\/product\/fayshing-mental-flat-caster-dish-fs-7004\/","title":{"rendered":"Plat \u00e0 roulettes plat mental Fayshing FS-7004"},"content":{"rendered":"<p>\u3010Taille\u3011 Veuillez noter que le plat a des dimensions ext\u00e9rieures de 115*105*13,8 mm. V\u00e9rifiez vos besoins avant de commander.<\/p>\n<p>\u3010Mat\u00e9riau de qualit\u00e9 sup\u00e9rieure\u3011 Ces roulettes pour Flight Case sont fabriqu\u00e9es dans un mat\u00e9riau mental de haute qualit\u00e9, difficiles \u00e0 d\u00e9former et n&#039;endommagent pas votre sol, maintiennent votre \u00e9tui fermement en place.<\/p>\n<p>\u3010Fonctionne bien\u3011 Verrouille la roue en place tout en prot\u00e9geant les sols de l&#039;indentation et des dommages.<\/p>\n<p>\u3010Pratique\u3011 Plats \u00e0 roulettes con\u00e7us de mani\u00e8re attrayante et experte pour offrir le summum en termes de forme et de fonctionnalit\u00e9.<\/p>","protected":false},"excerpt":{"rendered":"<p>Le plat de roulette Fayshing fera en sorte de supporter les roues du Flight Case et d&#039;arr\u00eater le roulement des roues afin que les valises restent l\u00e0 o\u00f9 elles se trouvent.<\/p>","protected":false},"featured_media":2530,"comment_status":"open","ping_status":"closed","template":"","meta":{"_acf_changed":false},"product_brand":[],"product_cat":[146],"product_tag":[],"class_list":{"0":"post-2434","1":"product","2":"type-product","3":"status-publish","4":"has-post-thumbnail","6":"product_cat-dish","7":"description-off","9":"first","10":"instock","11":"shipping-taxable","12":"purchasable","13":"product-type-simple"},"acf":[],"_links":{"self":[{"href":"https:\/\/fayshing.com\/fr-fr\/wp-json\/wp\/v2\/product\/2434","targetHints":{"allow":["GET"]}}],"collection":[{"href":"https:\/\/fayshing.com\/fr-fr\/wp-json\/wp\/v2\/product"}],"about":[{"href":"https:\/\/fayshing.com\/fr-fr\/wp-json\/wp\/v2\/types\/product"}],"replies":[{"embeddable":true,"href":"https:\/\/fayshing.com\/fr-fr\/wp-json\/wp\/v2\/comments?post=2434"}],"wp:featuredmedia":[{"embeddable":true,"href":"https:\/\/fayshing.com\/fr-fr\/wp-json\/wp\/v2\/media\/2530"}],"wp:attachment":[{"href":"https:\/\/fayshing.com\/fr-fr\/wp-json\/wp\/v2\/media?parent=2434"}],"wp:term":[{"taxonomy":"product_brand","embeddable":true,"href":"https:\/\/fayshing.com\/fr-fr\/wp-json\/wp\/v2\/product_brand?post=2434"},{"taxonomy":"product_cat","embeddable":true,"href":"https:\/\/fayshing.com\/fr-fr\/wp-json\/wp\/v2\/product_cat?post=2434"},{"taxonomy":"product_tag","embeddable":true,"href":"https:\/\/fayshing.com\/fr-fr\/wp-json\/wp\/v2\/product_tag?post=2434"}],"curies":[{"name":"wp","href":"https:\/\/api.w.org\/{rel}","templated":true}]}}