{"id":2432,"date":"2022-05-05T14:05:43","date_gmt":"2022-05-05T06:05:43","guid":{"rendered":"https:\/\/fayshing.com\/?post_type=product&#038;p=2432"},"modified":"2025-08-08T09:44:02","modified_gmt":"2025-08-08T01:44:02","slug":"fayshing-medium-dish-for-5-inch-casters-fs-7002","status":"publish","type":"product","link":"https:\/\/fayshing.com\/fr-fr\/product\/fayshing-medium-dish-for-5-inch-casters-fs-7002\/","title":{"rendered":"Fayshing Plat moyen pour roulettes de 5 pouces FS-7002"},"content":{"rendered":"<p>Mat\u00e9riau et taille : Les plats \u00e0 roulettes sont fabriqu\u00e9s \u00e0 partir de plaques froides et de fils de fer. La taille est de 155*115*43mm \u00e0 l'ext\u00e9rieur, la profondeur int\u00e9rieure de 5 pouces convient \u00e0 la plupart des roues.<\/p>\n<p>Les plats \u00e0 roulettes sont dot\u00e9s d'une surface polie qui entre en contact avec le sol. Ainsi, le sol ne sera ni ray\u00e9 ni endommag\u00e9, qu'il soit en bois ou en carrelage, et la tenue du sol sera excellente.<\/p>","protected":false},"excerpt":{"rendered":"<p>Le plat de roulette Fayshing fera en sorte de supporter les roues du Flight Case et d&#039;arr\u00eater le roulement des roues afin que les valises restent l\u00e0 o\u00f9 elles se trouvent.<\/p>","protected":false},"featured_media":2534,"comment_status":"open","ping_status":"closed","template":"","meta":{"_acf_changed":false},"product_brand":[],"product_cat":[146],"product_tag":[],"class_list":{"0":"post-2432","1":"product","2":"type-product","3":"status-publish","4":"has-post-thumbnail","6":"product_cat-dish","7":"description-off","9":"first","10":"instock","11":"shipping-taxable","12":"purchasable","13":"product-type-simple"},"acf":[],"_links":{"self":[{"href":"https:\/\/fayshing.com\/fr-fr\/wp-json\/wp\/v2\/product\/2432","targetHints":{"allow":["GET"]}}],"collection":[{"href":"https:\/\/fayshing.com\/fr-fr\/wp-json\/wp\/v2\/product"}],"about":[{"href":"https:\/\/fayshing.com\/fr-fr\/wp-json\/wp\/v2\/types\/product"}],"replies":[{"embeddable":true,"href":"https:\/\/fayshing.com\/fr-fr\/wp-json\/wp\/v2\/comments?post=2432"}],"wp:featuredmedia":[{"embeddable":true,"href":"https:\/\/fayshing.com\/fr-fr\/wp-json\/wp\/v2\/media\/2534"}],"wp:attachment":[{"href":"https:\/\/fayshing.com\/fr-fr\/wp-json\/wp\/v2\/media?parent=2432"}],"wp:term":[{"taxonomy":"product_brand","embeddable":true,"href":"https:\/\/fayshing.com\/fr-fr\/wp-json\/wp\/v2\/product_brand?post=2432"},{"taxonomy":"product_cat","embeddable":true,"href":"https:\/\/fayshing.com\/fr-fr\/wp-json\/wp\/v2\/product_cat?post=2432"},{"taxonomy":"product_tag","embeddable":true,"href":"https:\/\/fayshing.com\/fr-fr\/wp-json\/wp\/v2\/product_tag?post=2432"}],"curies":[{"name":"wp","href":"https:\/\/api.w.org\/{rel}","templated":true}]}}