{"id":2411,"date":"2022-05-05T10:46:41","date_gmt":"2022-05-05T02:46:41","guid":{"rendered":"https:\/\/fayshing.com\/?post_type=product&#038;p=2411"},"modified":"2025-08-08T09:43:49","modified_gmt":"2025-08-08T01:43:49","slug":"fayshing-small-dish-for-3-inch-casters-fs-7001","status":"publish","type":"product","link":"https:\/\/fayshing.com\/fr-fr\/product\/fayshing-small-dish-for-3-inch-casters-fs-7001\/","title":{"rendered":"Fayshing Petit plat pour roulettes de 4 pouces FS-7001"},"content":{"rendered":"<p>Mat\u00e9riau et taille : Les plats \u00e0 roulettes sont fabriqu\u00e9s en t\u00f4le froide et en fil de fer. La taille ext\u00e9rieure est de 153*110*35mm, la profondeur int\u00e9rieure de 4 pouces convient \u00e0 la plupart des roues.<\/p>\n<p>Les plats \u00e0 roulettes sont dot\u00e9s d'une surface polie qui entre en contact avec le sol. Ainsi, le sol ne sera ni ray\u00e9 ni endommag\u00e9, qu'il soit en bois ou en carrelage, et la tenue du sol sera excellente.<\/p>","protected":false},"excerpt":{"rendered":"<p>Le plat de roulette Fayshing fera en sorte de supporter les roues du Flight Case et d&#039;arr\u00eater le roulement des roues afin que les valises restent l\u00e0 o\u00f9 elles se trouvent.<\/p>","protected":false},"featured_media":2536,"comment_status":"open","ping_status":"closed","template":"","meta":{"_acf_changed":false},"product_brand":[],"product_cat":[146],"product_tag":[],"class_list":{"0":"post-2411","1":"product","2":"type-product","3":"status-publish","4":"has-post-thumbnail","6":"product_cat-dish","7":"description-off","9":"first","10":"instock","11":"shipping-taxable","12":"purchasable","13":"product-type-simple"},"acf":[],"_links":{"self":[{"href":"https:\/\/fayshing.com\/fr-fr\/wp-json\/wp\/v2\/product\/2411","targetHints":{"allow":["GET"]}}],"collection":[{"href":"https:\/\/fayshing.com\/fr-fr\/wp-json\/wp\/v2\/product"}],"about":[{"href":"https:\/\/fayshing.com\/fr-fr\/wp-json\/wp\/v2\/types\/product"}],"replies":[{"embeddable":true,"href":"https:\/\/fayshing.com\/fr-fr\/wp-json\/wp\/v2\/comments?post=2411"}],"wp:featuredmedia":[{"embeddable":true,"href":"https:\/\/fayshing.com\/fr-fr\/wp-json\/wp\/v2\/media\/2536"}],"wp:attachment":[{"href":"https:\/\/fayshing.com\/fr-fr\/wp-json\/wp\/v2\/media?parent=2411"}],"wp:term":[{"taxonomy":"product_brand","embeddable":true,"href":"https:\/\/fayshing.com\/fr-fr\/wp-json\/wp\/v2\/product_brand?post=2411"},{"taxonomy":"product_cat","embeddable":true,"href":"https:\/\/fayshing.com\/fr-fr\/wp-json\/wp\/v2\/product_cat?post=2411"},{"taxonomy":"product_tag","embeddable":true,"href":"https:\/\/fayshing.com\/fr-fr\/wp-json\/wp\/v2\/product_tag?post=2411"}],"curies":[{"name":"wp","href":"https:\/\/api.w.org\/{rel}","templated":true}]}}