{"id":2329,"date":"2022-05-04T15:23:22","date_gmt":"2022-05-04T07:23:22","guid":{"rendered":"https:\/\/fayshing.com\/index.php\/product\/fayshing-medium-6-hole-brace-corner-with-strenghtening-ribs\/"},"modified":"2025-01-14T11:06:09","modified_gmt":"2025-01-14T03:06:09","slug":"fayshing-medium-6-hole-brace-corner-with-strenghtening-ribs","status":"publish","type":"product","link":"https:\/\/fayshing.com\/fr-fr\/product\/fayshing-medium-6-hole-brace-corner-with-strenghtening-ribs\/","title":{"rendered":"Fayshing Coin de renfort moyen 6 trous avec nervures de renforcement"},"content":{"rendered":"<p><strong><b>Technique de placage professionnelle<\/b><\/strong><strong><b>: <\/b><\/strong>17 ans d'exp\u00e9rience en mati\u00e8re de placage rendent nos produits durables, inoxydables et anticorrosifs.<\/p>\n<p><strong><b>D\u00e9lai de livraison court\uff1a <\/b><\/strong>nous avons plus de 200 employ\u00e9s pour fabriquer des produits rapidement<\/p>\n<p><strong><b>OEM : <\/b><\/strong>Personnalis\u00e9, nous pouvons concevoir pour vous selon vos dessins et \u00e9chantillons.<\/p>\n<p><strong><b>Emballage : <\/b><\/strong>Emball\u00e9 avec du papier blanc souple ; plac\u00e9 dans une petite bo\u00eete ou un carton, puis plac\u00e9 dans un carton principal.<\/p>\n<p><strong><b>Note<\/b><\/strong>\u00a0:<\/p>\n<p>En raison des mesures manuelles, un \u00e9cart de 1 \u00e0 3 mm est possible.<\/p>\n<p>Veuillez nous contacter pour v\u00e9rifier soigneusement la taille de nos produits et lire les descriptions des tailles avant d'acheter afin d'\u00e9viter toute exp\u00e9rience d'achat d\u00e9sagr\u00e9able.<\/p>","protected":false},"excerpt":{"rendered":"<p>Fayshing Medium 6 hole Brace Corner with Strenghtening Ribs est id\u00e9al pour \u00e9quiper les mallettes telles que les mallettes de route et les mallettes de transport de c\u00e2bles.<\/p>","protected":false},"featured_media":2538,"comment_status":"open","ping_status":"closed","template":"","meta":{"_acf_changed":false},"product_brand":[],"product_cat":[113],"product_tag":[],"class_list":{"0":"post-2329","1":"product","2":"type-product","3":"status-publish","4":"has-post-thumbnail","6":"product_cat-braces","7":"description-off","9":"first","10":"instock","11":"shipping-taxable","12":"product-type-simple"},"acf":[],"_links":{"self":[{"href":"https:\/\/fayshing.com\/fr-fr\/wp-json\/wp\/v2\/product\/2329","targetHints":{"allow":["GET"]}}],"collection":[{"href":"https:\/\/fayshing.com\/fr-fr\/wp-json\/wp\/v2\/product"}],"about":[{"href":"https:\/\/fayshing.com\/fr-fr\/wp-json\/wp\/v2\/types\/product"}],"replies":[{"embeddable":true,"href":"https:\/\/fayshing.com\/fr-fr\/wp-json\/wp\/v2\/comments?post=2329"}],"wp:featuredmedia":[{"embeddable":true,"href":"https:\/\/fayshing.com\/fr-fr\/wp-json\/wp\/v2\/media\/2538"}],"wp:attachment":[{"href":"https:\/\/fayshing.com\/fr-fr\/wp-json\/wp\/v2\/media?parent=2329"}],"wp:term":[{"taxonomy":"product_brand","embeddable":true,"href":"https:\/\/fayshing.com\/fr-fr\/wp-json\/wp\/v2\/product_brand?post=2329"},{"taxonomy":"product_cat","embeddable":true,"href":"https:\/\/fayshing.com\/fr-fr\/wp-json\/wp\/v2\/product_cat?post=2329"},{"taxonomy":"product_tag","embeddable":true,"href":"https:\/\/fayshing.com\/fr-fr\/wp-json\/wp\/v2\/product_tag?post=2329"}],"curies":[{"name":"wp","href":"https:\/\/api.w.org\/{rel}","templated":true}]}}