{"id":2240,"date":"2022-05-03T10:17:43","date_gmt":"2022-05-03T02:17:43","guid":{"rendered":"https:\/\/fayshing.com\/?post_type=product&#038;p=2240"},"modified":"2025-01-14T11:07:50","modified_gmt":"2025-01-14T03:07:50","slug":"fayshing-large-3-legs-flat-corner-with-6-holes","status":"publish","type":"product","link":"https:\/\/fayshing.com\/fr-fr\/product\/fayshing-large-3-legs-flat-corner-with-6-holes\/","title":{"rendered":"Fayshing grand coin plat \u00e0 3 pieds avec 6 trous"},"content":{"rendered":"<p><strong>Fayshing grand coin plat \u00e0 3 pieds avec 6 trous<\/strong><\/p>\n<p><strong>Large application<\/strong>: Largement utilis\u00e9 dans divers types de bo\u00eetes \u00e0 outils, caisses militaires, caisses en bois, etc.<\/p>\n<p>Les coins plats sont fabriqu\u00e9s en t\u00f4le froide, qui ne rouille pas facilement apr\u00e8s avoir \u00e9t\u00e9 expos\u00e9e \u00e0 la pluie.<\/p>\n<p>duret\u00e9 \u00e9lev\u00e9e, r\u00e9sistance \u00e0 la d\u00e9formation et anticorrosion<\/p>\n<p><strong>Note<\/strong> :<\/p>\n<p>En raison de la mesure manuelle, autorisez un \u00e9cart de 1 \u00e0 2 mm.<\/p>\n<p>Veuillez nous contacter pour v\u00e9rifier soigneusement la taille de nos produits et lire les descriptions des tailles avant d'acheter afin d'\u00e9viter toute exp\u00e9rience d'achat d\u00e9sagr\u00e9able.<\/p>","protected":false},"excerpt":{"rendered":"<p>Le grand coin plat \u00e0 3 pieds de Fayshing avec 6 trous est id\u00e9al pour les bo\u00eetiers de grande taille tels que les bo\u00eetiers de route et les bo\u00eetiers Cable Flight.<\/p>","protected":false},"featured_media":2241,"comment_status":"open","ping_status":"closed","template":"","meta":{"_acf_changed":false},"product_brand":[],"product_cat":[127],"product_tag":[],"class_list":{"0":"post-2240","1":"product","2":"type-product","3":"status-publish","4":"has-post-thumbnail","6":"product_cat-flat-corners","7":"description-off","9":"first","10":"instock","11":"shipping-taxable","12":"product-type-simple"},"acf":[],"_links":{"self":[{"href":"https:\/\/fayshing.com\/fr-fr\/wp-json\/wp\/v2\/product\/2240","targetHints":{"allow":["GET"]}}],"collection":[{"href":"https:\/\/fayshing.com\/fr-fr\/wp-json\/wp\/v2\/product"}],"about":[{"href":"https:\/\/fayshing.com\/fr-fr\/wp-json\/wp\/v2\/types\/product"}],"replies":[{"embeddable":true,"href":"https:\/\/fayshing.com\/fr-fr\/wp-json\/wp\/v2\/comments?post=2240"}],"wp:featuredmedia":[{"embeddable":true,"href":"https:\/\/fayshing.com\/fr-fr\/wp-json\/wp\/v2\/media\/2241"}],"wp:attachment":[{"href":"https:\/\/fayshing.com\/fr-fr\/wp-json\/wp\/v2\/media?parent=2240"}],"wp:term":[{"taxonomy":"product_brand","embeddable":true,"href":"https:\/\/fayshing.com\/fr-fr\/wp-json\/wp\/v2\/product_brand?post=2240"},{"taxonomy":"product_cat","embeddable":true,"href":"https:\/\/fayshing.com\/fr-fr\/wp-json\/wp\/v2\/product_cat?post=2240"},{"taxonomy":"product_tag","embeddable":true,"href":"https:\/\/fayshing.com\/fr-fr\/wp-json\/wp\/v2\/product_tag?post=2240"}],"curies":[{"name":"wp","href":"https:\/\/api.w.org\/{rel}","templated":true}]}}