{"id":2198,"date":"2022-04-22T15:32:33","date_gmt":"2022-04-22T07:32:33","guid":{"rendered":"http:\/\/fayshing.com\/index.php\/product\/fayshing-high-quality-110mm-black-plastic-handle-for-luggage-case-fs-2033\/"},"modified":"2025-06-13T15:39:10","modified_gmt":"2025-06-13T07:39:10","slug":"fayshing-high-quality-110mm-black-plastic-handle-for-luggage-case-fs-2033","status":"publish","type":"product","link":"https:\/\/fayshing.com\/fr-fr\/product\/fayshing-high-quality-110mm-black-plastic-handle-for-luggage-case-fs-2033\/","title":{"rendered":"Poign\u00e9e pivotante pour porte-documents avec raccords noirs FS2033"},"content":{"rendered":"<p><strong>Fayshing Poign\u00e9e en plastique noir de haute qualit\u00e9 110mm pour valise FS-2033<\/strong><\/p>\n<p>Large application : Largement utilis\u00e9 dans divers types de caisses m\u00e9talliques, caisses routi\u00e8res et caisses en aluminium, etc.<\/p>\n<hr \/>\n<p><strong>Description :<\/strong><\/p>\n<ul>\n<li>Les poign\u00e9es sont en plastique et en t\u00f4le froide, tr\u00e8s r\u00e9sistantes \u00e0 la corrosion, durables, imperm\u00e9ables et l\u00e9g\u00e8res.<\/li>\n<li>Ces poign\u00e9es sont parfaites pour vos mallettes en m\u00e9tal, mallettes routi\u00e8res et mallettes en aluminium.<\/li>\n<\/ul>\n<hr \/>\n<p><strong>Note :<\/strong><\/p>\n<ul>\n<li>En raison de la mesure manuelle, autorisez un \u00e9cart de 1 \u00e0 3 mm.<\/li>\n<li>Veuillez nous contacter, v\u00e9rifier attentivement la taille de nos produits et lire les descriptions des tailles de produits avant d&#039;acheter pour \u00e9viter une \u00e9ventuelle exp\u00e9rience d&#039;achat d\u00e9sagr\u00e9able.<\/li>\n<\/ul>","protected":false},"excerpt":{"rendered":"<ul>\n<li>Poign\u00e9e pivotante pour porte-documents avec raccords en plastique noir<\/li>\n<li>FS2033<\/li>\n<li>Raccords en plastique noir<\/li>\n<li>133 \u00d7 63mm<\/li>\n<li>Noir<\/li>\n<\/ul>","protected":false},"featured_media":6319,"comment_status":"open","ping_status":"closed","template":"","meta":{"_acf_changed":false},"product_brand":[],"product_cat":[108,123],"product_tag":[],"class_list":{"0":"post-2198","1":"product","2":"type-product","3":"status-publish","4":"has-post-thumbnail","6":"product_cat-handles","7":"product_cat-briefcase-handles","8":"description-off","10":"first","11":"instock","12":"shipping-taxable","13":"product-type-simple"},"acf":[],"_links":{"self":[{"href":"https:\/\/fayshing.com\/fr-fr\/wp-json\/wp\/v2\/product\/2198","targetHints":{"allow":["GET"]}}],"collection":[{"href":"https:\/\/fayshing.com\/fr-fr\/wp-json\/wp\/v2\/product"}],"about":[{"href":"https:\/\/fayshing.com\/fr-fr\/wp-json\/wp\/v2\/types\/product"}],"replies":[{"embeddable":true,"href":"https:\/\/fayshing.com\/fr-fr\/wp-json\/wp\/v2\/comments?post=2198"}],"wp:featuredmedia":[{"embeddable":true,"href":"https:\/\/fayshing.com\/fr-fr\/wp-json\/wp\/v2\/media\/6319"}],"wp:attachment":[{"href":"https:\/\/fayshing.com\/fr-fr\/wp-json\/wp\/v2\/media?parent=2198"}],"wp:term":[{"taxonomy":"product_brand","embeddable":true,"href":"https:\/\/fayshing.com\/fr-fr\/wp-json\/wp\/v2\/product_brand?post=2198"},{"taxonomy":"product_cat","embeddable":true,"href":"https:\/\/fayshing.com\/fr-fr\/wp-json\/wp\/v2\/product_cat?post=2198"},{"taxonomy":"product_tag","embeddable":true,"href":"https:\/\/fayshing.com\/fr-fr\/wp-json\/wp\/v2\/product_tag?post=2198"}],"curies":[{"name":"wp","href":"https:\/\/api.w.org\/{rel}","templated":true}]}}