{"id":2197,"date":"2022-04-22T15:32:33","date_gmt":"2022-04-22T07:32:33","guid":{"rendered":"http:\/\/fayshing.com\/index.php\/product\/fayshing-spring-loaded-recessed-handle-with-rubber-grip-fs-2032\/"},"modified":"2025-06-13T15:46:08","modified_gmt":"2025-06-13T07:46:08","slug":"fayshing-spring-loaded-recessed-handle-with-rubber-grip-fs-2032","status":"publish","type":"product","link":"https:\/\/fayshing.com\/fr-fr\/product\/fayshing-spring-loaded-recessed-handle-with-rubber-grip-fs-2032\/","title":{"rendered":"142 x 70mm Poign\u00e9e pivotante pour porte-documents avec raccords chrom\u00e9s FS2032"},"content":{"rendered":"<p><strong>Poign\u00e9e de porte-documents Fayshing 142 x 70mm FS-2032<\/strong><\/p>\n<p>Large application : Largement utilis\u00e9 dans divers types de caisses m\u00e9talliques, caisses routi\u00e8res et caisses en aluminium, etc.<\/p>\n<hr \/>\n<p><strong>Description :<\/strong><\/p>\n<ul>\n<li>Les poign\u00e9es sont en plastique et en t\u00f4le froide, tr\u00e8s r\u00e9sistantes \u00e0 la corrosion, durables, imperm\u00e9ables et l\u00e9g\u00e8res.<\/li>\n<li>Ces poign\u00e9es sont parfaites pour vos mallettes en m\u00e9tal, mallettes routi\u00e8res et mallettes en aluminium.<\/li>\n<\/ul>\n<hr \/>\n<p><strong>Note :<\/strong><\/p>\n<ul>\n<li>En raison de la mesure manuelle, autorisez un \u00e9cart de 1 \u00e0 3 mm.<\/li>\n<li>?Veuillez nous contacter, v\u00e9rifiez attentivement la taille de notre produit et lisez les descriptions de taille du produit avant d&#039;acheter pour \u00e9viter une \u00e9ventuelle exp\u00e9rience d&#039;achat d\u00e9sagr\u00e9able.<\/li>\n<\/ul>","protected":false},"excerpt":{"rendered":"<ul>\n<li>Poign\u00e9e pivotante pour porte-documents avec raccords chrom\u00e9s<\/li>\n<li>FS2032<\/li>\n<li>142 x 70mm<\/li>\n<li>Plastique, alliage<\/li>\n<li>Noir + Chrome<\/li>\n<\/ul>","protected":false},"featured_media":3079,"comment_status":"closed","ping_status":"closed","template":"","meta":{"_acf_changed":false},"product_brand":[],"product_cat":[108,123],"product_tag":[],"class_list":{"0":"post-2197","1":"product","2":"type-product","3":"status-publish","4":"has-post-thumbnail","6":"product_cat-handles","7":"product_cat-briefcase-handles","8":"pa_material-plastic","9":"pa_material-zinc-alloy","10":"pa_surface-treatment-black","11":"pa_surface-treatment-chrome","12":"description-off","14":"first","15":"instock","16":"shipping-taxable","17":"product-type-simple"},"acf":[],"_links":{"self":[{"href":"https:\/\/fayshing.com\/fr-fr\/wp-json\/wp\/v2\/product\/2197","targetHints":{"allow":["GET"]}}],"collection":[{"href":"https:\/\/fayshing.com\/fr-fr\/wp-json\/wp\/v2\/product"}],"about":[{"href":"https:\/\/fayshing.com\/fr-fr\/wp-json\/wp\/v2\/types\/product"}],"replies":[{"embeddable":true,"href":"https:\/\/fayshing.com\/fr-fr\/wp-json\/wp\/v2\/comments?post=2197"}],"wp:featuredmedia":[{"embeddable":true,"href":"https:\/\/fayshing.com\/fr-fr\/wp-json\/wp\/v2\/media\/3079"}],"wp:attachment":[{"href":"https:\/\/fayshing.com\/fr-fr\/wp-json\/wp\/v2\/media?parent=2197"}],"wp:term":[{"taxonomy":"product_brand","embeddable":true,"href":"https:\/\/fayshing.com\/fr-fr\/wp-json\/wp\/v2\/product_brand?post=2197"},{"taxonomy":"product_cat","embeddable":true,"href":"https:\/\/fayshing.com\/fr-fr\/wp-json\/wp\/v2\/product_cat?post=2197"},{"taxonomy":"product_tag","embeddable":true,"href":"https:\/\/fayshing.com\/fr-fr\/wp-json\/wp\/v2\/product_tag?post=2197"}],"curies":[{"name":"wp","href":"https:\/\/api.w.org\/{rel}","templated":true}]}}