{"id":2188,"date":"2022-04-22T15:32:33","date_gmt":"2022-04-22T07:32:33","guid":{"rendered":"http:\/\/fayshing.com\/index.php\/product\/fayshing-plastic-handle-new-design-wooden-case-accessories-fs-2069\/"},"modified":"2025-01-14T11:08:43","modified_gmt":"2025-01-14T03:08:43","slug":"fayshing-plastic-handle-new-design-wooden-case-accessories-fs-2069","status":"publish","type":"product","link":"https:\/\/fayshing.com\/fr-fr\/product\/fayshing-plastic-handle-new-design-wooden-case-accessories-fs-2069\/","title":{"rendered":"Fayshing Poign\u00e9e en plastique Nouveau design Mallette en bois Accessoires FS-2069"},"content":{"rendered":"<p><strong>Fayshing Poign\u00e9e en plastique Nouveau design Mallette en bois Accessoires FS-2069<\/strong><\/p>\n<p>Large application : Largement utilis\u00e9 dans divers types de bo\u00eetiers de maquillage, de bo\u00eetiers en aluminium et de bo\u00eetiers en bois, etc.<\/p>\n<hr \/>\n<p><strong>Description :<\/strong><\/p>\n<ul>\n<li>Les poign\u00e9es sont en plastique, tr\u00e8s r\u00e9sistantes \u00e0 la corrosion, durables, imperm\u00e9ables et l\u00e9g\u00e8res.<\/li>\n<li>Ces poign\u00e9es sont parfaites pour les bo\u00eetes de maquillage, les bo\u00eetes en aluminium et les bo\u00eetes en bois.<\/li>\n<\/ul>\n<hr \/>\n<p><strong>Note :<\/strong><\/p>\n<ul>\n<li>En raison de la mesure manuelle, autorisez un \u00e9cart de 1 \u00e0 2 mm.<\/li>\n<li>Veuillez nous contacter, v\u00e9rifier attentivement la taille de nos produits et lire les descriptions des tailles de produits avant d&#039;acheter pour \u00e9viter une \u00e9ventuelle exp\u00e9rience d&#039;achat d\u00e9sagr\u00e9able.<\/li>\n<\/ul>","protected":false},"excerpt":{"rendered":"<p>Poign\u00e9e en plastique, id\u00e9ale pour s'ins\u00e9rer dans les petites mallettes telles que les mallettes de maquillage, les mallettes en aluminium et les mallettes en bois.<\/p>","protected":false},"featured_media":3069,"comment_status":"open","ping_status":"closed","template":"","meta":{"_acf_changed":false},"product_brand":[],"product_cat":[108,123],"product_tag":[],"class_list":{"0":"post-2188","1":"product","2":"type-product","3":"status-publish","4":"has-post-thumbnail","6":"product_cat-handles","7":"product_cat-briefcase-handles","8":"description-off","10":"first","11":"instock","12":"shipping-taxable","13":"product-type-simple"},"acf":[],"_links":{"self":[{"href":"https:\/\/fayshing.com\/fr-fr\/wp-json\/wp\/v2\/product\/2188","targetHints":{"allow":["GET"]}}],"collection":[{"href":"https:\/\/fayshing.com\/fr-fr\/wp-json\/wp\/v2\/product"}],"about":[{"href":"https:\/\/fayshing.com\/fr-fr\/wp-json\/wp\/v2\/types\/product"}],"replies":[{"embeddable":true,"href":"https:\/\/fayshing.com\/fr-fr\/wp-json\/wp\/v2\/comments?post=2188"}],"wp:featuredmedia":[{"embeddable":true,"href":"https:\/\/fayshing.com\/fr-fr\/wp-json\/wp\/v2\/media\/3069"}],"wp:attachment":[{"href":"https:\/\/fayshing.com\/fr-fr\/wp-json\/wp\/v2\/media?parent=2188"}],"wp:term":[{"taxonomy":"product_brand","embeddable":true,"href":"https:\/\/fayshing.com\/fr-fr\/wp-json\/wp\/v2\/product_brand?post=2188"},{"taxonomy":"product_cat","embeddable":true,"href":"https:\/\/fayshing.com\/fr-fr\/wp-json\/wp\/v2\/product_cat?post=2188"},{"taxonomy":"product_tag","embeddable":true,"href":"https:\/\/fayshing.com\/fr-fr\/wp-json\/wp\/v2\/product_tag?post=2188"}],"curies":[{"name":"wp","href":"https:\/\/api.w.org\/{rel}","templated":true}]}}