{"id":2184,"date":"2022-04-22T15:32:33","date_gmt":"2022-04-22T07:32:33","guid":{"rendered":"http:\/\/fayshing.com\/index.php\/product\/fayshing-stylish-makup-box-handle-fs-2023\/"},"modified":"2025-06-18T15:23:01","modified_gmt":"2025-06-18T07:23:01","slug":"fayshing-stylish-makup-box-handle-fs-2023","status":"publish","type":"product","link":"https:\/\/fayshing.com\/fr-fr\/product\/fayshing-stylish-makup-box-handle-fs-2023\/","title":{"rendered":"Poign\u00e9e de coffre \u00e9l\u00e9gante avec raccords chrom\u00e9s FS-2023"},"content":{"rendered":"<p><strong>Fayshing Poign\u00e9e \u00c9l\u00e9gante pour Bo\u00eete \u00e0 Maquillage FS-2023<\/strong><\/p>\n<ul>\n<li>Poign\u00e9e de coffre \u00e9l\u00e9gante avec raccords chrom\u00e9s<\/li>\n<li>FS-2023<\/li>\n<li>Chrome<\/li>\n<li>132 \u00d7 44mm<\/li>\n<li>4 trous de fixation<\/li>\n<\/ul>\n<p>Large application : Largement utilis\u00e9 dans divers types de bo\u00eetiers de maquillage, de bo\u00eetiers en aluminium et de bo\u00eetiers en bois, etc.<\/p>\n<hr \/>\n<p><strong>Description :<\/strong><\/p>\n<ul>\n<li>Les poign\u00e9es sont en plastique, tr\u00e8s r\u00e9sistantes \u00e0 la corrosion, durables, imperm\u00e9ables et l\u00e9g\u00e8res.<\/li>\n<li>Ces poign\u00e9es sont parfaites pour vos bo\u00eetes de maquillage, bo\u00eetes en aluminium et bo\u00eetes en bois. Amusez-vous \u00e0 bricoler pour redonner \u00e0 vos bo\u00eetes un aspect neuf et moderne.<\/li>\n<\/ul>\n<hr \/>\n<p><strong>Note :<\/strong><\/p>\n<ul>\n<li>En raison de la mesure manuelle, autorisez un \u00e9cart de 1 \u00e0 2 mm.<\/li>\n<li>Veuillez nous contacter, v\u00e9rifier attentivement la taille de nos produits et lire les descriptions des tailles de produits avant d&#039;acheter pour \u00e9viter une \u00e9ventuelle exp\u00e9rience d&#039;achat d\u00e9sagr\u00e9able.<\/li>\n<\/ul>","protected":false},"excerpt":{"rendered":"<ul>\n<li>Poign\u00e9e de coffre \u00e9l\u00e9gante avec raccords chrom\u00e9s<\/li>\n<li>FS-2023<\/li>\n<li>Chrome<\/li>\n<li>132 \u00d7 44mm<\/li>\n<\/ul>","protected":false},"featured_media":3062,"comment_status":"open","ping_status":"closed","template":"","meta":{"_acf_changed":false},"product_brand":[],"product_cat":[108,123],"product_tag":[],"class_list":{"0":"post-2184","1":"product","2":"type-product","3":"status-publish","4":"has-post-thumbnail","6":"product_cat-handles","7":"product_cat-briefcase-handles","8":"pa_material-plastic","9":"pa_surface-treatment-chrome","10":"description-off","12":"first","13":"instock","14":"shipping-taxable","15":"product-type-simple"},"acf":[],"_links":{"self":[{"href":"https:\/\/fayshing.com\/fr-fr\/wp-json\/wp\/v2\/product\/2184","targetHints":{"allow":["GET"]}}],"collection":[{"href":"https:\/\/fayshing.com\/fr-fr\/wp-json\/wp\/v2\/product"}],"about":[{"href":"https:\/\/fayshing.com\/fr-fr\/wp-json\/wp\/v2\/types\/product"}],"replies":[{"embeddable":true,"href":"https:\/\/fayshing.com\/fr-fr\/wp-json\/wp\/v2\/comments?post=2184"}],"wp:featuredmedia":[{"embeddable":true,"href":"https:\/\/fayshing.com\/fr-fr\/wp-json\/wp\/v2\/media\/3062"}],"wp:attachment":[{"href":"https:\/\/fayshing.com\/fr-fr\/wp-json\/wp\/v2\/media?parent=2184"}],"wp:term":[{"taxonomy":"product_brand","embeddable":true,"href":"https:\/\/fayshing.com\/fr-fr\/wp-json\/wp\/v2\/product_brand?post=2184"},{"taxonomy":"product_cat","embeddable":true,"href":"https:\/\/fayshing.com\/fr-fr\/wp-json\/wp\/v2\/product_cat?post=2184"},{"taxonomy":"product_tag","embeddable":true,"href":"https:\/\/fayshing.com\/fr-fr\/wp-json\/wp\/v2\/product_tag?post=2184"}],"curies":[{"name":"wp","href":"https:\/\/api.w.org\/{rel}","templated":true}]}}