{"id":2182,"date":"2022-04-22T15:32:33","date_gmt":"2022-04-22T07:32:33","guid":{"rendered":"http:\/\/fayshing.com\/index.php\/product\/fayshing-makeup-box-plastic-handle-fs-2021\/"},"modified":"2025-01-15T11:43:26","modified_gmt":"2025-01-15T03:43:26","slug":"fayshing-makeup-box-plastic-handle-fs-2021","status":"publish","type":"product","link":"https:\/\/fayshing.com\/fr-fr\/product\/fayshing-makeup-box-plastic-handle-fs-2021\/","title":{"rendered":"Poign\u00e9e en plastique pour bo\u00eete de maquillage Fayshing FS-2021"},"content":{"rendered":"<p><strong>Poign\u00e9e en plastique pour bo\u00eete de maquillage Fayshing FS-2021<\/strong><\/p>\n<p>Poign\u00e9e en plastique, id\u00e9ale pour s'ins\u00e9rer dans les petites mallettes telles que les mallettes de maquillage, les mallettes en aluminium et les mallettes en bois.<\/p>\n<hr \/>\n<p><strong>Description :<\/strong><\/p>\n<ul>\n<li>Les poign\u00e9es sont en plastique, tr\u00e8s r\u00e9sistantes \u00e0 la corrosion, durables, imperm\u00e9ables et l\u00e9g\u00e8res.<\/li>\n<li>Ces poign\u00e9es sont parfaites pour vos bo\u00eetes de maquillage, bo\u00eetes en aluminium et bo\u00eetes en bois. Amusez-vous \u00e0 bricoler pour redonner \u00e0 vos bo\u00eetes un aspect neuf et moderne.<\/li>\n<\/ul>\n<hr \/>\n<p><strong>Note :<\/strong><\/p>\n<ul>\n<li>En raison de la mesure manuelle, autorisez un \u00e9cart de 1 \u00e0 2 mm.<\/li>\n<li>Veuillez nous contacter, v\u00e9rifier attentivement la taille de nos produits et lire les descriptions des tailles de produits avant d&#039;acheter pour \u00e9viter une \u00e9ventuelle exp\u00e9rience d&#039;achat d\u00e9sagr\u00e9able.<\/li>\n<\/ul>","protected":false},"excerpt":{"rendered":"<ul>\n<li>Mat\u00e9riau : Plastique ;<\/li>\n<li>Finition : Chrome<\/li>\n<li>Taille : 130\u00d776mm<\/li>\n<\/ul>","protected":false},"featured_media":3065,"comment_status":"open","ping_status":"closed","template":"","meta":{"_acf_changed":false},"product_brand":[],"product_cat":[108,123],"product_tag":[],"class_list":{"0":"post-2182","1":"product","2":"type-product","3":"status-publish","4":"has-post-thumbnail","6":"product_cat-handles","7":"product_cat-briefcase-handles","8":"description-off","10":"first","11":"instock","12":"shipping-taxable","13":"product-type-simple"},"acf":[],"_links":{"self":[{"href":"https:\/\/fayshing.com\/fr-fr\/wp-json\/wp\/v2\/product\/2182","targetHints":{"allow":["GET"]}}],"collection":[{"href":"https:\/\/fayshing.com\/fr-fr\/wp-json\/wp\/v2\/product"}],"about":[{"href":"https:\/\/fayshing.com\/fr-fr\/wp-json\/wp\/v2\/types\/product"}],"replies":[{"embeddable":true,"href":"https:\/\/fayshing.com\/fr-fr\/wp-json\/wp\/v2\/comments?post=2182"}],"wp:featuredmedia":[{"embeddable":true,"href":"https:\/\/fayshing.com\/fr-fr\/wp-json\/wp\/v2\/media\/3065"}],"wp:attachment":[{"href":"https:\/\/fayshing.com\/fr-fr\/wp-json\/wp\/v2\/media?parent=2182"}],"wp:term":[{"taxonomy":"product_brand","embeddable":true,"href":"https:\/\/fayshing.com\/fr-fr\/wp-json\/wp\/v2\/product_brand?post=2182"},{"taxonomy":"product_cat","embeddable":true,"href":"https:\/\/fayshing.com\/fr-fr\/wp-json\/wp\/v2\/product_cat?post=2182"},{"taxonomy":"product_tag","embeddable":true,"href":"https:\/\/fayshing.com\/fr-fr\/wp-json\/wp\/v2\/product_tag?post=2182"}],"curies":[{"name":"wp","href":"https:\/\/api.w.org\/{rel}","templated":true}]}}