{"id":2181,"date":"2022-04-22T15:32:32","date_gmt":"2022-04-22T07:32:32","guid":{"rendered":"http:\/\/fayshing.com\/index.php\/product\/fayshing-plastic-gift-box-handle-fs-2020\/"},"modified":"2025-06-18T15:14:47","modified_gmt":"2025-06-18T07:14:47","slug":"fayshing-plastic-gift-box-handle-fs-2020","status":"publish","type":"product","link":"https:\/\/fayshing.com\/fr-fr\/product\/fayshing-plastic-gift-box-handle-fs-2020\/","title":{"rendered":"180mm Chrome Surface Mount Tubular Handle FS-2020"},"content":{"rendered":"<p><strong>Fayshing Bo\u00eete \u00e0 cadeaux en plastique Poign\u00e9e FS-2020<\/strong><\/p>\n<ul>\n<li>Poign\u00e9e tubulaire chrom\u00e9e pour montage en surface<\/li>\n<li>FS-2020<\/li>\n<li>Plastique<\/li>\n<li>180 \u00d7 55mm<\/li>\n<li>Chrome<\/li>\n<\/ul>\n<p>Large application : Largement utilis\u00e9 dans divers types de bo\u00eetiers de maquillage, de bo\u00eetiers en aluminium et de bo\u00eetiers en bois, etc.<\/p>\n<hr \/>\n<p><strong>Description :<\/strong><\/p>\n<ul>\n<li>Les poign\u00e9es sont en plastique, tr\u00e8s r\u00e9sistantes \u00e0 la corrosion, durables, imperm\u00e9ables et l\u00e9g\u00e8res.<\/li>\n<li>Ces poign\u00e9es sont parfaites pour vos bo\u00eetes de maquillage, bo\u00eetes en aluminium et bo\u00eetes en bois. Amusez-vous \u00e0 bricoler pour redonner \u00e0 vos bo\u00eetes un aspect neuf et moderne.<\/li>\n<\/ul>\n<hr \/>\n<p><strong>Note :<\/strong><\/p>\n<ul>\n<li>En raison de la mesure manuelle, autorisez un \u00e9cart de 1 \u00e0 2 mm.<\/li>\n<li>Veuillez nous contacter, v\u00e9rifier attentivement la taille de nos produits et lire les descriptions des tailles de produits avant d&#039;acheter pour \u00e9viter une \u00e9ventuelle exp\u00e9rience d&#039;achat d\u00e9sagr\u00e9able.<\/li>\n<\/ul>","protected":false},"excerpt":{"rendered":"<ul>\n<li>Poign\u00e9e tubulaire chrom\u00e9e pour montage en surface<\/li>\n<li>FS-2020<\/li>\n<li>Plastique<\/li>\n<li>180 \u00d7 55mm<\/li>\n<li>Chrome<\/li>\n<\/ul>","protected":false},"featured_media":6369,"comment_status":"open","ping_status":"closed","template":"","meta":{"_acf_changed":false},"product_brand":[],"product_cat":[108],"product_tag":[],"class_list":{"0":"post-2181","1":"product","2":"type-product","3":"status-publish","4":"has-post-thumbnail","6":"product_cat-handles","7":"description-off","9":"first","10":"instock","11":"shipping-taxable","12":"product-type-simple"},"acf":[],"_links":{"self":[{"href":"https:\/\/fayshing.com\/fr-fr\/wp-json\/wp\/v2\/product\/2181","targetHints":{"allow":["GET"]}}],"collection":[{"href":"https:\/\/fayshing.com\/fr-fr\/wp-json\/wp\/v2\/product"}],"about":[{"href":"https:\/\/fayshing.com\/fr-fr\/wp-json\/wp\/v2\/types\/product"}],"replies":[{"embeddable":true,"href":"https:\/\/fayshing.com\/fr-fr\/wp-json\/wp\/v2\/comments?post=2181"}],"wp:featuredmedia":[{"embeddable":true,"href":"https:\/\/fayshing.com\/fr-fr\/wp-json\/wp\/v2\/media\/6369"}],"wp:attachment":[{"href":"https:\/\/fayshing.com\/fr-fr\/wp-json\/wp\/v2\/media?parent=2181"}],"wp:term":[{"taxonomy":"product_brand","embeddable":true,"href":"https:\/\/fayshing.com\/fr-fr\/wp-json\/wp\/v2\/product_brand?post=2181"},{"taxonomy":"product_cat","embeddable":true,"href":"https:\/\/fayshing.com\/fr-fr\/wp-json\/wp\/v2\/product_cat?post=2181"},{"taxonomy":"product_tag","embeddable":true,"href":"https:\/\/fayshing.com\/fr-fr\/wp-json\/wp\/v2\/product_tag?post=2181"}],"curies":[{"name":"wp","href":"https:\/\/api.w.org\/{rel}","templated":true}]}}