{"id":2077,"date":"2022-04-19T16:35:34","date_gmt":"2022-04-19T08:35:34","guid":{"rendered":"http:\/\/fayshing.com\/index.php\/product\/fayshing-flight-case-handle-with-4-holes-fs-2057\/"},"modified":"2025-08-07T17:44:09","modified_gmt":"2025-08-07T09:44:09","slug":"fayshing-flight-case-handle-with-4-holes-fs-2058","status":"publish","type":"product","link":"https:\/\/fayshing.com\/fr-fr\/product\/fayshing-flight-case-handle-with-4-holes-fs-2058\/","title":{"rendered":"4 trous de fixation Petite poign\u00e9e de poitrine FS-2057"},"content":{"rendered":"<p data-start=\"145\" data-end=\"443\">Le <strong data-start=\"149\" data-end=\"179\">FS-2057 Petite poign\u00e9e de poitrine<\/strong> est une solution compacte et pratique pour les petites caisses, bo\u00eetes, tiroirs ou coffres \u00e0 outils n\u00e9cessitant une poign\u00e9e robuste et facile \u00e0 saisir. Con\u00e7ue avec <strong data-start=\"322\" data-end=\"342\">4 trous de fixation<\/strong> pour une meilleure stabilit\u00e9, cette poign\u00e9e assure une fixation s\u00fbre sur les surfaces en bois, en m\u00e9tal ou en mat\u00e9riaux composites.<\/p>\n<p data-start=\"445\" data-end=\"668\">Mesure <strong data-start=\"455\" data-end=\"469\">110 \u00d7 91mm<\/strong>Cette poign\u00e9e est petite par sa taille mais forte par ses performances. Finition en <strong data-start=\"539\" data-end=\"549\">chrome<\/strong>Il offre \u00e0 la fois une durabilit\u00e9 et un aspect poli, ce qui le rend id\u00e9al pour les applications fonctionnelles et d\u00e9coratives.<\/p>\n<p data-start=\"670\" data-end=\"687\"><strong data-start=\"670\" data-end=\"687\">Caract\u00e9ristiques principales :<\/strong><\/p>\n<ul data-start=\"688\" data-end=\"1026\">\n<li data-start=\"688\" data-end=\"713\">\n<p data-start=\"690\" data-end=\"713\">Code produit : FS-2057<\/p>\n<\/li>\n<li data-start=\"714\" data-end=\"764\">\n<p data-start=\"716\" data-end=\"764\">Type : Petite poign\u00e9e de poitrine avec 4 trous de fixation<\/p>\n<\/li>\n<li data-start=\"765\" data-end=\"785\">\n<p data-start=\"767\" data-end=\"785\">Taille : 110 \u00d7 91mm<\/p>\n<\/li>\n<li data-start=\"786\" data-end=\"821\">\n<p data-start=\"788\" data-end=\"821\">Mat\u00e9riau : Acier (finition chrom\u00e9e)<\/p>\n<\/li>\n<li data-start=\"822\" data-end=\"884\">\n<p data-start=\"824\" data-end=\"884\">Finition : Chrome - r\u00e9sistant \u00e0 la corrosion et d'aspect professionnel<\/p>\n<\/li>\n<li data-start=\"885\" data-end=\"941\">\n<p data-start=\"887\" data-end=\"941\">Montage : 4 trous pour une installation stable et s\u00fbre<\/p>\n<\/li>\n<li data-start=\"942\" data-end=\"1026\">\n<p data-start=\"944\" data-end=\"1026\">Application : Convient pour les petits coffres, les bo\u00eetes \u00e0 outils, les \u00e9tuis \u00e0 instruments, les tiroirs, etc.<\/p>\n<\/li>\n<\/ul>\n<p data-start=\"1028\" data-end=\"1166\">Si vous \u00eates \u00e0 la recherche d'un <strong data-start=\"1052\" data-end=\"1100\">poign\u00e9e compacte, durable et facile \u00e0 installer<\/strong>Le FS-2057 convient parfaitement aux projets de bricolage et aux projets industriels.<\/p>\n<hr data-start=\"1168\" data-end=\"1171\" \/>\n<p data-start=\"1173\" data-end=\"1238\">\ud83d\udcd0 <em data-start=\"1176\" data-end=\"1236\">Dessins en 3D ou options de finition personnalis\u00e9es disponibles sur demande.<\/em><\/p>\n<p><iframe title=\"Poign\u00e9es pour Flight Case Showcase | Robustes et personnalisables\" width=\"1200\" height=\"675\" src=\"https:\/\/www.youtube.com\/embed\/HTukBWi6wi0?feature=oembed&#038;enablejsapi=1&#038;origin=https:\/\/fayshing.com\" frameborder=\"0\" allow=\"accelerometer; autoplay; clipboard-write; encrypted-media; gyroscope; picture-in-picture; web-share\" referrerpolicy=\"strict-origin-when-cross-origin\" allowfullscreen><\/iframe><\/p>","protected":false},"excerpt":{"rendered":"<ul>\n<li>4 trous de fixation Petite poign\u00e9e de poitrine<\/li>\n<li>FS-2057<\/li>\n<li>110 \u00d7 91mm<\/li>\n<li>Chrome<\/li>\n<li>Petit<\/li>\n<\/ul>","protected":false},"featured_media":6247,"comment_status":"open","ping_status":"closed","template":"","meta":{"_acf_changed":false},"product_brand":[],"product_cat":[108,122,121],"product_tag":[],"class_list":{"0":"post-2077","1":"product","2":"type-product","3":"status-publish","4":"has-post-thumbnail","6":"product_cat-handles","7":"product_cat-chest-handles","8":"product_cat-surface-handles","9":"pa_material-steel","10":"pa_surface-treatment-chrome","11":"description-off","13":"first","14":"instock","15":"shipping-taxable","16":"product-type-simple"},"acf":[],"_links":{"self":[{"href":"https:\/\/fayshing.com\/fr-fr\/wp-json\/wp\/v2\/product\/2077","targetHints":{"allow":["GET"]}}],"collection":[{"href":"https:\/\/fayshing.com\/fr-fr\/wp-json\/wp\/v2\/product"}],"about":[{"href":"https:\/\/fayshing.com\/fr-fr\/wp-json\/wp\/v2\/types\/product"}],"replies":[{"embeddable":true,"href":"https:\/\/fayshing.com\/fr-fr\/wp-json\/wp\/v2\/comments?post=2077"}],"wp:featuredmedia":[{"embeddable":true,"href":"https:\/\/fayshing.com\/fr-fr\/wp-json\/wp\/v2\/media\/6247"}],"wp:attachment":[{"href":"https:\/\/fayshing.com\/fr-fr\/wp-json\/wp\/v2\/media?parent=2077"}],"wp:term":[{"taxonomy":"product_brand","embeddable":true,"href":"https:\/\/fayshing.com\/fr-fr\/wp-json\/wp\/v2\/product_brand?post=2077"},{"taxonomy":"product_cat","embeddable":true,"href":"https:\/\/fayshing.com\/fr-fr\/wp-json\/wp\/v2\/product_cat?post=2077"},{"taxonomy":"product_tag","embeddable":true,"href":"https:\/\/fayshing.com\/fr-fr\/wp-json\/wp\/v2\/product_tag?post=2077"}],"curies":[{"name":"wp","href":"https:\/\/api.w.org\/{rel}","templated":true}]}}