{"id":2076,"date":"2022-04-19T16:35:34","date_gmt":"2022-04-19T08:35:34","guid":{"rendered":"http:\/\/fayshing.com\/index.php\/product\/fayshing-flight-case-handle-with-3-holes-fs-2056\/"},"modified":"2025-08-08T15:15:27","modified_gmt":"2025-08-08T07:15:27","slug":"fayshing-flight-case-handle-with-3-holes-fs-2057","status":"publish","type":"product","link":"https:\/\/fayshing.com\/fr-fr\/product\/fayshing-flight-case-handle-with-3-holes-fs-2057\/","title":{"rendered":"3 trous de fixation Petite poign\u00e9e de poitrine FS-2056"},"content":{"rendered":"<p data-start=\"147\" data-end=\"426\">Le <strong data-start=\"151\" data-end=\"181\">FS-2056 Petite poign\u00e9e de poitrine<\/strong> est une pi\u00e8ce de quincaillerie compacte et durable con\u00e7ue pour les mallettes, les bo\u00eetes et les petites unit\u00e9s de stockage. Avec <strong data-start=\"279\" data-end=\"299\">3 trous de fixation<\/strong> pour une installation s\u00fbre, il offre des performances stables et un aspect soign\u00e9 pour des applications fonctionnelles et d\u00e9coratives.<\/p>\n<p data-start=\"428\" data-end=\"663\">Mesure <strong data-start=\"438\" data-end=\"451\">77 \u00d7 72mm<\/strong> et finis en polis <strong data-start=\"477\" data-end=\"487\">chrome<\/strong>Cette poign\u00e9e allie robustesse, r\u00e9sistance \u00e0 la corrosion et aspect attrayant, ce qui la rend id\u00e9ale pour les bo\u00eetes \u00e0 outils, les caisses d'instruments, les coffres en bois et les projets de stockage personnalis\u00e9s.<\/p>\n<p data-start=\"665\" data-end=\"684\"><strong data-start=\"665\" data-end=\"682\">Caract\u00e9ristiques principales :<\/strong><\/p>\n<ul data-start=\"685\" data-end=\"1015\">\n<li data-start=\"685\" data-end=\"710\">\n<p data-start=\"687\" data-end=\"710\">Code produit : FS-2056<\/p>\n<\/li>\n<li data-start=\"711\" data-end=\"761\">\n<p data-start=\"713\" data-end=\"761\">Type : Petite poign\u00e9e de poitrine avec 3 trous de fixation<\/p>\n<\/li>\n<li data-start=\"762\" data-end=\"781\">\n<p data-start=\"764\" data-end=\"781\">Taille : 77 \u00d7 72 mm<\/p>\n<\/li>\n<li data-start=\"782\" data-end=\"817\">\n<p data-start=\"784\" data-end=\"817\">Mat\u00e9riau : Acier (finition chrom\u00e9e)<\/p>\n<\/li>\n<li data-start=\"818\" data-end=\"870\">\n<p data-start=\"820\" data-end=\"870\">Finition : Chrome - durable et r\u00e9sistant \u00e0 la corrosion<\/p>\n<\/li>\n<li data-start=\"871\" data-end=\"926\">\n<p data-start=\"873\" data-end=\"926\">Montage : 3 trous pour une installation rapide et s\u00fbre<\/p>\n<\/li>\n<li data-start=\"927\" data-end=\"1015\">\n<p data-start=\"929\" data-end=\"1015\">Applications : Petits coffres, bo\u00eetes \u00e0 outils, \u00e9tuis \u00e0 instruments, bo\u00eetes de rangement, projets de bricolage<\/p>\n<\/li>\n<\/ul>\n<p data-start=\"1017\" data-end=\"1165\">Pratique, compacte et facile \u00e0 installer, la poign\u00e9e FS-2056 offre une fonctionnalit\u00e9 fiable et une finition professionnelle pour toute petite valise ou bo\u00eete.<\/p>\n<hr \/>\n<p><strong>Note :<\/strong><\/p>\n<ul>\n<li>La poign\u00e9e rembourr\u00e9e souple et \u00e9paisse est bonne, et la poign\u00e9e rembourr\u00e9e souple et douce est tr\u00e8s agr\u00e9able.<\/li>\n<li>Veuillez nous contacter, v\u00e9rifier attentivement la taille de nos produits et lire les descriptions des tailles de produits avant d&#039;acheter pour \u00e9viter une \u00e9ventuelle exp\u00e9rience d&#039;achat d\u00e9sagr\u00e9able.<\/li>\n<\/ul>\n<p><iframe title=\"Poign\u00e9es pour Flight Case Showcase | Robustes et personnalisables\" width=\"1200\" height=\"675\" src=\"https:\/\/www.youtube.com\/embed\/HTukBWi6wi0?feature=oembed&#038;enablejsapi=1&#038;origin=https:\/\/fayshing.com\" frameborder=\"0\" allow=\"accelerometer; autoplay; clipboard-write; encrypted-media; gyroscope; picture-in-picture; web-share\" referrerpolicy=\"strict-origin-when-cross-origin\" allowfullscreen><\/iframe><\/p>","protected":false},"excerpt":{"rendered":"<ul>\n<li>3 trous de fixation Petite poign\u00e9e de poitrine<\/li>\n<li>FS-2056<\/li>\n<li>77 \u00d7 72mm<\/li>\n<li>Chrome<\/li>\n<\/ul>","protected":false},"featured_media":6244,"comment_status":"open","ping_status":"closed","template":"","meta":{"_acf_changed":false},"product_brand":[],"product_cat":[108,122,121],"product_tag":[],"class_list":{"0":"post-2076","1":"product","2":"type-product","3":"status-publish","4":"has-post-thumbnail","6":"product_cat-handles","7":"product_cat-chest-handles","8":"product_cat-surface-handles","9":"pa_material-steel","10":"pa_surface-treatment-chrome","11":"description-off","13":"first","14":"instock","15":"shipping-taxable","16":"product-type-simple"},"acf":[],"_links":{"self":[{"href":"https:\/\/fayshing.com\/fr-fr\/wp-json\/wp\/v2\/product\/2076","targetHints":{"allow":["GET"]}}],"collection":[{"href":"https:\/\/fayshing.com\/fr-fr\/wp-json\/wp\/v2\/product"}],"about":[{"href":"https:\/\/fayshing.com\/fr-fr\/wp-json\/wp\/v2\/types\/product"}],"replies":[{"embeddable":true,"href":"https:\/\/fayshing.com\/fr-fr\/wp-json\/wp\/v2\/comments?post=2076"}],"wp:featuredmedia":[{"embeddable":true,"href":"https:\/\/fayshing.com\/fr-fr\/wp-json\/wp\/v2\/media\/6244"}],"wp:attachment":[{"href":"https:\/\/fayshing.com\/fr-fr\/wp-json\/wp\/v2\/media?parent=2076"}],"wp:term":[{"taxonomy":"product_brand","embeddable":true,"href":"https:\/\/fayshing.com\/fr-fr\/wp-json\/wp\/v2\/product_brand?post=2076"},{"taxonomy":"product_cat","embeddable":true,"href":"https:\/\/fayshing.com\/fr-fr\/wp-json\/wp\/v2\/product_cat?post=2076"},{"taxonomy":"product_tag","embeddable":true,"href":"https:\/\/fayshing.com\/fr-fr\/wp-json\/wp\/v2\/product_tag?post=2076"}],"curies":[{"name":"wp","href":"https:\/\/api.w.org\/{rel}","templated":true}]}}