{"id":2075,"date":"2022-04-19T16:35:34","date_gmt":"2022-04-19T08:35:34","guid":{"rendered":"http:\/\/fayshing.com\/index.php\/product\/fayshing-wooden-box-metal-frosted-handle-with-5-holes-fs-2055\/"},"modified":"2025-06-09T10:58:40","modified_gmt":"2025-06-09T02:58:40","slug":"fayshing-wooden-box-metal-frosted-handle-with-5-holes-fs-2055","status":"publish","type":"product","link":"https:\/\/fayshing.com\/fr-fr\/product\/fayshing-wooden-box-metal-frosted-handle-with-5-holes-fs-2055\/","title":{"rendered":"Fayshing Bo\u00eete en bois m\u00e9tal poign\u00e9e givr\u00e9e avec 5 trous FS-2055"},"content":{"rendered":"<p><strong>Bo\u00eete en bois Poign\u00e9e en m\u00e9tal givr\u00e9 avec 5 trous<\/strong><\/p>\n<p>Large application : Largement utilis\u00e9 dans divers types de bo\u00eetes d'emballage, anneau de poign\u00e9e de bo\u00eete en aluminium, poign\u00e9e lat\u00e9rale m\u00e9canique, poign\u00e9e de bo\u00eete \u00e0 outils, poign\u00e9e de bo\u00eete militaire, divers flight cases, etc.<\/p>\n<hr \/>\n<p><strong>Description :<\/strong><\/p>\n<ul>\n<li>Les poign\u00e9es de levage des bo\u00eetes sont fabriqu\u00e9es en acier inoxydable poli. Elles ne rouillent pas facilement apr\u00e8s avoir \u00e9t\u00e9 expos\u00e9es \u00e0 la pluie, sont d'une grande duret\u00e9, ne se d\u00e9forment pas facilement et sont anticorrosion.<\/li>\n<li>Duret\u00e9 \u00e9lev\u00e9e, mouvement non lin\u00e9aire, durable, r\u00e9sistant \u00e0 l'usure, antirouille, anticorrosion, et peut \u00eatre utilis\u00e9 \u00e0 l'int\u00e9rieur, \u00e0 l'ext\u00e9rieur et m\u00eame dans des environnements humides.<\/li>\n<\/ul>\n<hr \/>\n<p><strong>Note :<\/strong><\/p>\n<ul>\n<li>La poign\u00e9e rembourr\u00e9e souple et \u00e9paisse est bonne, et la poign\u00e9e rembourr\u00e9e souple et douce est tr\u00e8s agr\u00e9able.<\/li>\n<li>Veuillez nous contacter, v\u00e9rifier attentivement la taille de nos produits et lire les descriptions des tailles de produits avant d&#039;acheter pour \u00e9viter une \u00e9ventuelle exp\u00e9rience d&#039;achat d\u00e9sagr\u00e9able.<\/li>\n<\/ul>\n<p><iframe title=\"Poign\u00e9es pour Flight Case Showcase | Robustes et personnalisables\" width=\"1200\" height=\"675\" src=\"https:\/\/www.youtube.com\/embed\/HTukBWi6wi0?feature=oembed&#038;enablejsapi=1&#038;origin=https:\/\/fayshing.com\" frameborder=\"0\" allow=\"accelerometer; autoplay; clipboard-write; encrypted-media; gyroscope; picture-in-picture; web-share\" referrerpolicy=\"strict-origin-when-cross-origin\" allowfullscreen><\/iframe><\/p>","protected":false},"excerpt":{"rendered":"<ul>\n<li>Bo\u00eete en bois Poign\u00e9e en m\u00e9tal givr\u00e9 avec 5 trous sans ressort<\/li>\n<li>FS-2055<\/li>\n<li>Acier<\/li>\n<li>Chrome<\/li>\n<li>5 trous de fixation<\/li>\n<\/ul>","protected":false},"featured_media":2090,"comment_status":"open","ping_status":"closed","template":"","meta":{"_acf_changed":false},"product_brand":[],"product_cat":[108,121],"product_tag":[],"class_list":{"0":"post-2075","1":"product","2":"type-product","3":"status-publish","4":"has-post-thumbnail","6":"product_cat-handles","7":"product_cat-surface-handles","8":"pa_material-steel","9":"pa_surface-treatment-chrome","10":"description-off","12":"first","13":"instock","14":"shipping-taxable","15":"product-type-simple"},"acf":[],"_links":{"self":[{"href":"https:\/\/fayshing.com\/fr-fr\/wp-json\/wp\/v2\/product\/2075","targetHints":{"allow":["GET"]}}],"collection":[{"href":"https:\/\/fayshing.com\/fr-fr\/wp-json\/wp\/v2\/product"}],"about":[{"href":"https:\/\/fayshing.com\/fr-fr\/wp-json\/wp\/v2\/types\/product"}],"replies":[{"embeddable":true,"href":"https:\/\/fayshing.com\/fr-fr\/wp-json\/wp\/v2\/comments?post=2075"}],"wp:featuredmedia":[{"embeddable":true,"href":"https:\/\/fayshing.com\/fr-fr\/wp-json\/wp\/v2\/media\/2090"}],"wp:attachment":[{"href":"https:\/\/fayshing.com\/fr-fr\/wp-json\/wp\/v2\/media?parent=2075"}],"wp:term":[{"taxonomy":"product_brand","embeddable":true,"href":"https:\/\/fayshing.com\/fr-fr\/wp-json\/wp\/v2\/product_brand?post=2075"},{"taxonomy":"product_cat","embeddable":true,"href":"https:\/\/fayshing.com\/fr-fr\/wp-json\/wp\/v2\/product_cat?post=2075"},{"taxonomy":"product_tag","embeddable":true,"href":"https:\/\/fayshing.com\/fr-fr\/wp-json\/wp\/v2\/product_tag?post=2075"}],"curies":[{"name":"wp","href":"https:\/\/api.w.org\/{rel}","templated":true}]}}