{"id":2037,"date":"2022-04-19T15:51:12","date_gmt":"2022-04-19T07:51:12","guid":{"rendered":"http:\/\/fayshing.com\/index.php\/product\/fayshing-lid-stay-hinge-for-aluminum-box-flight-case-fs-5044\/"},"modified":"2025-08-08T16:18:16","modified_gmt":"2025-08-08T08:18:16","slug":"fayshing-lid-stay-hinge-for-aluminum-box-flight-case-fs-5044","status":"publish","type":"product","link":"https:\/\/fayshing.com\/fr-fr\/product\/fayshing-lid-stay-hinge-for-aluminum-box-flight-case-fs-5044\/","title":{"rendered":"Charni\u00e8re de maintien du couvercle Fayshing pour Flight Case FS-5044 en aluminium"},"content":{"rendered":"<p data-start=\"183\" data-end=\"474\">Le <strong data-start=\"187\" data-end=\"213\">FS-5044 Charni\u00e8re de maintien du couvercle<\/strong> est une ferrure compacte et durable con\u00e7ue pour soutenir et s\u00e9curiser les couvercles des bo\u00eetes en aluminium, des flight cases, des caisses d'instruments et des coffres de rangement. Dot\u00e9 d'un <strong data-start=\"375\" data-end=\"392\">Conception \u00e0 5 trous<\/strong> Avec une charni\u00e8re int\u00e9gr\u00e9e, il permet un fonctionnement souple du couvercle et un positionnement stable.<\/p>\n<p data-start=\"476\" data-end=\"751\">Mesure <strong data-start=\"486\" data-end=\"499\">52 \u00d7 28mm<\/strong> avec <strong data-start=\"505\" data-end=\"530\">\u03a63.3mm trous de montage<\/strong>Le FS-5044 est fabriqu\u00e9 \u00e0 partir de <strong data-start=\"560\" data-end=\"582\">acier de haute qualit\u00e9<\/strong> pour la solidit\u00e9 et la long\u00e9vit\u00e9. Disponible en <strong data-start=\"624\" data-end=\"634\">chrome<\/strong>, <strong data-start=\"636\" data-end=\"646\">dor\u00e9<\/strong>, <strong data-start=\"648\" data-end=\"657\">noir<\/strong>ou d'autres finitions personnalis\u00e9es, il allie performance fonctionnelle et aspect professionnel.<\/p>\n<p data-start=\"753\" data-end=\"772\"><strong data-start=\"753\" data-end=\"770\">Caract\u00e9ristiques principales :<\/strong><\/p>\n<ul data-start=\"773\" data-end=\"1046\">\n<li data-start=\"773\" data-end=\"798\">\n<p data-start=\"775\" data-end=\"798\">Code produit : FS-5044<\/p>\n<\/li>\n<li data-start=\"799\" data-end=\"835\">\n<p data-start=\"801\" data-end=\"835\">Type : Support de couvercle \u00e0 5 trous avec charni\u00e8re<\/p>\n<\/li>\n<li data-start=\"836\" data-end=\"855\">\n<p data-start=\"838\" data-end=\"855\">Taille : 52 \u00d7 28 mm<\/p>\n<\/li>\n<li data-start=\"856\" data-end=\"877\">\n<p data-start=\"858\" data-end=\"877\">Taille du trou : \u03a63.3mm<\/p>\n<\/li>\n<li data-start=\"878\" data-end=\"897\">\n<p data-start=\"880\" data-end=\"897\">Mat\u00e9riau : Acier<\/p>\n<\/li>\n<li data-start=\"898\" data-end=\"965\">\n<p data-start=\"900\" data-end=\"965\">Options de finition : Chrome \/ Dor\u00e9 \/ Noir \/ Autres finitions personnalis\u00e9es<\/p>\n<\/li>\n<li data-start=\"966\" data-end=\"1046\">\n<p data-start=\"968\" data-end=\"1046\">Applications : Bo\u00eetes en aluminium, flight cases, \u00e9tuis \u00e0 instruments, coffres de rangement<\/p>\n<\/li>\n<\/ul>\n<p data-start=\"1048\" data-end=\"1205\">Le FS-5044 est id\u00e9al pour <strong data-start=\"1073\" data-end=\"1108\">les cr\u00e9ateurs de cas et les projets de r\u00e9paration<\/strong>, providing a reliable and stylish lid support solution for both new builds and refurbishments.<\/p>","protected":false},"excerpt":{"rendered":"<ul>\n<li>Support de couvercle \u00e0 5 trous avec charni\u00e8re<\/li>\n<li>Taille : 52 \u00d7 28 mm<\/li>\n<li>Taille du trou \u03a63.3mm<\/li>\n<li>Mat\u00e9riau : acier<\/li>\n<li>Finition : Chrome \/ Dor\u00e9 \/ Noir \/ Autre<\/li>\n<\/ul>","protected":false},"featured_media":2047,"comment_status":"open","ping_status":"closed","template":"","meta":{"_acf_changed":false},"product_brand":[],"product_cat":[114,132],"product_tag":[],"class_list":{"0":"post-2037","1":"product","2":"type-product","3":"status-publish","4":"has-post-thumbnail","6":"product_cat-hinges-lid-stays","7":"product_cat-hinges-with-stays","8":"description-off","10":"first","11":"instock","12":"shipping-taxable","13":"product-type-simple"},"acf":[],"_links":{"self":[{"href":"https:\/\/fayshing.com\/fr-fr\/wp-json\/wp\/v2\/product\/2037","targetHints":{"allow":["GET"]}}],"collection":[{"href":"https:\/\/fayshing.com\/fr-fr\/wp-json\/wp\/v2\/product"}],"about":[{"href":"https:\/\/fayshing.com\/fr-fr\/wp-json\/wp\/v2\/types\/product"}],"replies":[{"embeddable":true,"href":"https:\/\/fayshing.com\/fr-fr\/wp-json\/wp\/v2\/comments?post=2037"}],"wp:featuredmedia":[{"embeddable":true,"href":"https:\/\/fayshing.com\/fr-fr\/wp-json\/wp\/v2\/media\/2047"}],"wp:attachment":[{"href":"https:\/\/fayshing.com\/fr-fr\/wp-json\/wp\/v2\/media?parent=2037"}],"wp:term":[{"taxonomy":"product_brand","embeddable":true,"href":"https:\/\/fayshing.com\/fr-fr\/wp-json\/wp\/v2\/product_brand?post=2037"},{"taxonomy":"product_cat","embeddable":true,"href":"https:\/\/fayshing.com\/fr-fr\/wp-json\/wp\/v2\/product_cat?post=2037"},{"taxonomy":"product_tag","embeddable":true,"href":"https:\/\/fayshing.com\/fr-fr\/wp-json\/wp\/v2\/product_tag?post=2037"}],"curies":[{"name":"wp","href":"https:\/\/api.w.org\/{rel}","templated":true}]}}