{"id":2036,"date":"2022-04-19T15:51:12","date_gmt":"2022-04-19T07:51:12","guid":{"rendered":"http:\/\/fayshing.com\/index.php\/product\/fayshing-small-metal-tool-box-hinge-3941mm-4-holes-hinge-fs-5028\/"},"modified":"2025-04-07T17:30:13","modified_gmt":"2025-04-07T09:30:13","slug":"fayshing-small-metal-tool-box-hinge-3941mm-4-holes-hinge-fs-5028","status":"publish","type":"product","link":"https:\/\/fayshing.com\/fr-fr\/product\/fayshing-small-metal-tool-box-hinge-3941mm-4-holes-hinge-fs-5028\/","title":{"rendered":"Fayshing petite bo\u00eete \u00e0 outils en m\u00e9tal charni\u00e8re 39*41mm 4 trous charni\u00e8re FS-5028"},"content":{"rendered":"<p><strong>Fayshing petite bo\u00eete \u00e0 outils en m\u00e9tal charni\u00e8re 39*41mm 4 trous charni\u00e8re FS-5028<\/strong><\/p>\n<p>Large application : largement utilis\u00e9 dans divers types de flight cases, caisses en bois, valises magiques, valises \u00e0 outils, valises, etc.<\/p>\n<hr \/>\n<p><strong>Description :<\/strong><\/p>\n<ul>\n<li>Les charni\u00e8res sont fabriqu\u00e9es en m\u00e9tal de haute qualit\u00e9, recouvertes de couches d&#039;argent, robustes et durables.<\/li>\n<li>Pas facile \u00e0 rouiller apr\u00e8s avoir \u00e9t\u00e9 expos\u00e9 \u00e0 la pluie, haute duret\u00e9, pas facile \u00e0 d\u00e9former et anti-corrosion.<\/li>\n<\/ul>\n<hr \/>\n<p><strong>Note :<\/strong><\/p>\n<ul>\n<li>En raison de la mesure manuelle, autorisez un \u00e9cart de 1 \u00e0 2 mm. Diff\u00e9rentes lumi\u00e8res de prise de vue et diff\u00e9rents moniteurs peuvent entra\u00eener une l\u00e9g\u00e8re diff\u00e9rence entre la couleur du produit dans l&#039;image et celle du produit r\u00e9el.<\/li>\n<li>Veuillez nous contacter, v\u00e9rifier attentivement la taille de nos produits et lire les descriptions des tailles de produits avant d&#039;acheter pour \u00e9viter une \u00e9ventuelle exp\u00e9rience d&#039;achat d\u00e9sagr\u00e9able.<\/li>\n<\/ul>","protected":false},"excerpt":{"rendered":"<ul>\n<li>Charni\u00e8re de bo\u00eete \u00e0 outils \u00e0 180 degr\u00e9s<\/li>\n<li>Taille : 40 \u00d7 39 mm<\/li>\n<li>Taille du trou \u03a63.4mm<\/li>\n<li>Mat\u00e9riau : acier<\/li>\n<li>Finition : Chrome \/ Dor\u00e9 \/ Noir \/ Autre<\/li>\n<\/ul>","protected":false},"featured_media":2050,"comment_status":"open","ping_status":"closed","template":"","meta":{"_acf_changed":false},"product_brand":[],"product_cat":[114,131],"product_tag":[],"class_list":{"0":"post-2036","1":"product","2":"type-product","3":"status-publish","4":"has-post-thumbnail","6":"product_cat-hinges-lid-stays","7":"product_cat-rectangle-hinges","8":"description-off","10":"first","11":"instock","12":"shipping-taxable","13":"product-type-simple"},"acf":[],"_links":{"self":[{"href":"https:\/\/fayshing.com\/fr-fr\/wp-json\/wp\/v2\/product\/2036","targetHints":{"allow":["GET"]}}],"collection":[{"href":"https:\/\/fayshing.com\/fr-fr\/wp-json\/wp\/v2\/product"}],"about":[{"href":"https:\/\/fayshing.com\/fr-fr\/wp-json\/wp\/v2\/types\/product"}],"replies":[{"embeddable":true,"href":"https:\/\/fayshing.com\/fr-fr\/wp-json\/wp\/v2\/comments?post=2036"}],"wp:featuredmedia":[{"embeddable":true,"href":"https:\/\/fayshing.com\/fr-fr\/wp-json\/wp\/v2\/media\/2050"}],"wp:attachment":[{"href":"https:\/\/fayshing.com\/fr-fr\/wp-json\/wp\/v2\/media?parent=2036"}],"wp:term":[{"taxonomy":"product_brand","embeddable":true,"href":"https:\/\/fayshing.com\/fr-fr\/wp-json\/wp\/v2\/product_brand?post=2036"},{"taxonomy":"product_cat","embeddable":true,"href":"https:\/\/fayshing.com\/fr-fr\/wp-json\/wp\/v2\/product_cat?post=2036"},{"taxonomy":"product_tag","embeddable":true,"href":"https:\/\/fayshing.com\/fr-fr\/wp-json\/wp\/v2\/product_tag?post=2036"}],"curies":[{"name":"wp","href":"https:\/\/api.w.org\/{rel}","templated":true}]}}