{"id":2035,"date":"2022-04-19T15:51:12","date_gmt":"2022-04-19T07:51:12","guid":{"rendered":"http:\/\/fayshing.com\/index.php\/product\/fayshing-jewelry-box-hinge-accessories-hot-selling-case-hardware-butterfly-hinge-fs-5005\/"},"modified":"2025-01-14T11:12:51","modified_gmt":"2025-01-14T03:12:51","slug":"fayshing-jewelry-box-hinge-accessories-hot-selling-case-hardware-butterfly-hinge-fs-5005","status":"publish","type":"product","link":"https:\/\/fayshing.com\/fr-fr\/product\/fayshing-jewelry-box-hinge-accessories-hot-selling-case-hardware-butterfly-hinge-fs-5005\/","title":{"rendered":"Mat\u00e9riel de bo\u00eetier de vente chaude charni\u00e8re papillon FS-5005"},"content":{"rendered":"<p><strong>Fayshing \u2013 charni\u00e8re de bo\u00eete \u00e0 bijoux, accessoires, mat\u00e9riel de bo\u00eetier, charni\u00e8re papillon FS-5005, offre sp\u00e9ciale<\/strong><\/p>\n<p>Large application : largement utilis\u00e9 dans divers types de flight cases, caisses en bois, valises magiques, valises \u00e0 outils, valises, etc.<\/p>\n<hr \/>\n<p><strong>Description :<\/strong><\/p>\n<ul>\n<li>Emplacement : 23 \u00d7 18 mm \/ 0,91 \u00d7 0,71 pouces<\/li>\n<li>Mat\u00e9riel: Fer<\/li>\n<li>Chrome\u00a0:\u00a0Chrome\/Or\/Noir<\/li>\n<li>180 degr\u00e9s<\/li>\n<\/ul>\n<hr \/>\n<p><strong>Note :<\/strong><\/p>\n<ul>\n<li>En raison de la mesure manuelle, autorisez un \u00e9cart de 1 \u00e0 2 mm. Diff\u00e9rentes lumi\u00e8res de prise de vue et diff\u00e9rents moniteurs peuvent entra\u00eener une l\u00e9g\u00e8re diff\u00e9rence entre la couleur du produit dans l&#039;image et celle du produit r\u00e9el.<\/li>\n<li>?Veuillez nous contacter, v\u00e9rifiez attentivement la taille de notre produit et lisez les descriptions de taille du produit avant d&#039;acheter pour \u00e9viter une \u00e9ventuelle exp\u00e9rience d&#039;achat d\u00e9sagr\u00e9able.<\/li>\n<\/ul>","protected":false},"excerpt":{"rendered":"<ul>\n<li>Emplacement : 23 \u00d7 18 mm \/ 0,91 \u00d7 0,71 pouces<\/li>\n<li>Mat\u00e9riel: Fer<\/li>\n<li>Chrome\u00a0:\u00a0Chrome\/Or\/Noir<\/li>\n<li>180 degr\u00e9s<\/li>\n<\/ul>","protected":false},"featured_media":2048,"comment_status":"open","ping_status":"closed","template":"","meta":{"_acf_changed":false},"product_brand":[],"product_cat":[114,130],"product_tag":[],"class_list":{"0":"post-2035","1":"product","2":"type-product","3":"status-publish","4":"has-post-thumbnail","6":"product_cat-hinges-lid-stays","7":"product_cat-plum-shaped-hinges","8":"description-off","10":"first","11":"instock","12":"shipping-taxable","13":"product-type-simple"},"acf":[],"_links":{"self":[{"href":"https:\/\/fayshing.com\/fr-fr\/wp-json\/wp\/v2\/product\/2035","targetHints":{"allow":["GET"]}}],"collection":[{"href":"https:\/\/fayshing.com\/fr-fr\/wp-json\/wp\/v2\/product"}],"about":[{"href":"https:\/\/fayshing.com\/fr-fr\/wp-json\/wp\/v2\/types\/product"}],"replies":[{"embeddable":true,"href":"https:\/\/fayshing.com\/fr-fr\/wp-json\/wp\/v2\/comments?post=2035"}],"wp:featuredmedia":[{"embeddable":true,"href":"https:\/\/fayshing.com\/fr-fr\/wp-json\/wp\/v2\/media\/2048"}],"wp:attachment":[{"href":"https:\/\/fayshing.com\/fr-fr\/wp-json\/wp\/v2\/media?parent=2035"}],"wp:term":[{"taxonomy":"product_brand","embeddable":true,"href":"https:\/\/fayshing.com\/fr-fr\/wp-json\/wp\/v2\/product_brand?post=2035"},{"taxonomy":"product_cat","embeddable":true,"href":"https:\/\/fayshing.com\/fr-fr\/wp-json\/wp\/v2\/product_cat?post=2035"},{"taxonomy":"product_tag","embeddable":true,"href":"https:\/\/fayshing.com\/fr-fr\/wp-json\/wp\/v2\/product_tag?post=2035"}],"curies":[{"name":"wp","href":"https:\/\/api.w.org\/{rel}","templated":true}]}}