{"id":2034,"date":"2022-04-19T15:51:12","date_gmt":"2022-04-19T07:51:12","guid":{"rendered":"http:\/\/fayshing.com\/index.php\/product\/fayshing-antique-mini-hinges-hardware-for-wooden-jewelry-boxes-small-hinges-for-handmade-crafts-fs-5003\/"},"modified":"2025-01-10T14:07:27","modified_gmt":"2025-01-10T06:07:27","slug":"fayshing-antique-mini-hinges-hardware-for-wooden-jewelry-boxes-small-hinges-for-handmade-crafts-fs-5003","status":"publish","type":"product","link":"https:\/\/fayshing.com\/fr-fr\/product\/fayshing-antique-mini-hinges-hardware-for-wooden-jewelry-boxes-small-hinges-for-handmade-crafts-fs-5003\/","title":{"rendered":"Quincaillerie de mini charni\u00e8res antiques Fayshing FS-5003"},"content":{"rendered":"<p><strong>Fayshing \u2013 Mini charni\u00e8res antiques pour bo\u00eetes \u00e0 bijoux en bois, petites charni\u00e8res pour l&#039;artisanat fait \u00e0 la main FS-5003<\/strong><\/p>\n<p>Large application : largement utilis\u00e9 dans divers types de flight cases, caisses en bois, valises magiques, valises \u00e0 outils, valises, etc.<\/p>\n<hr \/>\n<p><strong>Description :<\/strong><\/p>\n<ul>\n<li>Terrain\u00a0: 26 \u00d7 26 mm \/ 1,02 \u00d7 1,02 pouces<\/li>\n<li>Mat\u00e9riel: Fer<\/li>\n<li>Chrome\u00a0:\u00a0Chrome\/Or\/Noir<\/li>\n<li>90 degr\u00e9s<\/li>\n<\/ul>\n<hr \/>\n<p><strong>Note :<\/strong><\/p>\n<ul>\n<li>En raison de la mesure manuelle, autorisez un \u00e9cart de 1 \u00e0 2 mm. Diff\u00e9rentes lumi\u00e8res de prise de vue et diff\u00e9rents moniteurs peuvent entra\u00eener une l\u00e9g\u00e8re diff\u00e9rence entre la couleur du produit dans l&#039;image et celle du produit r\u00e9el.<\/li>\n<li>S&#039;il te pla\u00eet <a href=\"https:\/\/fayshing.com\/fr-fr\/contact-us\/\">Contactez-nous<\/a> V\u00e9rifiez attentivement la taille de nos produits et lisez les descriptions des tailles de produits avant d&#039;acheter pour \u00e9viter une \u00e9ventuelle exp\u00e9rience d&#039;achat d\u00e9sagr\u00e9able.<\/li>\n<\/ul>","protected":false},"excerpt":{"rendered":"<ul>\n<li>Terrain\u00a0: 26 \u00d7 26 mm \/ 1,02 \u00d7 1,02 pouces<\/li>\n<li>Mat\u00e9riel: Fer<\/li>\n<li>Chrome\u00a0:\u00a0Chrome\/Or\/Noir<\/li>\n<li>90 degr\u00e9s<\/li>\n<\/ul>","protected":false},"featured_media":4842,"comment_status":"open","ping_status":"closed","template":"","meta":{"_acf_changed":false},"product_brand":[],"product_cat":[114,130],"product_tag":[],"class_list":{"0":"post-2034","1":"product","2":"type-product","3":"status-publish","4":"has-post-thumbnail","6":"product_cat-hinges-lid-stays","7":"product_cat-plum-shaped-hinges","8":"description-off","10":"first","11":"instock","12":"shipping-taxable","13":"product-type-simple"},"acf":[],"_links":{"self":[{"href":"https:\/\/fayshing.com\/fr-fr\/wp-json\/wp\/v2\/product\/2034","targetHints":{"allow":["GET"]}}],"collection":[{"href":"https:\/\/fayshing.com\/fr-fr\/wp-json\/wp\/v2\/product"}],"about":[{"href":"https:\/\/fayshing.com\/fr-fr\/wp-json\/wp\/v2\/types\/product"}],"replies":[{"embeddable":true,"href":"https:\/\/fayshing.com\/fr-fr\/wp-json\/wp\/v2\/comments?post=2034"}],"wp:featuredmedia":[{"embeddable":true,"href":"https:\/\/fayshing.com\/fr-fr\/wp-json\/wp\/v2\/media\/4842"}],"wp:attachment":[{"href":"https:\/\/fayshing.com\/fr-fr\/wp-json\/wp\/v2\/media?parent=2034"}],"wp:term":[{"taxonomy":"product_brand","embeddable":true,"href":"https:\/\/fayshing.com\/fr-fr\/wp-json\/wp\/v2\/product_brand?post=2034"},{"taxonomy":"product_cat","embeddable":true,"href":"https:\/\/fayshing.com\/fr-fr\/wp-json\/wp\/v2\/product_cat?post=2034"},{"taxonomy":"product_tag","embeddable":true,"href":"https:\/\/fayshing.com\/fr-fr\/wp-json\/wp\/v2\/product_tag?post=2034"}],"curies":[{"name":"wp","href":"https:\/\/api.w.org\/{rel}","templated":true}]}}