{"id":1967,"date":"2022-04-18T17:30:52","date_gmt":"2022-04-18T09:30:52","guid":{"rendered":"http:\/\/fayshing.com\/index.php\/product\/fayshing-medium-stackable-ball-corner-for-flight-case-fs3132\/"},"modified":"2025-01-14T11:14:06","modified_gmt":"2025-01-14T03:14:06","slug":"fayshing-medium-stackable-ball-corner-for-flight-case-fs3132","status":"publish","type":"product","link":"https:\/\/fayshing.com\/fr-fr\/product\/fayshing-medium-stackable-ball-corner-for-flight-case-fs3132\/","title":{"rendered":"Coin boule moyen empilable Fayshing pour flight case FS3132"},"content":{"rendered":"<p><strong>Coin boule moyen empilable Fayshing pour flight case FS3132<\/strong><\/p>\n<p>Large application : largement utilis\u00e9 dans divers types de flight cases, valises \u00e0 musique, valises militaires, valises routi\u00e8res, valises \u00e0 outils, caisses en bois, etc.<\/p>\n<hr \/>\n<p><strong>Description :<\/strong><\/p>\n<ul>\n<li>Les coins de boule sont faits de plaque froide, pas facile \u00e0 rouiller apr\u00e8s avoir \u00e9t\u00e9 expos\u00e9 \u00e0 la pluie, haute duret\u00e9, pas facile \u00e0 d\u00e9former et anticorrosion.<\/li>\n<li>La forme sph\u00e9rique prot\u00e8ge les coins du bo\u00eetier contre les dommages lorsqu&#039;il heurte d&#039;autres objets et emp\u00eache \u00e9galement les coins du bo\u00eetier de blesser les personnes.<\/li>\n<\/ul>\n<hr \/>\n<p><strong>Note :<\/strong><\/p>\n<ul>\n<li>Il a un c\u00f4t\u00e9 plat, ce qui rend le bo\u00eetier facile \u00e0 empiler<\/li>\n<li>En raison de la mesure manuelle, autorisez un \u00e9cart de 1 \u00e0 3 mm.<\/li>\n<li>?Veuillez nous contacter, v\u00e9rifiez attentivement la taille de notre produit et lisez les descriptions de taille du produit avant d&#039;acheter pour \u00e9viter une \u00e9ventuelle exp\u00e9rience d&#039;achat d\u00e9sagr\u00e9able.<\/li>\n<\/ul>","protected":false},"excerpt":{"rendered":"<p>Le coin boule empilable moyen Fayshing est id\u00e9al pour s&#039;adapter aux valises de taille moyenne telles que les valises Road et Cable Flight cases.<\/p>","protected":false},"featured_media":1922,"comment_status":"open","ping_status":"closed","template":"","meta":{"_acf_changed":false},"product_brand":[],"product_cat":[109,126],"product_tag":[],"class_list":{"0":"post-1967","1":"product","2":"type-product","3":"status-publish","4":"has-post-thumbnail","6":"product_cat-case-corners","7":"product_cat-ball-corners","8":"description-off","10":"first","11":"instock","12":"shipping-taxable","13":"product-type-simple"},"acf":[],"_links":{"self":[{"href":"https:\/\/fayshing.com\/fr-fr\/wp-json\/wp\/v2\/product\/1967","targetHints":{"allow":["GET"]}}],"collection":[{"href":"https:\/\/fayshing.com\/fr-fr\/wp-json\/wp\/v2\/product"}],"about":[{"href":"https:\/\/fayshing.com\/fr-fr\/wp-json\/wp\/v2\/types\/product"}],"replies":[{"embeddable":true,"href":"https:\/\/fayshing.com\/fr-fr\/wp-json\/wp\/v2\/comments?post=1967"}],"wp:featuredmedia":[{"embeddable":true,"href":"https:\/\/fayshing.com\/fr-fr\/wp-json\/wp\/v2\/media\/1922"}],"wp:attachment":[{"href":"https:\/\/fayshing.com\/fr-fr\/wp-json\/wp\/v2\/media?parent=1967"}],"wp:term":[{"taxonomy":"product_brand","embeddable":true,"href":"https:\/\/fayshing.com\/fr-fr\/wp-json\/wp\/v2\/product_brand?post=1967"},{"taxonomy":"product_cat","embeddable":true,"href":"https:\/\/fayshing.com\/fr-fr\/wp-json\/wp\/v2\/product_cat?post=1967"},{"taxonomy":"product_tag","embeddable":true,"href":"https:\/\/fayshing.com\/fr-fr\/wp-json\/wp\/v2\/product_tag?post=1967"}],"curies":[{"name":"wp","href":"https:\/\/api.w.org\/{rel}","templated":true}]}}