{"id":1965,"date":"2022-04-18T17:30:52","date_gmt":"2022-04-18T09:30:52","guid":{"rendered":"http:\/\/fayshing.com\/index.php\/product\/fayshing-large-6-holes-stackable-ball-corner-for-flight-case-fs3138\/"},"modified":"2025-01-14T11:14:21","modified_gmt":"2025-01-14T03:14:21","slug":"fayshing-large-6-holes-stackable-ball-corner-for-flight-case-fs3138","status":"publish","type":"product","link":"https:\/\/fayshing.com\/fr-fr\/product\/fayshing-large-6-holes-stackable-ball-corner-for-flight-case-fs3138\/","title":{"rendered":"Fayshing grand coin boule empilable 6 trous pour flight case FS3138"},"content":{"rendered":"<p><strong>Fayshing grand coin boule empilable 6 trous pour flight case FS3138<\/strong><\/p>\n<p>Large application : largement utilis\u00e9 dans divers types de flight cases, valises \u00e0 musique, valises militaires, valises routi\u00e8res, valises \u00e0 outils, caisses en bois, etc.<\/p>\n<hr \/>\n<p><strong>Description :<\/strong><\/p>\n<ul>\n<li>Les coins des boules sont fabriqu\u00e9s en t\u00f4le froide, qui ne rouille pas facilement apr\u00e8s avoir \u00e9t\u00e9 expos\u00e9e \u00e0 la pluie,<\/li>\n<li>Duret\u00e9 \u00e9lev\u00e9e, r\u00e9sistance \u00e0 la d\u00e9formation et anticorrosion.<\/li>\n<li>\u00a0Prot\u00e8ge les coins de l'\u00e9tui contre les dommages caus\u00e9s par d'autres objets et emp\u00eache les coins de l'\u00e9tui de blesser les gens.<\/li>\n<li>Il a un c\u00f4t\u00e9 plat, ce qui rend le bo\u00eetier facile \u00e0 empiler<\/li>\n<\/ul>\n<hr \/>\n<p><strong>Note :<\/strong><\/p>\n<ul>\n<li>En raison de la mesure manuelle, autorisez un \u00e9cart de 1 \u00e0 3 mm.<\/li>\n<li>Veuillez nous contacter, v\u00e9rifier attentivement la taille de nos produits et lire les descriptions des tailles de produits avant d&#039;acheter pour \u00e9viter une \u00e9ventuelle exp\u00e9rience d&#039;achat d\u00e9sagr\u00e9able.<\/li>\n<\/ul>","protected":false},"excerpt":{"rendered":"<p>Le grand coin boule empilable Fayshing \u00e0 6 trous est id\u00e9al pour s&#039;adapter aux valises plus grandes telles que les valises Road et Cable Flight cases.<\/p>","protected":false},"featured_media":1920,"comment_status":"open","ping_status":"closed","template":"","meta":{"_acf_changed":false},"product_brand":[],"product_cat":[109,126],"product_tag":[],"class_list":{"0":"post-1965","1":"product","2":"type-product","3":"status-publish","4":"has-post-thumbnail","6":"product_cat-case-corners","7":"product_cat-ball-corners","8":"description-off","10":"first","11":"instock","12":"shipping-taxable","13":"product-type-simple"},"acf":[],"_links":{"self":[{"href":"https:\/\/fayshing.com\/fr-fr\/wp-json\/wp\/v2\/product\/1965","targetHints":{"allow":["GET"]}}],"collection":[{"href":"https:\/\/fayshing.com\/fr-fr\/wp-json\/wp\/v2\/product"}],"about":[{"href":"https:\/\/fayshing.com\/fr-fr\/wp-json\/wp\/v2\/types\/product"}],"replies":[{"embeddable":true,"href":"https:\/\/fayshing.com\/fr-fr\/wp-json\/wp\/v2\/comments?post=1965"}],"wp:featuredmedia":[{"embeddable":true,"href":"https:\/\/fayshing.com\/fr-fr\/wp-json\/wp\/v2\/media\/1920"}],"wp:attachment":[{"href":"https:\/\/fayshing.com\/fr-fr\/wp-json\/wp\/v2\/media?parent=1965"}],"wp:term":[{"taxonomy":"product_brand","embeddable":true,"href":"https:\/\/fayshing.com\/fr-fr\/wp-json\/wp\/v2\/product_brand?post=1965"},{"taxonomy":"product_cat","embeddable":true,"href":"https:\/\/fayshing.com\/fr-fr\/wp-json\/wp\/v2\/product_cat?post=1965"},{"taxonomy":"product_tag","embeddable":true,"href":"https:\/\/fayshing.com\/fr-fr\/wp-json\/wp\/v2\/product_tag?post=1965"}],"curies":[{"name":"wp","href":"https:\/\/api.w.org\/{rel}","templated":true}]}}