{"id":1963,"date":"2022-04-18T17:30:51","date_gmt":"2022-04-18T09:30:51","guid":{"rendered":"http:\/\/fayshing.com\/index.php\/product\/fayshing-large-stackable-ball-corner-for-flight-case-fs3136\/"},"modified":"2026-01-13T10:30:02","modified_gmt":"2026-01-13T02:30:02","slug":"fayshing-large-stackable-ball-corner-for-flight-case-fs3136","status":"publish","type":"product","link":"https:\/\/fayshing.com\/fr-fr\/product\/fayshing-large-stackable-ball-corner-for-flight-case-fs3136\/","title":{"rendered":"Grand coin boule empilable FS3136"},"content":{"rendered":"<p><strong>Le grand coin boule empilable Fayshing est id\u00e9al pour s&#039;adapter \u00e0 des valises plus grandes telles que les valises Road et Cable Flight cases.<\/strong><\/p>\n<p><strong>Fayshing grand coin boule pour flight case FS3136<\/strong><\/p>\n<p>Large application : largement utilis\u00e9 dans divers types de flight cases, valises \u00e0 musique, valises militaires, valises routi\u00e8res, valises \u00e0 outils, caisses en bois, etc.<\/p>\n<hr \/>\n<p><strong>Description :<\/strong><\/p>\n<ul>\n<li>Les coins de boule sont faits de plaque froide, pas facile \u00e0 rouiller apr\u00e8s avoir \u00e9t\u00e9 expos\u00e9 \u00e0 la pluie, haute duret\u00e9, pas facile \u00e0 d\u00e9former et anticorrosion.<\/li>\n<li>La forme sph\u00e9rique prot\u00e8ge les coins du bo\u00eetier contre les dommages lorsqu&#039;il heurte d&#039;autres objets et emp\u00eache \u00e9galement les coins du bo\u00eetier de blesser les personnes.<\/li>\n<\/ul>\n<hr \/>\n<p><strong>Note :<\/strong><\/p>\n<ul>\n<li>Il a un c\u00f4t\u00e9 plat, ce qui rend le bo\u00eetier facile \u00e0 empiler<\/li>\n<li>En raison de la mesure manuelle, autorisez un \u00e9cart de 1 \u00e0 3 mm.<\/li>\n<li>?Veuillez nous contacter, v\u00e9rifiez attentivement la taille de notre produit et lisez les descriptions de taille du produit avant d&#039;acheter pour \u00e9viter une \u00e9ventuelle exp\u00e9rience d&#039;achat d\u00e9sagr\u00e9able.<\/li>\n<\/ul>","protected":false},"excerpt":{"rendered":"<ul>\n<li>Emplacement\u00a0: 74*82mm<\/li>\n<li>Fini : Chrome\/Or\/Noir<\/li>\n<li>Mat\u00e9riel: Plaque froide<\/li>\n<\/ul>","protected":false},"featured_media":1918,"comment_status":"closed","ping_status":"closed","template":"","meta":{"_acf_changed":false},"product_brand":[],"product_cat":[109,126],"product_tag":[],"class_list":{"0":"post-1963","1":"product","2":"type-product","3":"status-publish","4":"has-post-thumbnail","6":"product_cat-case-corners","7":"product_cat-ball-corners","8":"description-off","10":"first","11":"instock","12":"shipping-taxable","13":"product-type-simple"},"acf":[],"_links":{"self":[{"href":"https:\/\/fayshing.com\/fr-fr\/wp-json\/wp\/v2\/product\/1963","targetHints":{"allow":["GET"]}}],"collection":[{"href":"https:\/\/fayshing.com\/fr-fr\/wp-json\/wp\/v2\/product"}],"about":[{"href":"https:\/\/fayshing.com\/fr-fr\/wp-json\/wp\/v2\/types\/product"}],"replies":[{"embeddable":true,"href":"https:\/\/fayshing.com\/fr-fr\/wp-json\/wp\/v2\/comments?post=1963"}],"wp:featuredmedia":[{"embeddable":true,"href":"https:\/\/fayshing.com\/fr-fr\/wp-json\/wp\/v2\/media\/1918"}],"wp:attachment":[{"href":"https:\/\/fayshing.com\/fr-fr\/wp-json\/wp\/v2\/media?parent=1963"}],"wp:term":[{"taxonomy":"product_brand","embeddable":true,"href":"https:\/\/fayshing.com\/fr-fr\/wp-json\/wp\/v2\/product_brand?post=1963"},{"taxonomy":"product_cat","embeddable":true,"href":"https:\/\/fayshing.com\/fr-fr\/wp-json\/wp\/v2\/product_cat?post=1963"},{"taxonomy":"product_tag","embeddable":true,"href":"https:\/\/fayshing.com\/fr-fr\/wp-json\/wp\/v2\/product_tag?post=1963"}],"curies":[{"name":"wp","href":"https:\/\/api.w.org\/{rel}","templated":true}]}}