{"id":1668,"date":"2022-04-15T09:25:07","date_gmt":"2022-04-15T01:25:07","guid":{"rendered":"http:\/\/fayshing.com\/?post_type=product&#038;p=1668"},"modified":"2025-06-13T15:19:14","modified_gmt":"2025-06-13T07:19:14","slug":"plastic-black-briefcase-handle-fs2078","status":"publish","type":"product","link":"https:\/\/fayshing.com\/fr-fr\/product\/plastic-black-briefcase-handle-fs2078\/","title":{"rendered":"160 \u00d7 64mm Plastique Poign\u00e9e noire pour porte-documents FS2083"},"content":{"rendered":"<p><strong>Porte-documents noir Poign\u00e9e pivotante<\/strong><\/p>\n<p>Poign\u00e9e pivotante en plastique noir. Poign\u00e9e profil\u00e9e confortable. R\u00e9plique exacte d'une poign\u00e9e en cuir cousue. Id\u00e9al pour les porte-documents, les \u00e9tuis \u00e0 guitare, les bagages, etc.<\/p>\n<hr \/>\n<p><strong>Description :<\/strong><\/p>\n<ul>\n<li>Poign\u00e9e pivotante en plastique noir ;<\/li>\n<li>Poign\u00e9e profil\u00e9e confortable ;<\/li>\n<li>R\u00e9plique exacte d'une poign\u00e9e en cuir cousue ;<\/li>\n<li>Id\u00e9al pour les porte-documents, les \u00e9tuis \u00e0 guitare, les bagages, etc.<\/li>\n<\/ul>\n<p>&nbsp;<\/p>","protected":false},"excerpt":{"rendered":"<ul>\n<li>Poign\u00e9e pivotante pour porte-documents avec raccords chrom\u00e9s<\/li>\n<li>FS2083<\/li>\n<li>160 \u00d7 64 mm<\/li>\n<li>Plastique, alliage<\/li>\n<li>Noir + Chrome<\/li>\n<\/ul>","protected":false},"featured_media":1669,"comment_status":"open","ping_status":"closed","template":"","meta":{"_acf_changed":false},"product_brand":[],"product_cat":[108,123],"product_tag":[],"class_list":{"0":"post-1668","1":"product","2":"type-product","3":"status-publish","4":"has-post-thumbnail","6":"product_cat-handles","7":"product_cat-briefcase-handles","8":"pa_material-plastic","9":"pa_surface-treatment-black","10":"pa_surface-treatment-chrome","11":"description-off","13":"first","14":"instock","15":"shipping-taxable","16":"product-type-simple"},"acf":[],"_links":{"self":[{"href":"https:\/\/fayshing.com\/fr-fr\/wp-json\/wp\/v2\/product\/1668","targetHints":{"allow":["GET"]}}],"collection":[{"href":"https:\/\/fayshing.com\/fr-fr\/wp-json\/wp\/v2\/product"}],"about":[{"href":"https:\/\/fayshing.com\/fr-fr\/wp-json\/wp\/v2\/types\/product"}],"replies":[{"embeddable":true,"href":"https:\/\/fayshing.com\/fr-fr\/wp-json\/wp\/v2\/comments?post=1668"}],"wp:featuredmedia":[{"embeddable":true,"href":"https:\/\/fayshing.com\/fr-fr\/wp-json\/wp\/v2\/media\/1669"}],"wp:attachment":[{"href":"https:\/\/fayshing.com\/fr-fr\/wp-json\/wp\/v2\/media?parent=1668"}],"wp:term":[{"taxonomy":"product_brand","embeddable":true,"href":"https:\/\/fayshing.com\/fr-fr\/wp-json\/wp\/v2\/product_brand?post=1668"},{"taxonomy":"product_cat","embeddable":true,"href":"https:\/\/fayshing.com\/fr-fr\/wp-json\/wp\/v2\/product_cat?post=1668"},{"taxonomy":"product_tag","embeddable":true,"href":"https:\/\/fayshing.com\/fr-fr\/wp-json\/wp\/v2\/product_tag?post=1668"}],"curies":[{"name":"wp","href":"https:\/\/api.w.org\/{rel}","templated":true}]}}