{"id":1662,"date":"2022-04-15T09:01:51","date_gmt":"2022-04-15T01:01:51","guid":{"rendered":"http:\/\/fayshing.com\/?post_type=product&#038;p=1662"},"modified":"2025-06-06T15:23:30","modified_gmt":"2025-06-06T07:23:30","slug":"heavy-duty-medium-recessed-handle-fs2065","status":"publish","type":"product","link":"https:\/\/fayshing.com\/fr-fr\/product\/heavy-duty-medium-recessed-handle-fs2065\/","title":{"rendered":"Poign\u00e9e encastr\u00e9e moyenne robuste FS2065"},"content":{"rendered":"<p><strong>Flight Case Poign\u00e9e encastr\u00e9e (moyenne) - Flight Case Parts<\/strong><\/p>\n<p>Il s&#039;agit d&#039;un ensemble monobloc \u00e0 ressort qui se monte sur la surface ext\u00e9rieure du bo\u00eetier sans n\u00e9cessiter de d\u00e9coupe et permet un transport confortable des bo\u00eetiers.<\/p>\n<hr \/>\n<p>Description :<\/p>\n<ul>\n<li>La plaque encastr\u00e9e permet d'encastrer la poign\u00e9e ;<\/li>\n<li>L'attache de 1\/4\u2033 de diam\u00e8tre s'arr\u00eate \u00e0 90 degr\u00e9s ;<\/li>\n<li>La baille revient en position plate lorsqu'elle n'est pas utilis\u00e9e ;<\/li>\n<li>Finition noire durable avec toutes les surfaces enti\u00e8rement pr\u00e9peintes pour \u00e9viter la rouille ;<\/li>\n<li>Poign\u00e9e rembourr\u00e9e de 3\/4\u2033 de diam\u00e8tre<\/li>\n<\/ul>\n<hr \/>\n<p>A propos de cet article<\/p>\n<ul>\n<li>\u00a7 \u3010 Shockproof design\u3011 La poign\u00e9e de la bo\u00eete pliante est dot\u00e9e d'un ressort de rappel puissant int\u00e9gr\u00e9, qui peut rebondir automatiquement pour \u00e9viter que la poign\u00e9e de suspension ne s'\u00e9branle pendant le transport. La construction robuste et le ressort durable garantissent une utilisation \u00e0 long terme.<\/li>\n<li>\u00a7 \u3010 Prise s\u00fbre et confortable\u3011 Le manchon de pr\u00e9hension en caoutchouc noir est isol\u00e9 et peut prot\u00e9ger votre main contre les blessures. Les leviers et les bases \u00e9pais le rendent plus r\u00e9sistant et durable.<\/li>\n<li>\u00a7 \u3010Vaste gamme d'utilisation\u3011 Vous recevrez 2pcs poign\u00e9es en acier inoxydable, largement utilis\u00e9 dans divers types de bo\u00eetes d'emballage, anneau de poign\u00e9e de bo\u00eete en aluminium, poign\u00e9e lat\u00e9rale m\u00e9canique, poign\u00e9e de bo\u00eete \u00e0 outils, poign\u00e9e de bo\u00eete militaire, divers flight cases, etc.<\/li>\n<\/ul>\n<p><iframe title=\"Poign\u00e9es pour Flight Case Showcase | Robustes et personnalisables\" width=\"1200\" height=\"675\" src=\"https:\/\/www.youtube.com\/embed\/HTukBWi6wi0?feature=oembed&#038;enablejsapi=1&#038;origin=https:\/\/fayshing.com\" frameborder=\"0\" allow=\"accelerometer; autoplay; clipboard-write; encrypted-media; gyroscope; picture-in-picture; web-share\" referrerpolicy=\"strict-origin-when-cross-origin\" allowfullscreen><\/iframe><\/p>","protected":false},"excerpt":{"rendered":"<ul>\n<li>8mm Medium Heavy Duty Medium Recessed Handle<\/li>\n<li>Acier<\/li>\n<li>162 \u00d7 108mm<\/li>\n<li>La poign\u00e9e est en caoutchouc noir<\/li>\n<li>10 trous de fixation<\/li>\n<li>Chrome \/ Noir \/ Bleu Zinc<\/li>\n<\/ul>","protected":false},"featured_media":6226,"comment_status":"open","ping_status":"closed","template":"","meta":{"_acf_changed":false},"product_brand":[],"product_cat":[108,120],"product_tag":[],"class_list":{"0":"post-1662","1":"product","2":"type-product","3":"status-publish","4":"has-post-thumbnail","6":"product_cat-handles","7":"product_cat-recessed-handles","8":"pa_material-steel","9":"pa_surface-treatment-black","10":"pa_surface-treatment-blue-zinc","11":"pa_surface-treatment-chrome","12":"description-off","14":"first","15":"instock","16":"shipping-taxable","17":"product-type-simple"},"acf":[],"_links":{"self":[{"href":"https:\/\/fayshing.com\/fr-fr\/wp-json\/wp\/v2\/product\/1662","targetHints":{"allow":["GET"]}}],"collection":[{"href":"https:\/\/fayshing.com\/fr-fr\/wp-json\/wp\/v2\/product"}],"about":[{"href":"https:\/\/fayshing.com\/fr-fr\/wp-json\/wp\/v2\/types\/product"}],"replies":[{"embeddable":true,"href":"https:\/\/fayshing.com\/fr-fr\/wp-json\/wp\/v2\/comments?post=1662"}],"wp:featuredmedia":[{"embeddable":true,"href":"https:\/\/fayshing.com\/fr-fr\/wp-json\/wp\/v2\/media\/6226"}],"wp:attachment":[{"href":"https:\/\/fayshing.com\/fr-fr\/wp-json\/wp\/v2\/media?parent=1662"}],"wp:term":[{"taxonomy":"product_brand","embeddable":true,"href":"https:\/\/fayshing.com\/fr-fr\/wp-json\/wp\/v2\/product_brand?post=1662"},{"taxonomy":"product_cat","embeddable":true,"href":"https:\/\/fayshing.com\/fr-fr\/wp-json\/wp\/v2\/product_cat?post=1662"},{"taxonomy":"product_tag","embeddable":true,"href":"https:\/\/fayshing.com\/fr-fr\/wp-json\/wp\/v2\/product_tag?post=1662"}],"curies":[{"name":"wp","href":"https:\/\/api.w.org\/{rel}","templated":true}]}}