{"id":1491,"date":"2022-04-13T11:26:21","date_gmt":"2022-04-13T03:26:21","guid":{"rendered":"http:\/\/fayshing.com\/?post_type=product&#038;p=1491"},"modified":"2025-01-14T11:15:48","modified_gmt":"2025-01-14T03:15:48","slug":"single-angle-extrusion-30mm","status":"publish","type":"product","link":"https:\/\/fayshing.com\/fr-fr\/product\/single-angle-extrusion-30mm\/","title":{"rendered":"Extrusion \u00e0 angle unique 30 mm"},"content":{"rendered":"<p>Prot\u00e9gez les joints et les bordures des coins ext\u00e9rieurs de votre bo\u00eetier avec des extrusions d&#039;aluminium robustes. Id\u00e9al pour encadrer des caisses cr\u00e9\u00e9es en style bo\u00eete avec des bords de coin de panneau qui se chevauchent.<\/p>\n<p>&nbsp;<\/p>","protected":false},"excerpt":{"rendered":"<p>Prot\u00e9gez les joints et les bordures des coins ext\u00e9rieurs de votre bo\u00eetier avec des extrusions d&#039;aluminium robustes. Id\u00e9al pour encadrer des caisses cr\u00e9\u00e9es en style bo\u00eete avec des bords de coin de panneau qui se chevauchent.<\/p>","protected":false},"featured_media":1492,"comment_status":"closed","ping_status":"closed","template":"","meta":{"_acf_changed":false},"product_brand":[],"product_cat":[111],"product_tag":[],"class_list":{"0":"post-1491","1":"product","2":"type-product","3":"status-publish","4":"has-post-thumbnail","6":"product_cat-extrusion","7":"pa_parts-no-fs-a008-zh001","8":"description-off","10":"first","11":"instock","12":"featured","13":"shipping-taxable","14":"product-type-simple"},"acf":[],"_links":{"self":[{"href":"https:\/\/fayshing.com\/fr-fr\/wp-json\/wp\/v2\/product\/1491","targetHints":{"allow":["GET"]}}],"collection":[{"href":"https:\/\/fayshing.com\/fr-fr\/wp-json\/wp\/v2\/product"}],"about":[{"href":"https:\/\/fayshing.com\/fr-fr\/wp-json\/wp\/v2\/types\/product"}],"replies":[{"embeddable":true,"href":"https:\/\/fayshing.com\/fr-fr\/wp-json\/wp\/v2\/comments?post=1491"}],"wp:featuredmedia":[{"embeddable":true,"href":"https:\/\/fayshing.com\/fr-fr\/wp-json\/wp\/v2\/media\/1492"}],"wp:attachment":[{"href":"https:\/\/fayshing.com\/fr-fr\/wp-json\/wp\/v2\/media?parent=1491"}],"wp:term":[{"taxonomy":"product_brand","embeddable":true,"href":"https:\/\/fayshing.com\/fr-fr\/wp-json\/wp\/v2\/product_brand?post=1491"},{"taxonomy":"product_cat","embeddable":true,"href":"https:\/\/fayshing.com\/fr-fr\/wp-json\/wp\/v2\/product_cat?post=1491"},{"taxonomy":"product_tag","embeddable":true,"href":"https:\/\/fayshing.com\/fr-fr\/wp-json\/wp\/v2\/product_tag?post=1491"}],"curies":[{"name":"wp","href":"https:\/\/api.w.org\/{rel}","templated":true}]}}