{"id":1489,"date":"2022-04-13T11:12:02","date_gmt":"2022-04-13T03:12:02","guid":{"rendered":"http:\/\/fayshing.com\/?post_type=product&#038;p=1489"},"modified":"2025-01-06T10:39:12","modified_gmt":"2025-01-06T02:39:12","slug":"fayshing-100mm-4-blue-swivel-braked-castor","status":"publish","type":"product","link":"https:\/\/fayshing.com\/fr-fr\/product\/fayshing-100mm-4-blue-swivel-braked-castor\/","title":{"rendered":"Roulette pivotante frein\u00e9e bleue FAYSHING 100 mm \/ 4\u2033"},"content":{"rendered":"<p><strong>Large utilisation :<\/strong> Largement utilis\u00e9s \u00e0 l'int\u00e9rieur et \u00e0 l'ext\u00e9rieur, les chariots, les \u00e9tablis, les meubles, les \u00e9tag\u00e8res et autres articles que l'on trouve couramment dans les ateliers, les garages, les cuisines, les bureaux, etc.<\/p>\n<p><strong>Robuste et double roulement \u00e0 billes :<\/strong> Nos roues pivotantes \u00e0 plateau sup\u00e9rieur de 4 pouces peuvent supporter 200 kg, double roulement.<\/p>\n<p><strong>Frein double :<\/strong> Nos roues pivotantes \u00e0 plateau sup\u00e9rieur sont dot\u00e9es d'un double frein, elles peuvent freiner le sens de rotation du plateau inf\u00e9rieur et la direction de la roue vers l'avant, ce qui est facile \u00e0 utiliser.<\/p>\n<p><strong>Le silence :<\/strong> Silencieux, facile \u00e0 pousser, forte capacit\u00e9 de charge.<\/p>","protected":false},"excerpt":{"rendered":"<div id=\"featurebullets_feature_div\" class=\"celwidget\" data-feature-name=\"featurebullets\" data-csa-c-type=\"widget\" data-csa-c-slot-id=\"ppd-center.45\" data-csa-c-component=\"featurebullets\" data-csa-c-cs-type=\"DETAIL_PAGE_DYNAMIC\" data-csa-c-id=\"pgspij-tua38n-9t9jxk-aa4v6l\" data-cel-widget=\"featurebullets_feature_div\">\n<div id=\"feature-bullets\" class=\"a-section a-spacing-medium a-spacing-top-small\">\n<p><span class=\"a-list-item\">Facile \u00e0 pousser, pas de bruit, \u00e9conomiser de l&#039;\u00e9nergie, ne pas blesser le sol, pas de traces, forte capacit\u00e9 portante.<\/span><\/p>\n<\/div>\n<\/div>\n<div id=\"provenanceCertifications_feature_div\" class=\"celwidget\" data-feature-name=\"provenanceCertifications\" data-csa-c-type=\"widget\" data-csa-c-slot-id=\"ppd-center.46\" data-csa-c-component=\"provenanceCertifications\" data-csa-c-cs-type=\"DETAIL_PAGE_DYNAMIC\" data-csa-c-id=\"x9bkdg-u39vuk-v9d25n-yrb2ny\" data-cel-widget=\"provenanceCertifications_feature_div\"><\/div>\n<div id=\"serviceCapabilities_feature_div\" class=\"celwidget\" data-feature-name=\"serviceCapabilities\" data-csa-c-type=\"widget\" data-csa-c-slot-id=\"ppd-center.47\" data-csa-c-component=\"serviceCapabilities\" data-csa-c-cs-type=\"DETAIL_PAGE_DYNAMIC\" data-csa-c-id=\"s6vsnm-3aadd2-tpjj06-gh3vwo\" data-cel-widget=\"serviceCapabilities_feature_div\"><\/div>","protected":false},"featured_media":1490,"comment_status":"open","ping_status":"closed","template":"","meta":{"_acf_changed":false},"product_brand":[],"product_cat":[112],"product_tag":[],"class_list":{"0":"post-1489","1":"product","2":"type-product","3":"status-publish","4":"has-post-thumbnail","6":"product_cat-castor-wheel","7":"pa_application-flight-case","8":"pa_application-road-case","9":"pa_delivery-time-please-contact-sales-staff","10":"pa_material-stainless-steel","11":"pa_surface-treatment-blue-zinc","12":"description-off","14":"first","15":"instock","16":"featured","17":"shipping-taxable","18":"product-type-simple"},"acf":[],"_links":{"self":[{"href":"https:\/\/fayshing.com\/fr-fr\/wp-json\/wp\/v2\/product\/1489","targetHints":{"allow":["GET"]}}],"collection":[{"href":"https:\/\/fayshing.com\/fr-fr\/wp-json\/wp\/v2\/product"}],"about":[{"href":"https:\/\/fayshing.com\/fr-fr\/wp-json\/wp\/v2\/types\/product"}],"replies":[{"embeddable":true,"href":"https:\/\/fayshing.com\/fr-fr\/wp-json\/wp\/v2\/comments?post=1489"}],"wp:featuredmedia":[{"embeddable":true,"href":"https:\/\/fayshing.com\/fr-fr\/wp-json\/wp\/v2\/media\/1490"}],"wp:attachment":[{"href":"https:\/\/fayshing.com\/fr-fr\/wp-json\/wp\/v2\/media?parent=1489"}],"wp:term":[{"taxonomy":"product_brand","embeddable":true,"href":"https:\/\/fayshing.com\/fr-fr\/wp-json\/wp\/v2\/product_brand?post=1489"},{"taxonomy":"product_cat","embeddable":true,"href":"https:\/\/fayshing.com\/fr-fr\/wp-json\/wp\/v2\/product_cat?post=1489"},{"taxonomy":"product_tag","embeddable":true,"href":"https:\/\/fayshing.com\/fr-fr\/wp-json\/wp\/v2\/product_tag?post=1489"}],"curies":[{"name":"wp","href":"https:\/\/api.w.org\/{rel}","templated":true}]}}