{"id":1482,"date":"2022-04-13T10:12:17","date_gmt":"2022-04-13T02:12:17","guid":{"rendered":"http:\/\/fayshing.com\/?post_type=product&#038;p=1482"},"modified":"2024-03-12T15:15:47","modified_gmt":"2024-03-12T07:15:47","slug":"fayshing-hinge-strut-chrome-88mm-49mm-fs5100","status":"publish","type":"product","link":"https:\/\/fayshing.com\/fr-fr\/product\/fayshing-hinge-strut-chrome-88mm-49mm-fs5100\/","title":{"rendered":"FAYSHING Charni\u00e8re Strut Chrome 88mm x 49mm FS5100"},"content":{"rendered":"<p>\u3010<strong>Mat\u00e9riel<\/strong>\u3011This chest handle is made of premium Galvanized Iron with better rust resistance, anti-corrosion, durable.<br \/>\n\u3010<strong>Facile \u00e0 installer<\/strong>\u30118 trous pour une installation facile. Poign\u00e9e de coffre mont\u00e9e en surface pour une utilisation sur les coffres, les caisses et les bo\u00eetes de rangement.<br \/>\n\u3010<strong>Large application<\/strong>\u3011La charni\u00e8re de jambe de force convient \u00e0 la bo\u00eete \u00e0 air, \u00e0 la bo\u00eete \u00e0 outils, \u00e0 la bo\u00eete en aluminium, au ch\u00e2ssis, aux bagages, etc.<\/p>\n<hr \/>\n<p><strong>Fonctionnalit\u00e9 :<\/strong><br \/>\n1) Fabriqu\u00e9 en fer chrom\u00e9, anti-corrosion, antirouille, durable.<br \/>\n2. la charni\u00e8re de jambe de force convient \u00e0 la bo\u00eete \u00e0 air, \u00e0 la bo\u00eete \u00e0 outils, \u00e0 la bo\u00eete en aluminium, au ch\u00e2ssis, aux bagages, etc.<br \/>\n3. utilis\u00e9 pour s\u00e9curiser les petites portes, les armoires, les bo\u00eetes \u00e0 outils, les casiers, les forts de p\u00eache et les bo\u00eetes \u00e0 p\u00eache, etc.<\/p>\n<hr \/>\n<p><strong>Remarque :<\/strong><br \/>\n1) Une erreur de 1 \u00e0 10 mm peut \u00eatre tol\u00e9r\u00e9e en raison des mesures manuelles.<br \/>\n2. la couleur peut varier en fonction de la diff\u00e9rence d'affichage, veuillez comprendre.<\/p>","protected":false},"excerpt":{"rendered":"<p>Charni\u00e8re 8 trous chrom\u00e9e pour flight case.<\/p>","protected":false},"featured_media":1483,"comment_status":"open","ping_status":"closed","template":"","meta":{"_acf_changed":false},"product_brand":[],"product_cat":[114],"product_tag":[],"class_list":{"0":"post-1482","1":"product","2":"type-product","3":"status-publish","4":"has-post-thumbnail","6":"product_cat-hinges-lid-stays","7":"pa_application-flight-case","8":"pa_application-military-box","9":"pa_application-mixer-box","10":"pa_application-road-case","11":"pa_delivery-time-please-contact-sales-staff","12":"pa_material-electrolytic-plate","13":"pa_material-iron","14":"pa_material-stainless-steel","15":"pa_surface-treatment-blue-zinc","16":"pa_surface-treatment-chrome","17":"description-off","19":"first","20":"instock","21":"featured","22":"shipping-taxable","23":"product-type-simple"},"acf":[],"_links":{"self":[{"href":"https:\/\/fayshing.com\/fr-fr\/wp-json\/wp\/v2\/product\/1482","targetHints":{"allow":["GET"]}}],"collection":[{"href":"https:\/\/fayshing.com\/fr-fr\/wp-json\/wp\/v2\/product"}],"about":[{"href":"https:\/\/fayshing.com\/fr-fr\/wp-json\/wp\/v2\/types\/product"}],"replies":[{"embeddable":true,"href":"https:\/\/fayshing.com\/fr-fr\/wp-json\/wp\/v2\/comments?post=1482"}],"wp:featuredmedia":[{"embeddable":true,"href":"https:\/\/fayshing.com\/fr-fr\/wp-json\/wp\/v2\/media\/1483"}],"wp:attachment":[{"href":"https:\/\/fayshing.com\/fr-fr\/wp-json\/wp\/v2\/media?parent=1482"}],"wp:term":[{"taxonomy":"product_brand","embeddable":true,"href":"https:\/\/fayshing.com\/fr-fr\/wp-json\/wp\/v2\/product_brand?post=1482"},{"taxonomy":"product_cat","embeddable":true,"href":"https:\/\/fayshing.com\/fr-fr\/wp-json\/wp\/v2\/product_cat?post=1482"},{"taxonomy":"product_tag","embeddable":true,"href":"https:\/\/fayshing.com\/fr-fr\/wp-json\/wp\/v2\/product_tag?post=1482"}],"curies":[{"name":"wp","href":"https:\/\/api.w.org\/{rel}","templated":true}]}}