{"id":1477,"date":"2022-04-13T09:47:01","date_gmt":"2022-04-13T01:47:01","guid":{"rendered":"http:\/\/fayshing.com\/?post_type=product&#038;p=1477"},"modified":"2025-05-16T09:49:19","modified_gmt":"2025-05-16T01:49:19","slug":"medium-ball-corner-with-30mm-offset-3-mounting-holes","status":"publish","type":"product","link":"https:\/\/fayshing.com\/fr-fr\/product\/medium-ball-corner-with-30mm-offset-3-mounting-holes\/","title":{"rendered":"Medium Ball Corner avec d\u00e9calage de 30mm (3 trous de fixation) FS3213"},"content":{"rendered":"<p>Coin boule moyen Pour prot\u00e9ger les coins des valises de vol\/route, des coffres, des bo\u00eetes et des haut-parleurs. R\u00e9alisez votre propre projet de haut-parleur professionnel personnalis\u00e9.<\/p>\n<hr \/>\n<p>Description :<\/p>\n<ul>\n<li>A utiliser pour les coffrets et les armoires de petite taille ;<\/li>\n<li>Poign\u00e9e profil\u00e9e confortable ;<\/li>\n<li>Trois trous de fixation seulement acc\u00e9l\u00e8rent l'installation ;<\/li>\n<li>Id\u00e9al pour les mallettes de vol\/route, les coffres, les bo\u00eetes et les haut-parleurs, etc.<\/li>\n<\/ul>","protected":false},"excerpt":{"rendered":"<p>Coin boule moyen Pour prot\u00e9ger les coins des valises de vol\/route, des coffres, des bo\u00eetes et des haut-parleurs. R\u00e9alisez votre propre projet de haut-parleur professionnel personnalis\u00e9.<\/p>","protected":false},"featured_media":1478,"comment_status":"open","ping_status":"closed","template":"","meta":{"_acf_changed":false},"product_brand":[],"product_cat":[109],"product_tag":[],"class_list":{"0":"post-1477","1":"product","2":"type-product","3":"status-publish","4":"has-post-thumbnail","6":"product_cat-case-corners","7":"pa_application-equipment-case","8":"pa_application-flight-case","9":"pa_application-road-case","10":"pa_application-stage-equipment-box","11":"pa_delivery-time-please-contact-sales-staff","12":"pa_material-electrolytic-plate","13":"pa_material-iron","14":"pa_material-stainless-steel","15":"pa_surface-treatment-blue-zinc","16":"pa_surface-treatment-chrome","17":"description-off","19":"first","20":"instock","21":"featured","22":"shipping-taxable","23":"product-type-simple"},"acf":[],"_links":{"self":[{"href":"https:\/\/fayshing.com\/fr-fr\/wp-json\/wp\/v2\/product\/1477","targetHints":{"allow":["GET"]}}],"collection":[{"href":"https:\/\/fayshing.com\/fr-fr\/wp-json\/wp\/v2\/product"}],"about":[{"href":"https:\/\/fayshing.com\/fr-fr\/wp-json\/wp\/v2\/types\/product"}],"replies":[{"embeddable":true,"href":"https:\/\/fayshing.com\/fr-fr\/wp-json\/wp\/v2\/comments?post=1477"}],"wp:featuredmedia":[{"embeddable":true,"href":"https:\/\/fayshing.com\/fr-fr\/wp-json\/wp\/v2\/media\/1478"}],"wp:attachment":[{"href":"https:\/\/fayshing.com\/fr-fr\/wp-json\/wp\/v2\/media?parent=1477"}],"wp:term":[{"taxonomy":"product_brand","embeddable":true,"href":"https:\/\/fayshing.com\/fr-fr\/wp-json\/wp\/v2\/product_brand?post=1477"},{"taxonomy":"product_cat","embeddable":true,"href":"https:\/\/fayshing.com\/fr-fr\/wp-json\/wp\/v2\/product_cat?post=1477"},{"taxonomy":"product_tag","embeddable":true,"href":"https:\/\/fayshing.com\/fr-fr\/wp-json\/wp\/v2\/product_tag?post=1477"}],"curies":[{"name":"wp","href":"https:\/\/api.w.org\/{rel}","templated":true}]}}