{"id":1469,"date":"2022-04-13T09:11:15","date_gmt":"2022-04-13T01:11:15","guid":{"rendered":"http:\/\/fayshing.com\/?post_type=product&#038;p=1469"},"modified":"2025-02-12T11:43:05","modified_gmt":"2025-02-12T03:43:05","slug":"small-surface-mount-handle-for-flight-case-handle","status":"publish","type":"product","link":"https:\/\/fayshing.com\/fr-fr\/product\/small-surface-mount-handle-for-flight-case-handle\/","title":{"rendered":"Petite poign\u00e9e \u00e0 montage en surface pour poign\u00e9e de Flight Case"},"content":{"rendered":"<p>Il s&#039;agit d&#039;un ensemble monobloc \u00e0 ressort qui se monte sur la surface ext\u00e9rieure du bo\u00eetier sans n\u00e9cessiter de d\u00e9coupe et permet un transport confortable des bo\u00eetiers.<\/p>\n<hr \/>\n<p><strong>Description :<\/strong><\/p>\n<ol>\n<li style=\"text-align: left;\">Montage en surface, avec plaque arri\u00e8re ;<\/li>\n<li style=\"text-align: left;\">\u00a0L'attache de 1\/4\u2033 de diam\u00e8tre s'arr\u00eate \u00e0 90 degr\u00e9s ;<\/li>\n<li style=\"text-align: left;\">La baille revient en position plate lorsqu'elle n'est pas utilis\u00e9e ;<\/li>\n<li style=\"text-align: left;\">\u00a0Poign\u00e9e rembourr\u00e9e de 3\/4\u2033 de diam\u00e8tre ;<\/li>\n<\/ol>\n<hr \/>\n<p><strong>A propos de cet article :<\/strong><\/p>\n<p>\u3010 <strong>Prise s\u00fbre et confortable<\/strong>\u3011 Le manchon de pr\u00e9hension en caoutchouc noir est isol\u00e9 et peut prot\u00e9ger votre main contre les blessures. Les leviers et les bases \u00e9pais le rendent plus r\u00e9sistant et durable.<\/p>\n<p>\u3010<strong>Large \u00e9ventail d'utilisations<\/strong>\u3011 Vous recevrez 2pcs poign\u00e9es de cas en acier inoxydable, largement utilis\u00e9 dans divers types de bo\u00eete d'emballage, anneau de poign\u00e9e de bo\u00eete en aluminium, poign\u00e9e lat\u00e9rale m\u00e9canique, poign\u00e9e de bo\u00eete \u00e0 outils, poign\u00e9e de bo\u00eete militaire, divers flight cases, etc.<\/p>\n<p>&nbsp;<\/p>\n<p><iframe title=\"Poign\u00e9es pour Flight Case Showcase | Robustes et personnalisables\" width=\"1200\" height=\"675\" src=\"https:\/\/www.youtube.com\/embed\/HTukBWi6wi0?feature=oembed\" frameborder=\"0\" allow=\"accelerometer; autoplay; clipboard-write; encrypted-media; gyroscope; picture-in-picture; web-share\" referrerpolicy=\"strict-origin-when-cross-origin\" allowfullscreen><\/iframe><\/p>","protected":false},"excerpt":{"rendered":"<p>Il s&#039;agit d&#039;un ensemble monobloc \u00e0 ressort qui se monte sur la surface ext\u00e9rieure du bo\u00eetier sans n\u00e9cessiter de d\u00e9coupe et permet un transport confortable des bo\u00eetiers.<\/p>","protected":false},"featured_media":1470,"comment_status":"open","ping_status":"closed","template":"","meta":{"_acf_changed":false},"product_brand":[],"product_cat":[108,121],"product_tag":[],"class_list":{"0":"post-1469","1":"product","2":"type-product","3":"status-publish","4":"has-post-thumbnail","6":"product_cat-handles","7":"product_cat-surface-handles","8":"pa_application-aluminum-case","9":"pa_application-equipment-case","10":"pa_application-flight-case","11":"pa_application-road-case","12":"pa_material-electrolytic-plate","13":"pa_material-iron","14":"pa_material-stainless-steel","15":"pa_surface-treatment-blue-zinc","16":"pa_surface-treatment-chrome","17":"description-off","19":"first","20":"instock","21":"featured","22":"shipping-taxable","23":"product-type-simple"},"acf":[],"_links":{"self":[{"href":"https:\/\/fayshing.com\/fr-fr\/wp-json\/wp\/v2\/product\/1469","targetHints":{"allow":["GET"]}}],"collection":[{"href":"https:\/\/fayshing.com\/fr-fr\/wp-json\/wp\/v2\/product"}],"about":[{"href":"https:\/\/fayshing.com\/fr-fr\/wp-json\/wp\/v2\/types\/product"}],"replies":[{"embeddable":true,"href":"https:\/\/fayshing.com\/fr-fr\/wp-json\/wp\/v2\/comments?post=1469"}],"wp:featuredmedia":[{"embeddable":true,"href":"https:\/\/fayshing.com\/fr-fr\/wp-json\/wp\/v2\/media\/1470"}],"wp:attachment":[{"href":"https:\/\/fayshing.com\/fr-fr\/wp-json\/wp\/v2\/media?parent=1469"}],"wp:term":[{"taxonomy":"product_brand","embeddable":true,"href":"https:\/\/fayshing.com\/fr-fr\/wp-json\/wp\/v2\/product_brand?post=1469"},{"taxonomy":"product_cat","embeddable":true,"href":"https:\/\/fayshing.com\/fr-fr\/wp-json\/wp\/v2\/product_cat?post=1469"},{"taxonomy":"product_tag","embeddable":true,"href":"https:\/\/fayshing.com\/fr-fr\/wp-json\/wp\/v2\/product_tag?post=1469"}],"curies":[{"name":"wp","href":"https:\/\/api.w.org\/{rel}","templated":true}]}}