{"id":1433,"date":"2022-04-12T14:53:04","date_gmt":"2022-04-12T06:53:04","guid":{"rendered":"http:\/\/fayshing.com\/?post_type=product&#038;p=1433"},"modified":"2025-09-23T14:17:37","modified_gmt":"2025-09-23T06:17:37","slug":"fayshing-medium-recessed-butterfly-latch-with-shallow-offset","status":"publish","type":"product","link":"https:\/\/fayshing.com\/fr-fr\/product\/fayshing-medium-recessed-butterfly-latch-with-shallow-offset\/","title":{"rendered":"FAYSHING Loquet papillon \u00e0 encastrement moyen avec d\u00e9calage peu profond FS1210"},"content":{"rendered":"<p data-start=\"180\" data-end=\"488\">Le <strong data-start=\"184\" data-end=\"226\">FS1210 Loquet papillon moyen encastr\u00e9<\/strong> est une solution mat\u00e9rielle polyvalente et s\u00e9curis\u00e9e pour les flight cases, les road cases, les bo\u00eetiers d'\u00e9quipement et les bo\u00eetiers sur mesure. Con\u00e7u avec un <strong data-start=\"363\" data-end=\"381\">d\u00e9calage peu profond<\/strong> et <strong data-start=\"386\" data-end=\"416\">support de cadenas int\u00e9gr\u00e9<\/strong>Il offre \u00e0 la fois un fonctionnement souple et la possibilit\u00e9 d'une s\u00e9curit\u00e9 accrue.<\/p>\n<p data-start=\"490\" data-end=\"820\">Fabriqu\u00e9 \u00e0 partir de <strong data-start=\"507\" data-end=\"524\">acier durable<\/strong> et disponible en <strong data-start=\"542\" data-end=\"552\">chrome<\/strong>, <strong data-start=\"554\" data-end=\"563\">noir<\/strong>ou <strong data-start=\"568\" data-end=\"576\">le zinc<\/strong> ce loquet offre des performances durables et un aspect professionnel. Le design encastr\u00e9 permet d'\u00e9viter les accrochages accidentels, tandis que le m\u00e9canisme papillon assure une fermeture fiable dans des conditions de transport ou de stockage exigeantes.<\/p>\n<p data-start=\"822\" data-end=\"841\"><strong data-start=\"822\" data-end=\"839\">Caract\u00e9ristiques principales :<\/strong><\/p>\n<ul data-start=\"842\" data-end=\"1208\">\n<li data-start=\"842\" data-end=\"866\">\n<p data-start=\"844\" data-end=\"866\">Code produit : FS1210<\/p>\n<\/li>\n<li data-start=\"867\" data-end=\"928\">\n<p data-start=\"869\" data-end=\"928\">Type : Serrure papillon \u00e0 encastrement moyen avec d\u00e9calage faible<\/p>\n<\/li>\n<li data-start=\"929\" data-end=\"969\">\n<p data-start=\"931\" data-end=\"969\">Mat\u00e9riau : Acier - solide et durable<\/p>\n<\/li>\n<li data-start=\"970\" data-end=\"1005\">\n<p data-start=\"972\" data-end=\"1005\">Finitions : Chrome \/ Noir \/ Zinc<\/p>\n<\/li>\n<li data-start=\"1006\" data-end=\"1055\">\n<p data-start=\"1008\" data-end=\"1055\">Cadenassable : Oui - s\u00e9curit\u00e9 suppl\u00e9mentaire en cas de besoin<\/p>\n<\/li>\n<li data-start=\"1056\" data-end=\"1122\">\n<p data-start=\"1058\" data-end=\"1122\">La conception encastr\u00e9e \u00e9vite les accrochages et prot\u00e8ge le m\u00e9canisme de verrouillage.<\/p>\n<\/li>\n<li data-start=\"1123\" data-end=\"1208\">\n<p data-start=\"1125\" data-end=\"1208\">Id\u00e9al pour les flight cases, les mallettes d'\u00e9quipement audio, les coffres \u00e0 outils et les bo\u00eetiers personnalis\u00e9s.<\/p>\n<\/li>\n<\/ul>\n<p data-start=\"1210\" data-end=\"1383\">Que vous ayez besoin d'un mat\u00e9riel de fermeture fiable pour votre \u00e9quipement de tourn\u00e9e ou d'un stockage s\u00e9curis\u00e9, le FS1210 offre l'\u00e9quilibre parfait entre accessibilit\u00e9, solidit\u00e9 et protection verrouillable.<\/p>\n<p data-start=\"1210\" data-end=\"1383\"><h2 id=\"tablepress-2-name\" class=\"tablepress-table-name tablepress-table-name-id-2\">Loquet moyen encastr\u00e9<\/h2>\n\n<table id=\"tablepress-2\" class=\"tablepress tablepress-id-2\" aria-labelledby=\"tablepress-2-name\">\n<thead>\n<tr class=\"row-1\">\n\t<th class=\"column-1\"><strong>Num\u00e9ro de pi\u00e8ce<\/strong><\/th><th class=\"column-2\"><strong>Dessin<\/strong><\/th><th class=\"column-3\"><strong>Finition<\/strong><\/th><th class=\"column-4\"><strong>Verrouillable<\/strong><\/th><th class=\"column-5\"><strong>D\u00e9calage<\/strong><\/th>\n<\/tr>\n<\/thead>\n<tbody class=\"row-striping row-hover\">\n<tr class=\"row-2\">\n\t<td class=\"column-1\"><a href=\"https:\/\/fayshing.com\/fr-fr\/product\/fayshing-112x105mm-medium-recessed-butterfly-twist-latch-with-padlock-function-fs-1108\/\">FS1108<\/a><\/td><td class=\"column-2\"><a href=\"https:\/\/fayshing.com\/wp-content\/uploads\/112x105mm-Medium-Recessed-Butterfly-Twist-Latch-with-Padlock-Function-FS-1108.png\"><img decoding=\"async\" src=\"https:\/\/fayshing.com\/wp-content\/uploads\/112x105mm-Medium-Recessed-Butterfly-Twist-Latch-with-Padlock-Function-FS-1108-300x147.png\" alt=\"FS1105 Dessins CAD d\u00e9taill\u00e9s\" width=\"60\" height=\"34\" class=\"alignnone size-medium wp-image-5620\" title=\"\"><\/a><\/td><td class=\"column-3\">Chrome<\/td><td class=\"column-4\">Cadenassable<\/td><td class=\"column-5\">NON<\/td>\n<\/tr>\n<tr class=\"row-3\">\n\t<td class=\"column-1\"><a href=\"https:\/\/fayshing.com\/fr-fr\/product\/fs1206-loquet-encastre-moyen-sans-decalage\/\">FS1206<\/a><\/td><td class=\"column-2\"><a href=\"https:\/\/fayshing.com\/wp-content\/uploads\/FS1206-Medium-Recessed-Latch-without-Offset-Size.jpg\"><img decoding=\"async\" src=\"https:\/\/fayshing.com\/wp-content\/uploads\/FS1206-Medium-Recessed-Latch-without-Offset-Size-300x300.jpg\" alt=\"FS1206 Loquet encastr\u00e9 moyen sans d\u00e9calage Taille\" width=\"60\" height=\"60\" class=\"alignnone size-medium wp-image-6214\" title=\"\" srcset=\"https:\/\/fayshing.com\/wp-content\/uploads\/FS1206-Medium-Recessed-Latch-without-Offset-Size-300x300.jpg 300w, https:\/\/fayshing.com\/wp-content\/uploads\/FS1206-Medium-Recessed-Latch-without-Offset-Size-150x150.jpg 150w, https:\/\/fayshing.com\/wp-content\/uploads\/FS1206-Medium-Recessed-Latch-without-Offset-Size-768x768.jpg 768w, https:\/\/fayshing.com\/wp-content\/uploads\/FS1206-Medium-Recessed-Latch-without-Offset-Size-12x12.jpg 12w, https:\/\/fayshing.com\/wp-content\/uploads\/FS1206-Medium-Recessed-Latch-without-Offset-Size-600x600.jpg 600w, https:\/\/fayshing.com\/wp-content\/uploads\/FS1206-Medium-Recessed-Latch-without-Offset-Size-200x200.jpg 200w, https:\/\/fayshing.com\/wp-content\/uploads\/FS1206-Medium-Recessed-Latch-without-Offset-Size.jpg 1000w\" sizes=\"(max-width: 60px) 100vw, 60px\" \/><\/a><\/td><td class=\"column-3\">Chrome<\/td><td class=\"column-4\">NON<\/td><td class=\"column-5\">NON<\/td>\n<\/tr>\n<tr class=\"row-4\">\n\t<td class=\"column-1\"><a href=\"https:\/\/fayshing.com\/fr-fr\/product\/112x105mm-medium-spring-loaded-recessed-butterfly-twist-latch-with-padlock-ring-fs-1111\/\">FS1111<\/a><\/td><td class=\"column-2\"><a href=\"https:\/\/fayshing.com\/wp-content\/uploads\/2022\/05\/FS1111-1.jpg\"><img decoding=\"async\" src=\"https:\/\/fayshing.com\/wp-content\/uploads\/2022\/05\/FS1111-1-300x300.jpg\" alt=\"Loquet papillon encastr\u00e9 \u00e0 ressort moyen avec anneau de cadenas\" width=\"60\" height=\"60\" class=\"alignnone size-medium wp-image-3041\" title=\"\" srcset=\"https:\/\/fayshing.com\/wp-content\/uploads\/2022\/05\/FS1111-1-300x300.jpg 300w, https:\/\/fayshing.com\/wp-content\/uploads\/2022\/05\/FS1111-1-200x200.jpg 200w, https:\/\/fayshing.com\/wp-content\/uploads\/2022\/05\/FS1111-1-600x600.jpg 600w, https:\/\/fayshing.com\/wp-content\/uploads\/2022\/05\/FS1111-1-64x64.jpg 64w, https:\/\/fayshing.com\/wp-content\/uploads\/2022\/05\/FS1111-1-150x150.jpg 150w, https:\/\/fayshing.com\/wp-content\/uploads\/2022\/05\/FS1111-1-768x768.jpg 768w, https:\/\/fayshing.com\/wp-content\/uploads\/2022\/05\/FS1111-1-100x100.jpg 100w, https:\/\/fayshing.com\/wp-content\/uploads\/2022\/05\/FS1111-1.jpg 800w\" sizes=\"(max-width: 60px) 100vw, 60px\" \/><\/a><\/td><td class=\"column-3\">Chrome<\/td><td class=\"column-4\">Cadenassable<\/td><td class=\"column-5\">NON<\/td>\n<\/tr>\n<tr class=\"row-5\">\n\t<td class=\"column-1\"><a href=\"https:\/\/fayshing.com\/fr-fr\/product\/112x105mm-medium-spring-loaded-recessed-butterfly-twist-latch-fs-1112\/\">FS1112<\/a><\/td><td class=\"column-2\"><a href=\"https:\/\/fayshing.com\/wp-content\/uploads\/2022\/05\/FS1112-1.jpg\"><img loading=\"lazy\" decoding=\"async\" src=\"https:\/\/fayshing.com\/wp-content\/uploads\/2022\/05\/FS1112-1-300x300.jpg\" alt=\"112x105mm loquet papillon encastr\u00e9 \u00e0 ressort\" width=\"60\" height=\"60\" class=\"alignnone size-medium wp-image-2955\" title=\"\" srcset=\"https:\/\/fayshing.com\/wp-content\/uploads\/2022\/05\/FS1112-1-300x300.jpg 300w, https:\/\/fayshing.com\/wp-content\/uploads\/2022\/05\/FS1112-1-200x200.jpg 200w, https:\/\/fayshing.com\/wp-content\/uploads\/2022\/05\/FS1112-1-600x600.jpg 600w, https:\/\/fayshing.com\/wp-content\/uploads\/2022\/05\/FS1112-1-64x64.jpg 64w, https:\/\/fayshing.com\/wp-content\/uploads\/2022\/05\/FS1112-1-150x150.jpg 150w, https:\/\/fayshing.com\/wp-content\/uploads\/2022\/05\/FS1112-1-768x768.jpg 768w, https:\/\/fayshing.com\/wp-content\/uploads\/2022\/05\/FS1112-1-100x100.jpg 100w, https:\/\/fayshing.com\/wp-content\/uploads\/2022\/05\/FS1112-1.jpg 800w\" sizes=\"(max-width: 60px) 100vw, 60px\" \/><\/a><\/td><td class=\"column-3\">Chrome<\/td><td class=\"column-4\">NON<\/td><td class=\"column-5\">NON<\/td>\n<\/tr>\n<tr class=\"row-6\">\n\t<td class=\"column-1\"><a href=\"https:\/\/fayshing.com\/fr-fr\/product\/112x105mm-medium-recessed-butterfly-twist-latch-in-offset-dish-with-padlock-ring-fs-1109\/\">FS1109<\/a><\/td><td class=\"column-2\"><a href=\"https:\/\/fayshing.com\/wp-content\/uploads\/FS1109.jpg\"><img loading=\"lazy\" decoding=\"async\" src=\"https:\/\/fayshing.com\/wp-content\/uploads\/FS1109-300x300.jpg\" alt=\"112x105mm loquet papillon moyen encastr\u00e9 avec plat d\u00e9cal\u00e9 et anneau de cadenas\" width=\"60\" height=\"60\" class=\"alignnone size-medium wp-image-6222\" title=\"\" srcset=\"https:\/\/fayshing.com\/wp-content\/uploads\/FS1109-300x300.jpg 300w, https:\/\/fayshing.com\/wp-content\/uploads\/FS1109-150x150.jpg 150w, https:\/\/fayshing.com\/wp-content\/uploads\/FS1109-768x768.jpg 768w, https:\/\/fayshing.com\/wp-content\/uploads\/FS1109-12x12.jpg 12w, https:\/\/fayshing.com\/wp-content\/uploads\/FS1109-600x600.jpg 600w, https:\/\/fayshing.com\/wp-content\/uploads\/FS1109-200x200.jpg 200w, https:\/\/fayshing.com\/wp-content\/uploads\/FS1109.jpg 1000w\" sizes=\"(max-width: 60px) 100vw, 60px\" \/><\/a><\/td><td class=\"column-3\">Chrome<\/td><td class=\"column-4\">Cadenassable<\/td><td class=\"column-5\">Oui<\/td>\n<\/tr>\n<tr class=\"row-7\">\n\t<td class=\"column-1\"><a href=\"https:\/\/fayshing.com\/fr-fr\/product\/112x105mm-medium-recessed-butterfly-twist-latch-in-offset-dish-fs-1110\/\">FS1110<\/a><\/td><td class=\"column-2\"><a href=\"https:\/\/fayshing.com\/wp-content\/uploads\/FS1110-Detailed-CAD-Drawings.png\"><img loading=\"lazy\" decoding=\"async\" src=\"https:\/\/fayshing.com\/wp-content\/uploads\/FS1110-Detailed-CAD-Drawings-300x127.png\" alt=\"FS1110 Dessins CAD d\u00e9taill\u00e9s\" width=\"60\" height=\"34\" class=\"alignnone size-medium wp-image-5626\" title=\"\"><\/a><\/td><td class=\"column-3\">Chrome<\/td><td class=\"column-4\">NON<\/td><td class=\"column-5\">Oui<\/td>\n<\/tr>\n<tr class=\"row-8\">\n\t<td class=\"column-1\"><a href=\"https:\/\/fayshing.com\/fr-fr\/product\/fs1207-medium-recessed-latch-with-offset\/\">FS1207<\/a><\/td><td class=\"column-2\"><a href=\"https:\/\/fayshing.com\/wp-content\/uploads\/FS-1207-Size.jpg\"><img loading=\"lazy\" decoding=\"async\" src=\"https:\/\/fayshing.com\/wp-content\/uploads\/FS-1207-Size-300x300.jpg\" alt=\"FS1207 Loquet encastr\u00e9 moyen avec d\u00e9port de taille\" width=\"60\" height=\"60\" class=\"alignnone size-medium wp-image-6418\" title=\"\" srcset=\"https:\/\/fayshing.com\/wp-content\/uploads\/FS-1207-Size-300x300.jpg 300w, https:\/\/fayshing.com\/wp-content\/uploads\/FS-1207-Size-150x150.jpg 150w, https:\/\/fayshing.com\/wp-content\/uploads\/FS-1207-Size-768x768.jpg 768w, https:\/\/fayshing.com\/wp-content\/uploads\/FS-1207-Size-12x12.jpg 12w, https:\/\/fayshing.com\/wp-content\/uploads\/FS-1207-Size-600x600.jpg 600w, https:\/\/fayshing.com\/wp-content\/uploads\/FS-1207-Size-200x200.jpg 200w, https:\/\/fayshing.com\/wp-content\/uploads\/FS-1207-Size.jpg 1000w\" sizes=\"(max-width: 60px) 100vw, 60px\" \/><\/a><\/td><td class=\"column-3\">Chrome<\/td><td class=\"column-4\">Cadenassable<\/td><td class=\"column-5\">Oui<\/td>\n<\/tr>\n<tr class=\"row-9\">\n\t<td class=\"column-1\"><a href=\"https:\/\/fayshing.com\/fr-fr\/product\/fayshing-medium-recessed-butterfly-latch-with-shallow-offset\/\">FS1210<\/a><\/td><td class=\"column-2\"><a href=\"https:\/\/fayshing.com\/wp-content\/uploads\/FS1210-Detailed-CAD-Drawings.png\"><img loading=\"lazy\" decoding=\"async\" src=\"https:\/\/fayshing.com\/wp-content\/uploads\/FS1210-Detailed-CAD-Drawings-300x128.png\" alt=\"FS1210 Dessins CAD d\u00e9taill\u00e9s\" width=\"60\" height=\"34\" class=\"alignnone size-medium wp-image-5628\" title=\"\"><\/a><\/td><td class=\"column-3\">Chrome<\/td><td class=\"column-4\">Cadenassable<\/td><td class=\"column-5\">Oui<\/td>\n<\/tr>\n<\/tbody>\n<\/table>\n<!-- #tablepress-2 from cache --><\/p>\n<hr \/>\n<h3>FS1210 Dessins CAD d\u00e9taill\u00e9s<\/h3>\n<p><a href=\"https:\/\/fayshing.com\/wp-content\/uploads\/FS1210-Detailed-CAD-Drawings.png\"><img loading=\"lazy\" decoding=\"async\" class=\"alignnone wp-image-5628\" src=\"https:\/\/fayshing.com\/wp-content\/uploads\/FS1210-Detailed-CAD-Drawings-300x128.png\" alt=\"FS1210 Dessins CAD d\u00e9taill\u00e9s\" width=\"382\" height=\"163\" title=\"\" srcset=\"https:\/\/fayshing.com\/wp-content\/uploads\/FS1210-Detailed-CAD-Drawings-300x128.png 300w, https:\/\/fayshing.com\/wp-content\/uploads\/FS1210-Detailed-CAD-Drawings-600x257.png 600w, https:\/\/fayshing.com\/wp-content\/uploads\/FS1210-Detailed-CAD-Drawings-64x27.png 64w, https:\/\/fayshing.com\/wp-content\/uploads\/FS1210-Detailed-CAD-Drawings-18x8.png 18w, https:\/\/fayshing.com\/wp-content\/uploads\/FS1210-Detailed-CAD-Drawings.png 750w\" sizes=\"(max-width: 382px) 100vw, 382px\" \/><\/a><\/p>\n<p><iframe title=\"FAYSHING | Flight Case Fermeture papillon encastr\u00e9e\" width=\"1200\" height=\"675\" src=\"https:\/\/www.youtube.com\/embed\/aTp86AjsHpU?feature=oembed&#038;enablejsapi=1&#038;origin=https:\/\/fayshing.com\" frameborder=\"0\" allow=\"accelerometer; autoplay; clipboard-write; encrypted-media; gyroscope; picture-in-picture; web-share\" referrerpolicy=\"strict-origin-when-cross-origin\" allowfullscreen><\/iframe><\/p>","protected":false},"excerpt":{"rendered":"<ul>\n<li>Loquet moyen encastr\u00e9 avec support de cadenas et d\u00e9calage<\/li>\n<li>Mat\u00e9riau : Acier<\/li>\n<li>Finition : Chrome \/ Noir \/ Zinc<\/li>\n<li>Cadenassable<\/li>\n<\/ul>","protected":false},"featured_media":1434,"comment_status":"open","ping_status":"closed","template":"","meta":{"_acf_changed":false},"product_brand":[],"product_cat":[23,116],"product_tag":[],"class_list":{"0":"post-1433","1":"product","2":"type-product","3":"status-publish","4":"has-post-thumbnail","6":"product_cat-latches","7":"product_cat-recessed-twist-latches","8":"pa_application-aluminum-case","9":"pa_application-equipment-case","10":"pa_application-flight-case","11":"pa_material-steel","12":"pa_surface-treatment-black","13":"pa_surface-treatment-blue-zinc","14":"pa_surface-treatment-chrome","15":"description-off","17":"first","18":"instock","19":"featured","20":"shipping-taxable","21":"purchasable","22":"product-type-simple"},"acf":[],"_links":{"self":[{"href":"https:\/\/fayshing.com\/fr-fr\/wp-json\/wp\/v2\/product\/1433","targetHints":{"allow":["GET"]}}],"collection":[{"href":"https:\/\/fayshing.com\/fr-fr\/wp-json\/wp\/v2\/product"}],"about":[{"href":"https:\/\/fayshing.com\/fr-fr\/wp-json\/wp\/v2\/types\/product"}],"replies":[{"embeddable":true,"href":"https:\/\/fayshing.com\/fr-fr\/wp-json\/wp\/v2\/comments?post=1433"}],"wp:featuredmedia":[{"embeddable":true,"href":"https:\/\/fayshing.com\/fr-fr\/wp-json\/wp\/v2\/media\/1434"}],"wp:attachment":[{"href":"https:\/\/fayshing.com\/fr-fr\/wp-json\/wp\/v2\/media?parent=1433"}],"wp:term":[{"taxonomy":"product_brand","embeddable":true,"href":"https:\/\/fayshing.com\/fr-fr\/wp-json\/wp\/v2\/product_brand?post=1433"},{"taxonomy":"product_cat","embeddable":true,"href":"https:\/\/fayshing.com\/fr-fr\/wp-json\/wp\/v2\/product_cat?post=1433"},{"taxonomy":"product_tag","embeddable":true,"href":"https:\/\/fayshing.com\/fr-fr\/wp-json\/wp\/v2\/product_tag?post=1433"}],"curies":[{"name":"wp","href":"https:\/\/api.w.org\/{rel}","templated":true}]}}