{"id":6427,"date":"2025-07-03T15:15:40","date_gmt":"2025-07-03T07:15:40","guid":{"rendered":"https:\/\/fayshing.com\/?post_type=product&#038;p=6427"},"modified":"2025-12-15T11:28:12","modified_gmt":"2025-12-15T03:28:12","slug":"3-holes-small-ball-corner-fs-3129","status":"publish","type":"product","link":"https:\/\/fayshing.com\/es-es\/product\/3-holes-small-ball-corner-fs-3129\/","title":{"rendered":"Esquina de bola peque\u00f1a de 3 agujeros FS-3129"},"content":{"rendered":"<p data-start=\"126\" data-end=\"456\">En <strong data-start=\"130\" data-end=\"159\">FS-3129 Esquina de bola peque\u00f1a<\/strong> es un protector de esquinas duradero y elegante dise\u00f1ado para reforzar y proteger los bordes de cajas y armarios peque\u00f1os. Con <strong data-start=\"297\" data-end=\"321\">tres orificios de montaje<\/strong>ofrece una instalaci\u00f3n segura y una mayor estabilidad, ayudando a proteger su maleta de los impactos y el desgaste durante el transporte o el uso diario.<\/p>\n<p data-start=\"458\" data-end=\"741\">Fabricado en acero de alta calidad y disponible en <strong data-start=\"504\" data-end=\"514\">cromo<\/strong>, <strong data-start=\"516\" data-end=\"525\">negro<\/strong>o <strong data-start=\"530\" data-end=\"543\">zinc azul<\/strong> el FS-3129 proporciona tanto resistencia como versatilidad est\u00e9tica para adaptarse a diferentes dise\u00f1os de malet\u00edn. Su tama\u00f1o compacto lo hace ideal para cajas peque\u00f1as en las que el espacio y la apariencia son importantes.<\/p>\n<p data-start=\"743\" data-end=\"762\"><strong data-start=\"743\" data-end=\"760\">Caracter\u00edsticas principales:<\/strong><\/p>\n<ul data-start=\"763\" data-end=\"1066\">\n<li data-start=\"763\" data-end=\"788\">\n<p data-start=\"765\" data-end=\"788\">C\u00f3digo del producto: FS-3129<\/p>\n<\/li>\n<li data-start=\"789\" data-end=\"838\">\n<p data-start=\"791\" data-end=\"838\">Tipo: Esquina de bola peque\u00f1a con 3 orificios de montaje<\/p>\n<\/li>\n<li data-start=\"839\" data-end=\"885\">\n<p data-start=\"841\" data-end=\"885\">Opciones de acabado: Cromo \/ Negro \/ Azul Zinc<\/p>\n<\/li>\n<li data-start=\"886\" data-end=\"938\">\n<p data-start=\"888\" data-end=\"938\">Construcci\u00f3n de acero duradero resistente a los impactos<\/p>\n<\/li>\n<li data-start=\"939\" data-end=\"989\">\n<p data-start=\"941\" data-end=\"989\">Tama\u00f1o compacto: ideal para maletas peque\u00f1as y medianas<\/p>\n<\/li>\n<li data-start=\"990\" data-end=\"1066\">\n<p data-start=\"992\" data-end=\"1066\">Aplicaciones: Maletas de vuelo, cajas de instrumentos, cajas de almacenamiento, cofres de herramientas<\/p>\n<\/li>\n<\/ul>\n<p data-start=\"1068\" data-end=\"1200\">La FS-3129 es la elecci\u00f3n perfecta para a\u00f1adir tanto protecci\u00f3n como un acabado profesional a su proyecto de malet\u00edn personalizado o de repuesto.<\/p>","protected":false},"excerpt":{"rendered":"<ul>\n<li>Esquina de bola de 3 agujeros<\/li>\n<li>FS-3129<\/li>\n<li>Cromo\/Negro\/Azul Zinc<\/li>\n<li>Peque\u00f1o<\/li>\n<\/ul>","protected":false},"featured_media":6428,"comment_status":"open","ping_status":"closed","template":"","meta":{"_acf_changed":false},"product_brand":[],"product_cat":[109,126],"product_tag":[],"class_list":{"0":"post-6427","1":"product","2":"type-product","3":"status-publish","4":"has-post-thumbnail","6":"product_cat-case-corners","7":"product_cat-ball-corners","8":"pa_material-steel","9":"pa_parts-no-fs-3129","10":"pa_surface-treatment-black","11":"pa_surface-treatment-blue-zinc","12":"pa_surface-treatment-chrome","13":"description-off","15":"first","16":"instock","17":"shipping-taxable","18":"product-type-simple"},"acf":[],"_links":{"self":[{"href":"https:\/\/fayshing.com\/es-es\/wp-json\/wp\/v2\/product\/6427","targetHints":{"allow":["GET"]}}],"collection":[{"href":"https:\/\/fayshing.com\/es-es\/wp-json\/wp\/v2\/product"}],"about":[{"href":"https:\/\/fayshing.com\/es-es\/wp-json\/wp\/v2\/types\/product"}],"replies":[{"embeddable":true,"href":"https:\/\/fayshing.com\/es-es\/wp-json\/wp\/v2\/comments?post=6427"}],"wp:featuredmedia":[{"embeddable":true,"href":"https:\/\/fayshing.com\/es-es\/wp-json\/wp\/v2\/media\/6428"}],"wp:attachment":[{"href":"https:\/\/fayshing.com\/es-es\/wp-json\/wp\/v2\/media?parent=6427"}],"wp:term":[{"taxonomy":"product_brand","embeddable":true,"href":"https:\/\/fayshing.com\/es-es\/wp-json\/wp\/v2\/product_brand?post=6427"},{"taxonomy":"product_cat","embeddable":true,"href":"https:\/\/fayshing.com\/es-es\/wp-json\/wp\/v2\/product_cat?post=6427"},{"taxonomy":"product_tag","embeddable":true,"href":"https:\/\/fayshing.com\/es-es\/wp-json\/wp\/v2\/product_tag?post=6427"}],"curies":[{"name":"wp","href":"https:\/\/api.w.org\/{rel}","templated":true}]}}