{"id":6405,"date":"2025-06-26T15:10:32","date_gmt":"2025-06-26T07:10:32","guid":{"rendered":"https:\/\/fayshing.com\/?post_type=product&#038;p=6405"},"modified":"2025-08-07T17:37:22","modified_gmt":"2025-08-07T09:37:22","slug":"34mm-three-hole-flat-corner-with-raised-point-fs3124","status":"publish","type":"product","link":"https:\/\/fayshing.com\/es-es\/product\/34mm-three-hole-flat-corner-with-raised-point-fs3124\/","title":{"rendered":"Esquina plana de tres agujeros de 34 mm con punta elevada FS3124"},"content":{"rendered":"<p data-start=\"181\" data-end=\"495\">En <strong data-start=\"185\" data-end=\"236\">FS3124 Esquina plana de tres agujeros con punta elevada<\/strong> es un herraje robusto y elegante dise\u00f1ado para mejorar tanto la protecci\u00f3n como la est\u00e9tica de maletas, armarios y cajas de madera. Con un <strong data-start=\"383\" data-end=\"406\">punto central elevado<\/strong>Esta esquina de 34 mm a\u00f1ade resistencia estructural y un acento visual \u00fanico a su armario.<\/p>\n<p data-start=\"497\" data-end=\"858\">Fabricado con materiales de alta calidad <strong data-start=\"520\" data-end=\"529\">acero<\/strong> y disponible en <strong data-start=\"547\" data-end=\"557\">Cromo<\/strong>, <strong data-start=\"559\" data-end=\"568\">Negro<\/strong>u otros acabados personalizables, la FS3124 est\u00e1 fabricada para soportar el desgaste diario sin perder su aspecto profesional. Su <strong data-start=\"701\" data-end=\"731\">dise\u00f1o de montaje de tres orificios<\/strong> garantiza una fijaci\u00f3n segura, lo que la convierte en una opci\u00f3n fiable para flight cases, maletas de carretera, cajas de almacenamiento y cajas de instrumentos.<\/p>\n<p data-start=\"860\" data-end=\"877\"><strong data-start=\"860\" data-end=\"877\">Caracter\u00edsticas principales:<\/strong><\/p>\n<ul data-start=\"878\" data-end=\"1158\">\n<li data-start=\"878\" data-end=\"902\">\n<p data-start=\"880\" data-end=\"902\">C\u00f3digo del producto: FS3124<\/p>\n<\/li>\n<li data-start=\"903\" data-end=\"917\">\n<p data-start=\"905\" data-end=\"917\">Tama\u00f1o: 34 mm<\/p>\n<\/li>\n<li data-start=\"918\" data-end=\"991\">\n<p data-start=\"920\" data-end=\"991\">Dise\u00f1o: Esquina plana con punto central elevado y tres orificios de montaje<\/p>\n<\/li>\n<li data-start=\"992\" data-end=\"1011\">\n<p data-start=\"994\" data-end=\"1011\">Material: Acero<\/p>\n<\/li>\n<li data-start=\"1012\" data-end=\"1063\">\n<p data-start=\"1014\" data-end=\"1063\">Acabados: Cromo \/ Negro \/ Otras opciones personalizadas<\/p>\n<\/li>\n<li data-start=\"1064\" data-end=\"1115\">\n<p data-start=\"1066\" data-end=\"1115\">A\u00f1ade protecci\u00f3n y refuerzo a los bordes de la maleta<\/p>\n<\/li>\n<li data-start=\"1116\" data-end=\"1158\">\n<p data-start=\"1118\" data-end=\"1158\">F\u00e1cil de instalar con torniller\u00eda est\u00e1ndar<\/p>\n<\/li>\n<\/ul>\n<p data-start=\"1160\" data-end=\"1218\">\ud83d\udcd0 <em data-start=\"1163\" data-end=\"1218\">\u00bfNecesita un dibujo en 3D? P\u00f3ngase en contacto con nosotros para obtener archivos CAD detallados.<\/em><\/p>","protected":false},"excerpt":{"rendered":"<ul>\n<li>Esquina plana de tres agujeros de 34 mm con punta elevada<\/li>\n<li>FS3124<\/li>\n<li>Acero<\/li>\n<li>Cromo \/ Negro \/ Otros<\/li>\n<\/ul>","protected":false},"featured_media":6407,"comment_status":"open","ping_status":"closed","template":"","meta":{"_acf_changed":false},"product_brand":[],"product_cat":[109,127],"product_tag":[],"class_list":{"0":"post-6405","1":"product","2":"type-product","3":"status-publish","4":"has-post-thumbnail","6":"product_cat-case-corners","7":"product_cat-flat-corners","8":"pa_material-steel","9":"pa_parts-no-fs-3124","10":"pa_surface-treatment-black","11":"pa_surface-treatment-blue-zinc","12":"pa_surface-treatment-chrome","13":"description-off","15":"first","16":"instock","17":"shipping-taxable","18":"product-type-simple"},"acf":[],"_links":{"self":[{"href":"https:\/\/fayshing.com\/es-es\/wp-json\/wp\/v2\/product\/6405","targetHints":{"allow":["GET"]}}],"collection":[{"href":"https:\/\/fayshing.com\/es-es\/wp-json\/wp\/v2\/product"}],"about":[{"href":"https:\/\/fayshing.com\/es-es\/wp-json\/wp\/v2\/types\/product"}],"replies":[{"embeddable":true,"href":"https:\/\/fayshing.com\/es-es\/wp-json\/wp\/v2\/comments?post=6405"}],"wp:featuredmedia":[{"embeddable":true,"href":"https:\/\/fayshing.com\/es-es\/wp-json\/wp\/v2\/media\/6407"}],"wp:attachment":[{"href":"https:\/\/fayshing.com\/es-es\/wp-json\/wp\/v2\/media?parent=6405"}],"wp:term":[{"taxonomy":"product_brand","embeddable":true,"href":"https:\/\/fayshing.com\/es-es\/wp-json\/wp\/v2\/product_brand?post=6405"},{"taxonomy":"product_cat","embeddable":true,"href":"https:\/\/fayshing.com\/es-es\/wp-json\/wp\/v2\/product_cat?post=6405"},{"taxonomy":"product_tag","embeddable":true,"href":"https:\/\/fayshing.com\/es-es\/wp-json\/wp\/v2\/product_tag?post=6405"}],"curies":[{"name":"wp","href":"https:\/\/api.w.org\/{rel}","templated":true}]}}