{"id":6402,"date":"2025-06-26T11:35:45","date_gmt":"2025-06-26T03:35:45","guid":{"rendered":"https:\/\/fayshing.com\/?post_type=product&#038;p=6402"},"modified":"2026-01-13T11:00:59","modified_gmt":"2026-01-13T03:00:59","slug":"34mm-three-hole-flat-corner-fs3201","status":"publish","type":"product","link":"https:\/\/fayshing.com\/es-es\/product\/34mm-three-hole-flat-corner-fs3201\/","title":{"rendered":"Esquina plana con tres orificios de 34 mm FS3201"},"content":{"rendered":"<p data-start=\"148\" data-end=\"462\">En <strong data-start=\"152\" data-end=\"185\">FS3201 Esquina plana de tres agujeros<\/strong> es una soluci\u00f3n compacta y duradera para reforzar y proteger las esquinas de cajas, armarios y recintos. Medici\u00f3n <strong data-start=\"305\" data-end=\"313\">34 mm<\/strong>este herraje de esquina plano est\u00e1 dise\u00f1ado con <strong data-start=\"357\" data-end=\"395\">tres orificios de montaje espaciados uniformemente<\/strong>El dise\u00f1o de la placa de montaje ofrece una instalaci\u00f3n segura y un aspecto limpio y discreto.<\/p>\n<p data-start=\"464\" data-end=\"790\">Fabricado a partir de <strong data-start=\"482\" data-end=\"505\">acero de alta resistencia<\/strong> y disponible en <strong data-start=\"523\" data-end=\"533\">Cromo<\/strong>, <strong data-start=\"535\" data-end=\"544\">Negro<\/strong>o <strong data-start=\"549\" data-end=\"568\">acabados personalizados<\/strong>La FS3201 combina durabilidad con una est\u00e9tica vers\u00e1til para adaptarse a las necesidades de su proyecto. Es una opci\u00f3n ideal para flight cases, maletas de carretera, cajas de equipos o cualquier estructura que requiera una mayor protecci\u00f3n de las esquinas sin volumen.<\/p>\n<p data-start=\"792\" data-end=\"809\"><strong data-start=\"792\" data-end=\"809\">Caracter\u00edsticas principales:<\/strong><\/p>\n<ul data-start=\"810\" data-end=\"1047\">\n<li data-start=\"810\" data-end=\"834\">\n<p data-start=\"812\" data-end=\"834\">C\u00f3digo del producto: FS3201<\/p>\n<\/li>\n<li data-start=\"835\" data-end=\"849\">\n<p data-start=\"837\" data-end=\"849\">Tama\u00f1o: 34 mm<\/p>\n<\/li>\n<li data-start=\"850\" data-end=\"895\">\n<p data-start=\"852\" data-end=\"895\">Dise\u00f1o: Esquina plana con 3 orificios de montaje<\/p>\n<\/li>\n<li data-start=\"896\" data-end=\"915\">\n<p data-start=\"898\" data-end=\"915\">Material: Acero<\/p>\n<\/li>\n<li data-start=\"916\" data-end=\"989\">\n<p data-start=\"918\" data-end=\"989\">Acabado superficial: Cromo \/ Negro \/ Otros (opciones personalizadas disponibles)<\/p>\n<\/li>\n<li data-start=\"990\" data-end=\"1047\">\n<p data-start=\"992\" data-end=\"1047\">F\u00e1cil de instalar y proporciona un soporte estructural adicional<\/p>\n<\/li>\n<\/ul>\n<p data-start=\"1049\" data-end=\"1118\">\ud83d\udcd0 <em data-start=\"1052\" data-end=\"1118\">Dibujo en 3D disponible previa solicitud - p\u00f3ngase en contacto con nosotros para obtener m\u00e1s detalles.<\/em><\/p>","protected":false},"excerpt":{"rendered":"<ul>\n<li>Esquina plana con tres orificios de 34 mm<\/li>\n<li>FS3201<\/li>\n<li>Acero<\/li>\n<li>Cromo \/ Negro \/ Otros<\/li>\n<\/ul>","protected":false},"featured_media":6403,"comment_status":"open","ping_status":"closed","template":"","meta":{"_acf_changed":false},"product_brand":[],"product_cat":[109,127],"product_tag":[],"class_list":{"0":"post-6402","1":"product","2":"type-product","3":"status-publish","4":"has-post-thumbnail","6":"product_cat-case-corners","7":"product_cat-flat-corners","8":"description-off","10":"first","11":"instock","12":"shipping-taxable","13":"product-type-simple"},"acf":[],"_links":{"self":[{"href":"https:\/\/fayshing.com\/es-es\/wp-json\/wp\/v2\/product\/6402","targetHints":{"allow":["GET"]}}],"collection":[{"href":"https:\/\/fayshing.com\/es-es\/wp-json\/wp\/v2\/product"}],"about":[{"href":"https:\/\/fayshing.com\/es-es\/wp-json\/wp\/v2\/types\/product"}],"replies":[{"embeddable":true,"href":"https:\/\/fayshing.com\/es-es\/wp-json\/wp\/v2\/comments?post=6402"}],"wp:featuredmedia":[{"embeddable":true,"href":"https:\/\/fayshing.com\/es-es\/wp-json\/wp\/v2\/media\/6403"}],"wp:attachment":[{"href":"https:\/\/fayshing.com\/es-es\/wp-json\/wp\/v2\/media?parent=6402"}],"wp:term":[{"taxonomy":"product_brand","embeddable":true,"href":"https:\/\/fayshing.com\/es-es\/wp-json\/wp\/v2\/product_brand?post=6402"},{"taxonomy":"product_cat","embeddable":true,"href":"https:\/\/fayshing.com\/es-es\/wp-json\/wp\/v2\/product_cat?post=6402"},{"taxonomy":"product_tag","embeddable":true,"href":"https:\/\/fayshing.com\/es-es\/wp-json\/wp\/v2\/product_tag?post=6402"}],"curies":[{"name":"wp","href":"https:\/\/api.w.org\/{rel}","templated":true}]}}