{"id":6348,"date":"2025-06-17T10:51:48","date_gmt":"2025-06-17T02:51:48","guid":{"rendered":"https:\/\/fayshing.com\/?post_type=product&#038;p=6348"},"modified":"2026-01-13T11:20:52","modified_gmt":"2026-01-13T03:20:52","slug":"small-black-plastic-briefcase-swivel-handle-anti-slip-grip-with-chrome-fittings-fs2036","status":"publish","type":"product","link":"https:\/\/fayshing.com\/es-es\/product\/small-black-plastic-briefcase-swivel-handle-anti-slip-grip-with-chrome-fittings-fs2036\/","title":{"rendered":"Malet\u00edn peque\u00f1o de pl\u00e1stico negro con asa giratoria y empu\u00f1adura antideslizante y herrajes cromados FS2036"},"content":{"rendered":"<ul>\n<li>Malet\u00edn peque\u00f1o de pl\u00e1stico negro con asa giratoria y empu\u00f1adura antideslizante y herrajes cromados<\/li>\n<li>FS-2036<\/li>\n<li>Peque\u00f1o<\/li>\n<li>Negro<\/li>\n<li>El plastico<\/li>\n<li>186 \u00d7 55 mm<\/li>\n<\/ul>\n<p>Este elegante malet\u00edn de pl\u00e1stico negro combina durabilidad y funcionalidad. Dispone de un asa giratoria que facilita el transporte en cualquier direcci\u00f3n y est\u00e1 dise\u00f1ada ergon\u00f3micamente con un agarre antideslizante (texturizado) para garantizar una sujeci\u00f3n segura, incluso durante un uso prolongado.<\/p>","protected":false},"excerpt":{"rendered":"<ul>\n<li>Malet\u00edn peque\u00f1o de pl\u00e1stico negro con asa giratoria y empu\u00f1adura antideslizante y herrajes cromados<\/li>\n<li>FS2036<\/li>\n<li>Peque\u00f1o<\/li>\n<li>Negro<\/li>\n<li>El plastico<\/li>\n<li>186 \u00d7 55 mm<\/li>\n<\/ul>","protected":false},"featured_media":6349,"comment_status":"open","ping_status":"closed","template":"","meta":{"_acf_changed":false},"product_brand":[],"product_cat":[108,123],"product_tag":[],"class_list":{"0":"post-6348","1":"product","2":"type-product","3":"status-publish","4":"has-post-thumbnail","6":"product_cat-handles","7":"product_cat-briefcase-handles","8":"pa_color-black","9":"pa_material-plastic","10":"pa_parts-no-fs-2036","11":"description-off","13":"first","14":"instock","15":"shipping-taxable","16":"product-type-simple"},"acf":[],"_links":{"self":[{"href":"https:\/\/fayshing.com\/es-es\/wp-json\/wp\/v2\/product\/6348","targetHints":{"allow":["GET"]}}],"collection":[{"href":"https:\/\/fayshing.com\/es-es\/wp-json\/wp\/v2\/product"}],"about":[{"href":"https:\/\/fayshing.com\/es-es\/wp-json\/wp\/v2\/types\/product"}],"replies":[{"embeddable":true,"href":"https:\/\/fayshing.com\/es-es\/wp-json\/wp\/v2\/comments?post=6348"}],"wp:featuredmedia":[{"embeddable":true,"href":"https:\/\/fayshing.com\/es-es\/wp-json\/wp\/v2\/media\/6349"}],"wp:attachment":[{"href":"https:\/\/fayshing.com\/es-es\/wp-json\/wp\/v2\/media?parent=6348"}],"wp:term":[{"taxonomy":"product_brand","embeddable":true,"href":"https:\/\/fayshing.com\/es-es\/wp-json\/wp\/v2\/product_brand?post=6348"},{"taxonomy":"product_cat","embeddable":true,"href":"https:\/\/fayshing.com\/es-es\/wp-json\/wp\/v2\/product_cat?post=6348"},{"taxonomy":"product_tag","embeddable":true,"href":"https:\/\/fayshing.com\/es-es\/wp-json\/wp\/v2\/product_tag?post=6348"}],"curies":[{"name":"wp","href":"https:\/\/api.w.org\/{rel}","templated":true}]}}